{"id":1438,"date":"2026-02-03T17:02:01","date_gmt":"2026-02-03T16:02:01","guid":{"rendered":"https:\/\/www.julienaschaintre.fr\/enoturismo\/"},"modified":"2026-04-21T09:03:46","modified_gmt":"2026-04-21T07:03:46","slug":"enoturismo","status":"publish","type":"page","link":"https:\/\/www.julienaschaintre.fr\/es\/enoturismo\/","title":{"rendered":"Enoturismo"},"content":{"rendered":"<div class=\"et_pb_section_0 et_pb_section et_section_regular et_flex_section\">\n<div class=\"et_pb_row_0 et_pb_row et_flex_row et_flex_column_24_24 preset--module--divi-row--default\">\n<div class=\"et_pb_column_0 et_pb_column et-last-child et_flex_column et_pb_css_mix_blend_mode_passthrough et_flex_column_24_24\">\n<div class=\"et_pb_text_0 et_pb_text et_pb_bg_layout_light et_pb_module et_flex_module preset--group--divi-text--divi-font-header--sw0fx4llhn preset--group--divi-text--divi-font-body--default\"><div class=\"et_pb_text_inner\"><h1>Enoturismo<\/h1>\n<\/div><\/div>\n<\/div>\n<\/div>\n<\/div>\n\n<div class=\"et_pb_section_1 et_pb_section et_section_regular et_flex_section\">\n<div class=\"et_pb_row_1 et_pb_row et_flex_row preset--module--divi-row--default\"><div class=\"et_pb_column_1 et_pb_column et_flex_column et_pb_css_mix_blend_mode_passthrough et_flex_column_8_24 et_flex_column_12_24_tablet et_flex_column_24_24_phone et_flex_column_12_24_tabletWide\">\n<div class=\"et_pb_image_0 et_pb_image et_pb_module et_flex_module\"><span class=\"et_pb_image_wrap\"><img loading=\"lazy\" decoding=\"async\" src=\"https:\/\/www.julienaschaintre.fr\/wp-content\/uploads\/Image-vin-dhonneur-au-chateau-du-bois-de-la-salle.jpg\" width=\"480\" height=\"320\" srcset=\"https:\/\/www.julienaschaintre.fr\/wp-content\/uploads\/Image-vin-dhonneur-au-chateau-du-bois-de-la-salle.jpg 480w, https:\/\/www.julienaschaintre.fr\/wp-content\/uploads\/Image-vin-dhonneur-au-chateau-du-bois-de-la-salle-300x200.jpg 300w\" sizes=\"(max-width: 480px) 100vw, 480px\" class=\"wp-image-832\" \/><\/span><\/div>\n\n<div class=\"et_pb_group_0 et_pb_group et-last-child et_pb_module et_flex_group et_pb_css_mix_blend_mode_passthrough\">\n<div class=\"et_pb_group_1 et_pb_group et-last-child et_pb_module et_flex_group et_pb_css_mix_blend_mode_passthrough\">\n<div class=\"et_pb_text_1 et_pb_text et_pb_bg_layout_light et_pb_module et_flex_module preset--group--divi-text--divi-font-header--q2xjruylwx preset--group--divi-text--divi-font-body--default\"><div class=\"et_pb_text_inner\"><h3>Vin d&#039;honneur en los terrenos del Ch\u00e2teau du Bois de la Salle en Juli\u00e9nas<\/h3>\n<\/div><\/div>\n\n<div class=\"et_pb_text_2 et_pb_text et_pb_bg_layout_light et_pb_module et_flex_module preset--group--divi-text--divi-font-body--default\"><div class=\"et_pb_text_inner\"><p>En nuestro parque, a la sombra de nuestros grandes \u00e1rboles, te damos la bienvenida para tus celebraciones y recepciones con toda sencillez. (seg\u00fan disponibilidad) <\/p>\n<\/div><\/div>\n\n<div class=\"et_pb_module et_pb_button_module_wrapper et_pb_button_0_wrapper preset--group--divi-button--divi-button--default_wrapper\"><a class=\"et_pb_button_0 et_pb_button et_pb_bg_layout_light et_pb_module et_flex_module preset--group--divi-button--divi-button--default\" href=\"mailto:contact@julienaschaintre.fr\">Cont\u00e1ctenos<\/a><\/div>\n<\/div>\n<\/div>\n<\/div><div class=\"et_pb_column_2 et_pb_column et_flex_column et_pb_css_mix_blend_mode_passthrough et_flex_column_8_24 et_flex_column_12_24_tablet et_flex_column_24_24_phone et_flex_column_12_24_tabletWide\">\n<div class=\"et_pb_image_1 et_pb_image et_pb_module et_flex_module\"><span class=\"et_pb_image_wrap\"><img loading=\"lazy\" decoding=\"async\" src=\"https:\/\/www.julienaschaintre.fr\/wp-content\/uploads\/Emplacement-Camping-Car-1024x627.jpg\" width=\"1024\" height=\"627\" srcset=\"https:\/\/www.julienaschaintre.fr\/wp-content\/uploads\/Emplacement-Camping-Car-1024x627.jpg 1024w, https:\/\/www.julienaschaintre.fr\/wp-content\/uploads\/Emplacement-Camping-Car-300x184.jpg 300w, https:\/\/www.julienaschaintre.fr\/wp-content\/uploads\/Emplacement-Camping-Car-768x471.jpg 768w, https:\/\/www.julienaschaintre.fr\/wp-content\/uploads\/Emplacement-Camping-Car-1536x941.jpg 1536w, https:\/\/www.julienaschaintre.fr\/wp-content\/uploads\/Emplacement-Camping-Car-2048x1255.jpg 2048w, https:\/\/www.julienaschaintre.fr\/wp-content\/uploads\/Emplacement-Camping-Car-1080x662.jpg 1080w, https:\/\/www.julienaschaintre.fr\/wp-content\/uploads\/Emplacement-Camping-Car-1280x785.jpg 1280w, https:\/\/www.julienaschaintre.fr\/wp-content\/uploads\/Emplacement-Camping-Car-980x601.jpg 980w, https:\/\/www.julienaschaintre.fr\/wp-content\/uploads\/Emplacement-Camping-Car-480x294.jpg 480w\" sizes=\"(max-width: 1024px) 100vw, 1024px\" class=\"wp-image-930\" \/><\/span><\/div>\n\n<div class=\"et_pb_group_2 et_pb_group et-last-child et_pb_module et_flex_group et_pb_css_mix_blend_mode_passthrough\">\n<div class=\"et_pb_group_3 et_pb_group et-last-child et_pb_module et_flex_group et_pb_css_mix_blend_mode_passthrough\">\n<div class=\"et_pb_text_3 et_pb_text et_pb_bg_layout_light et_pb_module et_flex_module preset--group--divi-text--divi-font-header--q2xjruylwx preset--group--divi-text--divi-font-body--default\"><div class=\"et_pb_text_inner\"><h3>Camping Car Home<\/h3>\n<\/div><\/div>\n\n<div class=\"et_pb_text_4 et_pb_text et_pb_bg_layout_light et_pb_module et_flex_module preset--group--divi-text--divi-font-body--default\"><div class=\"et_pb_text_inner\"><p>\u00bfUna parada en Beaujolais?<br \/>\nSituado en plena campi\u00f1a con vistas a los vi\u00f1edos, el Ch\u00e2teau du Bois de la Salle te ofrece dos parcelas con vistas al pueblo de Juli\u00e9nas.<\/p>\n<\/div><\/div>\n\n<div class=\"et_pb_module et_pb_button_module_wrapper et_pb_button_1_wrapper preset--group--divi-button--divi-button--default_wrapper\"><a class=\"et_pb_button_1 et_pb_button et_pb_bg_layout_light et_pb_module et_flex_module preset--group--divi-button--divi-button--default\" href=\"mailto:contact@julienaschaintre.fr\">Cont\u00e1ctenos<\/a><\/div>\n<\/div>\n<\/div>\n<\/div><div class=\"et_pb_column_3 et_pb_column et_flex_column et_pb_css_mix_blend_mode_passthrough et_flex_column_8_24 et_flex_column_12_24_tablet et_flex_column_24_24_phone et_flex_column_12_24_tabletWide\">\n<div class=\"et_pb_image_2 et_pb_image et_pb_module et_flex_module\"><span class=\"et_pb_image_wrap\"><img loading=\"lazy\" decoding=\"async\" src=\"https:\/\/www.julienaschaintre.fr\/wp-content\/uploads\/Moulinalor-819x1024.jpg\" width=\"819\" height=\"1024\" sizes=\"(min-width: 0px) and (max-width: 480px) 480px, (min-width: 481px) 819px, 100vw\" class=\"wp-image-717\" \/><\/span><\/div>\n\n<div class=\"et_pb_group_4 et_pb_group et-last-child et_pb_module et_flex_group et_pb_css_mix_blend_mode_passthrough\">\n<div class=\"et_pb_group_5 et_pb_group et-last-child et_pb_module et_flex_group et_pb_css_mix_blend_mode_passthrough\">\n<div class=\"et_pb_text_5 et_pb_text et_pb_bg_layout_light et_pb_module et_flex_module preset--group--divi-text--divi-font-header--q2xjruylwx preset--group--divi-text--divi-font-body--default\"><div class=\"et_pb_text_inner\"><h3>Privatizaci\u00f3n Wine Bar en Chaintr\u00e9 \u2013 S\u00f3lo empresas<\/h3>\n<\/div><\/div>\n\n<div class=\"et_pb_text_6 et_pb_text et_pb_bg_layout_light et_pb_module et_flex_module preset--group--divi-text--divi-font-body--default\"><div class=\"et_pb_text_inner\"><p>\u00bfUna reuni\u00f3n de un grupo peque\u00f1o, una fiesta de jubilaci\u00f3n o cualquier otro evento profesional?<br \/>\nLe Moulin \u00e0 l&#8217;Or, el bar de vinos, est\u00e1 disponible para recibir a tus equipos en un ambiente retro-bistr\u00f3. Cuando haga buen tiempo, aprovecha la hermosa y amplia terraza orientada al oeste y rodeada de vi\u00f1edos.<br \/>\n(s\u00f3lo lunes, martes y mi\u00e9rcoles)<\/p>\n<\/div><\/div>\n\n<div class=\"et_pb_module et_pb_button_module_wrapper et_pb_button_2_wrapper preset--group--divi-button--divi-button--default_wrapper\"><a class=\"et_pb_button_2 et_pb_button et_pb_bg_layout_light et_pb_module et_flex_module preset--group--divi-button--divi-button--default\" href=\"mailto:contact@julienaschaintre.fr\">Cont\u00e1ctenos<\/a><\/div>\n<\/div>\n<\/div>\n<\/div><div class=\"et_pb_column_4 et_pb_column et_flex_column et_pb_css_mix_blend_mode_passthrough et_flex_column_8_24 et_flex_column_12_24_tablet et_flex_column_24_24_phone et_flex_column_12_24_tabletWide\">\n<div class=\"et_pb_image_3 et_pb_image et_pb_module et_flex_module\"><span class=\"et_pb_image_wrap\"><img loading=\"lazy\" decoding=\"async\" src=\"https:\/\/www.julienaschaintre.fr\/wp-content\/uploads\/Campingcar-JulienasChaintre-e1772023722267.jpg\" width=\"599\" height=\"430\" srcset=\"https:\/\/www.julienaschaintre.fr\/wp-content\/uploads\/Campingcar-JulienasChaintre-e1772023722267.jpg 599w, https:\/\/www.julienaschaintre.fr\/wp-content\/uploads\/Campingcar-JulienasChaintre-e1772023722267-480x270.jpg 480w\" sizes=\"(min-width: 0px) and (max-width: 480px) 480px, (min-width: 481px) 599px, 100vw\" class=\"wp-image-718\" \/><\/span><\/div>\n\n<div class=\"et_pb_group_6 et_pb_group et-last-child et_pb_module et_flex_group et_pb_css_mix_blend_mode_passthrough\">\n<div class=\"et_pb_group_7 et_pb_group et-last-child et_pb_module et_flex_group et_pb_css_mix_blend_mode_passthrough\">\n<div class=\"et_pb_text_7 et_pb_text et_pb_bg_layout_light et_pb_module et_flex_module preset--group--divi-text--divi-font-header--q2xjruylwx preset--group--divi-text--divi-font-body--default\"><div class=\"et_pb_text_inner\"><h3>Sala de recepci\u00f3n y seminarios en Juli\u00e9nas : S\u00f3lo profesionales<\/h3>\n<\/div><\/div>\n\n<div class=\"et_pb_text_8 et_pb_text et_pb_bg_layout_light et_pb_module et_flex_module preset--group--divi-text--divi-font-body--default\"><div class=\"et_pb_text_inner\"><p>Disponemos de una sala de actos con terraza con capacidad para 80 personas. Disponemos de proyector de v\u00eddeo, acceso WIFI y todo lo necesario para tu seminario o reuni\u00f3n. Con la opci\u00f3n de terminar con una degustaci\u00f3n de nuestras excelentes denominaciones de origen.  <\/p>\n<\/div><\/div>\n\n<div class=\"et_pb_module et_pb_button_module_wrapper et_pb_button_3_wrapper preset--group--divi-button--divi-button--default_wrapper\"><a class=\"et_pb_button_3 et_pb_button et_pb_bg_layout_light et_pb_module et_flex_module preset--group--divi-button--divi-button--default\" href=\"mailto:contact@julienaschaintre.fr\">Cont\u00e1ctenos<\/a><\/div>\n<\/div>\n<\/div>\n<\/div><div class=\"et_pb_column_5 et_pb_column et_flex_column et_pb_css_mix_blend_mode_passthrough et_flex_column_8_24 et_flex_column_12_24_tablet et_flex_column_24_24_phone et_flex_column_12_24_tabletWide\">\n<div class=\"et_pb_image_4 et_pb_image et_pb_module et_flex_module\"><span class=\"et_pb_image_wrap\"><img loading=\"lazy\" decoding=\"async\" src=\"https:\/\/www.julienaschaintre.fr\/wp-content\/uploads\/Cavedechaintre.jpg\" width=\"808\" height=\"538\" srcset=\"https:\/\/www.julienaschaintre.fr\/wp-content\/uploads\/Cavedechaintre.jpg 808w, https:\/\/www.julienaschaintre.fr\/wp-content\/uploads\/Cavedechaintre-480x320.jpg 480w\" sizes=\"(min-width: 0px) and (max-width: 480px) 480px, (min-width: 481px) 808px, 100vw\" class=\"wp-image-720\" \/><\/span><\/div>\n\n<div class=\"et_pb_group_8 et_pb_group et-last-child et_pb_module et_flex_group et_pb_css_mix_blend_mode_passthrough\">\n<div class=\"et_pb_group_9 et_pb_group et-last-child et_pb_module et_flex_group et_pb_css_mix_blend_mode_passthrough\">\n<div class=\"et_pb_text_9 et_pb_text et_pb_bg_layout_light et_pb_module et_flex_module preset--group--divi-text--divi-font-header--q2xjruylwx preset--group--divi-text--divi-font-body--default\"><div class=\"et_pb_text_inner\"><h3>Degustaci\u00f3n para grupos en Chaintr\u00e9<\/h3>\n<\/div><\/div>\n\n<div class=\"et_pb_text_10 et_pb_text et_pb_bg_layout_light et_pb_module et_flex_module preset--group--divi-text--divi-font-body--default\"><div class=\"et_pb_text_inner\"><p>Si se encuentra de paso por la regi\u00f3n de M\u00e2con, podemos recibir hasta 20 personas en nuestro espacio de degustaci\u00f3n y venta de Chaintr\u00e9 para compartir un agradable momento de cata. (Se recomienda reservar) <\/p>\n<\/div><\/div>\n\n<div class=\"et_pb_module et_pb_button_module_wrapper et_pb_button_4_wrapper preset--group--divi-button--divi-button--default_wrapper\"><a class=\"et_pb_button_4 et_pb_button et_pb_bg_layout_light et_pb_module et_flex_module preset--group--divi-button--divi-button--default\" href=\"mailto:contact@julienaschaintre.fr\">Cont\u00e1ctenos<\/a><\/div>\n<\/div>\n<\/div>\n<\/div><div class=\"et_pb_column_6 et_pb_column et-last-child et_flex_column et_pb_css_mix_blend_mode_passthrough et_flex_column_8_24 et_flex_column_12_24_tablet et_flex_column_24_24_phone et_flex_column_12_24_tabletWide\">\n<div class=\"et_pb_image_5 et_pb_image et_pb_module et_flex_module\"><span class=\"et_pb_image_wrap\"><img loading=\"lazy\" decoding=\"async\" src=\"https:\/\/www.julienaschaintre.fr\/wp-content\/uploads\/Capture-decran-2026-02-25-a-13.45.06.png\" width=\"794\" height=\"523\" srcset=\"https:\/\/www.julienaschaintre.fr\/wp-content\/uploads\/Capture-decran-2026-02-25-a-13.45.06.png 794w, https:\/\/www.julienaschaintre.fr\/wp-content\/uploads\/Capture-decran-2026-02-25-a-13.45.06-480x316.png 480w\" sizes=\"(min-width: 0px) and (max-width: 480px) 480px, (min-width: 481px) 794px, 100vw\" class=\"wp-image-719\" \/><\/span><\/div>\n\n<div class=\"et_pb_group_10 et_pb_group et-last-child et_pb_module et_flex_group et_pb_css_mix_blend_mode_passthrough\">\n<div class=\"et_pb_group_11 et_pb_group et-last-child et_pb_module et_flex_group et_pb_css_mix_blend_mode_passthrough\">\n<div class=\"et_pb_text_11 et_pb_text et_pb_bg_layout_light et_pb_module et_flex_module preset--group--divi-text--divi-font-header--q2xjruylwx preset--group--divi-text--divi-font-body--default\"><div class=\"et_pb_text_inner\"><h3>Visita y degustaci\u00f3n de grupo en Juli\u00e9nas<\/h3>\n<\/div><\/div>\n\n<div class=\"et_pb_text_12 et_pb_text et_pb_bg_layout_light et_pb_module et_flex_module preset--group--divi-text--divi-font-body--default\"><div class=\"et_pb_text_inner\"><p>Descubra los secretos de nuestra bodega, su funcionamiento, su historia. Venga a conocer a las personas que la hacen vivir y que estar\u00e1n encantadas de compartir su experiencia con usted. (M\u00ednimo 12 personas, \u00fanicamente con reserva)  <\/p>\n<\/div><\/div>\n\n<div class=\"et_pb_module et_pb_button_module_wrapper et_pb_button_5_wrapper preset--group--divi-button--divi-button--default_wrapper\"><a class=\"et_pb_button_5 et_pb_button et_pb_bg_layout_light et_pb_module et_flex_module preset--group--divi-button--divi-button--default\" href=\"mailto:contact@julienaschaintre.fr\">Cont\u00e1ctenos<\/a><\/div>\n<\/div>\n<\/div>\n<\/div><\/div>\n\n<div class=\"et_pb_row_2 et_pb_row et_flex_row preset--module--divi-row--default\">\n<div class=\"et_pb_column_7 et_pb_column et-last-child et_flex_column et_pb_css_mix_blend_mode_passthrough et_flex_column_24_24\">\n<div class=\"et_pb_post_nav_0 et_pb_posts_nav nav-single et_pb_module et_flex_module\"><\/div>\n<\/div>\n<\/div>\n<\/div>","protected":false},"excerpt":{"rendered":"","protected":false},"author":2,"featured_media":0,"parent":0,"menu_order":0,"comment_status":"closed","ping_status":"closed","template":"","meta":{"_acf_changed":false,"footnotes":""},"class_list":["post-1438","page","type-page","status-publish","hentry"],"acf":[],"dsm_author":{"name":"Album","avatar_url":"https:\/\/secure.gravatar.com\/avatar\/2ddc88b121b8ef6eb1e6dc96b245dcf6cb7ab5542fc8b541f8b175ede5581b42?s=96&d=mm&r=g","archive_link":"https:\/\/www.julienaschaintre.fr\/es\/author\/9tpkrkhw\/","biodata":""},"dsm_categories":[],"dsm_attachment_categories":[],"dsm_featured_image":null,"yoast_head":"<!-- This site is optimized with the Yoast SEO plugin v27.1.1 - https:\/\/yoast.com\/product\/yoast-seo-wordpress\/ -->\n<title>Juli\u00e9nas Chaintr\u00e9 Vignerons Associ\u00e9s &#8226; Enoturismo<\/title>\n<meta name=\"description\" content=\"\u00c1rea de autocaravanas, visitas de grupo, bar de vinos, seminarios... los viticultores de Juli\u00e9nas Chaintr\u00e9 les dan la bienvenida entre Borgo\u00f1a y Beaujolais.\" \/>\n<meta name=\"robots\" content=\"index, follow, max-snippet:-1, max-image-preview:large, max-video-preview:-1\" \/>\n<link rel=\"canonical\" href=\"https:\/\/www.julienaschaintre.fr\/es\/enoturismo\/\" \/>\n<meta property=\"og:locale\" content=\"es_ES\" \/>\n<meta property=\"og:type\" content=\"article\" \/>\n<meta property=\"og:title\" content=\"Juli\u00e9nas Chaintr\u00e9 Vignerons Associ\u00e9s &#8226; Enoturismo\" \/>\n<meta property=\"og:description\" content=\"\u00c1rea de autocaravanas, visitas de grupo, bar de vinos, seminarios... los viticultores de Juli\u00e9nas Chaintr\u00e9 les dan la bienvenida entre Borgo\u00f1a y Beaujolais.\" \/>\n<meta property=\"og:url\" content=\"https:\/\/www.julienaschaintre.fr\/es\/enoturismo\/\" \/>\n<meta property=\"og:site_name\" content=\"Juli\u00e9nas Chaintr\u00e9 Vignerons Associ\u00e9s\" \/>\n<meta property=\"article:publisher\" content=\"https:\/\/www.facebook.com\/julienaschaintrevigneronsassocies\" \/>\n<meta property=\"article:modified_time\" content=\"2026-04-21T07:03:46+00:00\" \/>\n<meta name=\"twitter:card\" content=\"summary_large_image\" \/>\n<script type=\"application\/ld+json\" class=\"yoast-schema-graph\">{\"@context\":\"https:\/\/schema.org\",\"@graph\":[{\"@type\":\"WebPage\",\"@id\":\"https:\/\/www.julienaschaintre.fr\/es\/enoturismo\/\",\"url\":\"https:\/\/www.julienaschaintre.fr\/es\/enoturismo\/\",\"name\":\"Juli\u00e9nas Chaintr\u00e9 Vignerons Associ\u00e9s &#8226; Enoturismo\",\"isPartOf\":{\"@id\":\"https:\/\/www.julienaschaintre.fr\/es\/#website\"},\"datePublished\":\"2026-02-03T16:02:01+00:00\",\"dateModified\":\"2026-04-21T07:03:46+00:00\",\"description\":\"\u00c1rea de autocaravanas, visitas de grupo, bar de vinos, seminarios... los viticultores de Juli\u00e9nas Chaintr\u00e9 les dan la bienvenida entre Borgo\u00f1a y Beaujolais.\",\"breadcrumb\":{\"@id\":\"https:\/\/www.julienaschaintre.fr\/es\/enoturismo\/#breadcrumb\"},\"inLanguage\":\"es\",\"potentialAction\":[{\"@type\":\"ReadAction\",\"target\":[\"https:\/\/www.julienaschaintre.fr\/es\/enoturismo\/\"]}]},{\"@type\":\"BreadcrumbList\",\"@id\":\"https:\/\/www.julienaschaintre.fr\/es\/enoturismo\/#breadcrumb\",\"itemListElement\":[{\"@type\":\"ListItem\",\"position\":1,\"name\":\"Home\",\"item\":\"https:\/\/www.julienaschaintre.fr\/es\/\"},{\"@type\":\"ListItem\",\"position\":2,\"name\":\"Enoturismo\"}]},{\"@type\":\"WebSite\",\"@id\":\"https:\/\/www.julienaschaintre.fr\/es\/#website\",\"url\":\"https:\/\/www.julienaschaintre.fr\/es\/\",\"name\":\"Juli\u00e9nas Chaintr\u00e9 Vignerons Associ\u00e9s\",\"description\":\"\",\"alternateName\":\"Cave de Juli\u00e9nas Chaintr\u00e9\",\"potentialAction\":[{\"@type\":\"SearchAction\",\"target\":{\"@type\":\"EntryPoint\",\"urlTemplate\":\"https:\/\/www.julienaschaintre.fr\/es\/?s={search_term_string}\"},\"query-input\":{\"@type\":\"PropertyValueSpecification\",\"valueRequired\":true,\"valueName\":\"search_term_string\"}}],\"inLanguage\":\"es\"}]}<\/script>\n<!-- \/ Yoast SEO plugin. -->","yoast_head_json":{"title":"Juli\u00e9nas Chaintr\u00e9 Vignerons Associ\u00e9s &#8226; Enoturismo","description":"\u00c1rea de autocaravanas, visitas de grupo, bar de vinos, seminarios... los viticultores de Juli\u00e9nas Chaintr\u00e9 les dan la bienvenida entre Borgo\u00f1a y Beaujolais.","robots":{"index":"index","follow":"follow","max-snippet":"max-snippet:-1","max-image-preview":"max-image-preview:large","max-video-preview":"max-video-preview:-1"},"canonical":"https:\/\/www.julienaschaintre.fr\/es\/enoturismo\/","og_locale":"es_ES","og_type":"article","og_title":"Juli\u00e9nas Chaintr\u00e9 Vignerons Associ\u00e9s &#8226; Enoturismo","og_description":"\u00c1rea de autocaravanas, visitas de grupo, bar de vinos, seminarios... los viticultores de Juli\u00e9nas Chaintr\u00e9 les dan la bienvenida entre Borgo\u00f1a y Beaujolais.","og_url":"https:\/\/www.julienaschaintre.fr\/es\/enoturismo\/","og_site_name":"Juli\u00e9nas Chaintr\u00e9 Vignerons Associ\u00e9s","article_publisher":"https:\/\/www.facebook.com\/julienaschaintrevigneronsassocies","article_modified_time":"2026-04-21T07:03:46+00:00","twitter_card":"summary_large_image","schema":{"@context":"https:\/\/schema.org","@graph":[{"@type":"WebPage","@id":"https:\/\/www.julienaschaintre.fr\/es\/enoturismo\/","url":"https:\/\/www.julienaschaintre.fr\/es\/enoturismo\/","name":"Juli\u00e9nas Chaintr\u00e9 Vignerons Associ\u00e9s &#8226; Enoturismo","isPartOf":{"@id":"https:\/\/www.julienaschaintre.fr\/es\/#website"},"datePublished":"2026-02-03T16:02:01+00:00","dateModified":"2026-04-21T07:03:46+00:00","description":"\u00c1rea de autocaravanas, visitas de grupo, bar de vinos, seminarios... los viticultores de Juli\u00e9nas Chaintr\u00e9 les dan la bienvenida entre Borgo\u00f1a y Beaujolais.","breadcrumb":{"@id":"https:\/\/www.julienaschaintre.fr\/es\/enoturismo\/#breadcrumb"},"inLanguage":"es","potentialAction":[{"@type":"ReadAction","target":["https:\/\/www.julienaschaintre.fr\/es\/enoturismo\/"]}]},{"@type":"BreadcrumbList","@id":"https:\/\/www.julienaschaintre.fr\/es\/enoturismo\/#breadcrumb","itemListElement":[{"@type":"ListItem","position":1,"name":"Home","item":"https:\/\/www.julienaschaintre.fr\/es\/"},{"@type":"ListItem","position":2,"name":"Enoturismo"}]},{"@type":"WebSite","@id":"https:\/\/www.julienaschaintre.fr\/es\/#website","url":"https:\/\/www.julienaschaintre.fr\/es\/","name":"Juli\u00e9nas Chaintr\u00e9 Vignerons Associ\u00e9s","description":"","alternateName":"Cave de Juli\u00e9nas Chaintr\u00e9","potentialAction":[{"@type":"SearchAction","target":{"@type":"EntryPoint","urlTemplate":"https:\/\/www.julienaschaintre.fr\/es\/?s={search_term_string}"},"query-input":{"@type":"PropertyValueSpecification","valueRequired":true,"valueName":"search_term_string"}}],"inLanguage":"es"}]}},"_links":{"self":[{"href":"https:\/\/www.julienaschaintre.fr\/es\/wp-json\/wp\/v2\/pages\/1438","targetHints":{"allow":["GET"]}}],"collection":[{"href":"https:\/\/www.julienaschaintre.fr\/es\/wp-json\/wp\/v2\/pages"}],"about":[{"href":"https:\/\/www.julienaschaintre.fr\/es\/wp-json\/wp\/v2\/types\/page"}],"author":[{"embeddable":true,"href":"https:\/\/www.julienaschaintre.fr\/es\/wp-json\/wp\/v2\/users\/2"}],"replies":[{"embeddable":true,"href":"https:\/\/www.julienaschaintre.fr\/es\/wp-json\/wp\/v2\/comments?post=1438"}],"version-history":[{"count":10,"href":"https:\/\/www.julienaschaintre.fr\/es\/wp-json\/wp\/v2\/pages\/1438\/revisions"}],"predecessor-version":[{"id":2178,"href":"https:\/\/www.julienaschaintre.fr\/es\/wp-json\/wp\/v2\/pages\/1438\/revisions\/2178"}],"wp:attachment":[{"href":"https:\/\/www.julienaschaintre.fr\/es\/wp-json\/wp\/v2\/media?parent=1438"}],"curies":[{"name":"wp","href":"https:\/\/api.w.org\/{rel}","templated":true}]}}