{"id":1258,"date":"2025-10-30T15:33:54","date_gmt":"2025-10-30T14:33:54","guid":{"rendered":"https:\/\/www.julienaschaintre.fr\/nuestras-magnificas-denominaciones\/"},"modified":"2026-04-21T10:12:04","modified_gmt":"2026-04-21T08:12:04","slug":"nuestras-magnificas-denominaciones","status":"publish","type":"page","link":"https:\/\/www.julienaschaintre.fr\/es\/nuestras-magnificas-denominaciones\/","title":{"rendered":"Nuestras magn\u00edficas denominaciones"},"content":{"rendered":"<div class=\"et_pb_section_0 et_pb_section et_section_regular et_flex_section\">\n<div class=\"et_pb_row_0 et_pb_row et_flex_row et_flex_column_24_24 preset--module--divi-row--default\">\n<div class=\"et_pb_column_0 et_pb_column et_flex_column et_pb_css_mix_blend_mode_passthrough et_flex_column_11_24 et_flex_column_3_5_tablet et_flex_column_24_24_phone et_flex_column_3_5_tabletWide\">\n<div class=\"et_pb_text_0 et_pb_text et_pb_bg_layout_light et_pb_module et_flex_module preset--group--divi-text--divi-font-header--sw0fx4llhn preset--group--divi-text--divi-font-body--default\"><div class=\"et_pb_text_inner\"><h1>Nuestras magn\u00edficas denominaciones<\/h1>\n<\/div><\/div>\n\n<div class=\"et_pb_text_1 et_pb_text et_pb_bg_layout_light et_pb_module et_flex_module preset--group--divi-text--divi-font-body--default\"><div class=\"et_pb_text_inner\"><p>En la encrucijada de dos grandes regiones vin\u00edcolas, nuestra bodega re\u00fane a viticultores comprometidos, apegados a sus territorios y a su saber hacer. Esta situaci\u00f3n privilegiada nos permite ofrecer una gama completa del M\u00e2connais y Beaujolais.<br \/>\nUna diversidad de denominaciones que deleitar\u00e1n sus paladares, ya se trate de vinos frescos y afrutados, de terru\u00f1os y climas que expresan plenamente la diversidad de los suelos, o de cuv\u00e9es premium que hemos \u00abmimado\u00bb con varios meses de crianza sobre l\u00edas o en barricas. <\/p>\n<p>\u00a0<\/p>\n<\/div><\/div>\n<\/div>\n\n<div class=\"et_pb_column_1 et_pb_column et-last-child et_flex_column et_pb_css_mix_blend_mode_passthrough et_flex_column_13_24 et_flex_column_2_5_tablet et_flex_column_24_24_phone et_flex_column_2_5_tabletWide\">\n<div class=\"et_pb_image_0 et_pb_image et_flex_column_24_24 et_pb_module et_flex_module\"><span class=\"et_pb_image_wrap\"><img loading=\"lazy\" decoding=\"async\" src=\"https:\/\/www.julienaschaintre.fr\/wp-content\/uploads\/Vendanges-blanc-scaled.jpg\" width=\"2560\" height=\"1707\" srcset=\"https:\/\/www.julienaschaintre.fr\/wp-content\/uploads\/Vendanges-blanc-scaled.jpg 2560w, https:\/\/www.julienaschaintre.fr\/wp-content\/uploads\/Vendanges-blanc-1280x854.jpg 1280w, https:\/\/www.julienaschaintre.fr\/wp-content\/uploads\/Vendanges-blanc-980x653.jpg 980w, https:\/\/www.julienaschaintre.fr\/wp-content\/uploads\/Vendanges-blanc-480x320.jpg 480w\" sizes=\"(min-width: 0px) and (max-width: 480px) 480px, (min-width: 481px) and (max-width: 980px) 980px, (min-width: 981px) and (max-width: 1280px) 1280px, (min-width: 1281px) 2560px, 100vw\" class=\"wp-image-1032\" \/><\/span><\/div>\n<\/div>\n<\/div>\n<\/div>\n\n<div class=\"et_pb_section_1 et_pb_section et_section_regular et_flex_section\">\n<div class=\"et_pb_row_1 et_pb_row et_flex_row preset--module--divi-row--default\">\n<div class=\"et_pb_column_2 et_pb_column et-last-child et_flex_column et_pb_css_mix_blend_mode_passthrough et_flex_column_24_24\">\n<div class=\"et_pb_code_0 et_pb_code et_pb_module\"><div class=\"et_pb_code_inner\"><div class=\"gammes-wrapper\"><div class=\"gammes-intro\"><h2><\/h2><a href=\"\" class=\"btn-boutique gammes\"> Tienda en l\u00ednea<\/a><\/div><div class=\"gamme-wrapper\"><div class=\"gamme-item active\" data-gamme=\"Los aut\u00e9nticos\"><img decoding=\"async\" class=\"gamme-image\" src=\"https:\/\/www.julienaschaintre.fr\/wp-content\/uploads\/Authentiques-hd-1-1-scaled-e1772115247288.png\" alt=\"image gamme Aut\u00e9ntico\"><div class=\"gamme-infos\" ><h3><span class=\"sup-text-gamme\">gamme<\/span> Aut\u00e9ntico<\/h3><p class=\"p1\">La gama hist\u00f3rica de nuestra bodega: vinos honestos, sinceros y generosos. Aqu\u00ed, la fruta es la palabra clave de la vinificaci\u00f3n: una elecci\u00f3n consciente para dar plena expresi\u00f3n a la precisi\u00f3n y el respeto por el car\u00e1cter natural del Chardonnay y el Gamay. <\/p>\n<\/div><\/div><div class=\"gamme-item \" data-gamme=\"Los Climats y Terroirs\"><img decoding=\"async\" class=\"gamme-image\" src=\"https:\/\/www.julienaschaintre.fr\/wp-content\/uploads\/Gamme-climats-terroirs-HD-1-scaled-e1772119971657.png\" alt=\"image gamme Climas y terru\u00f1os\"><div class=\"gamme-infos\" ><h3><span class=\"sup-text-gamme\">gamme<\/span> Climas y terru\u00f1os<\/h3><p class=\"p1\">Cada cuv\u00e9e cuenta la historia de una parcela, una exposici\u00f3n y una historia concretas. Son vinos con car\u00e1cter, que revelan con delicadeza la riqueza y diversidad de nuestros suelos de Borgo\u00f1a y Beaujolais. <\/p>\n<\/div><\/div><div class=\"gamme-item \" data-gamme=\"Los emblem\u00e1ticos\"><img decoding=\"async\" class=\"gamme-image\" src=\"https:\/\/www.julienaschaintre.fr\/wp-content\/uploads\/Gamme-Emblematiques-HD-scaled-e1772118790762.png\" alt=\"image gamme Emblem\u00e1tico\"><div class=\"gamme-infos\" ><h3><span class=\"sup-text-gamme\">gamme<\/span> Emblem\u00e1tico<\/h3><p class=\"p1\">Elaborados a partir de parcelas excepcionales, son vinos elegantes y potentes que han sido cuidadosamente elaborados y madurados para convertirse en los vinos de autor de nuestra bodega.<\/p>\n<\/div><\/div><div class=\"gamme-item \" data-gamme=\"Terre d\u2019Eden BIO\"><img decoding=\"async\" class=\"gamme-image\" src=\"https:\/\/www.julienaschaintre.fr\/wp-content\/uploads\/gamme-bIO-HD-scaled-e1772120008805.png\" alt=\"image gamme Terre d\u2019Eden BIO\"><div class=\"gamme-infos\" ><h3><span class=\"sup-text-gamme\">gamme<\/span> Terre d\u2019Eden BIO<\/h3><p class=\"p1\"><span class=\"s1\">Producidos a partir de vides cultivadas con respeto a la naturaleza, nuestros vinos ecol\u00f3gicos reflejan el equilibrio entre el terru\u00f1o y el medio ambiente.  <\/span><\/p>\n<\/div><\/div><div class=\"gamme-item \" data-gamme=\"Los espumosos y los dulces\"><img decoding=\"async\" class=\"gamme-image\" src=\"https:\/\/www.julienaschaintre.fr\/wp-content\/uploads\/effervescents-HD-scaled-e1772119876375.png\" alt=\"image gamme Espumoso y dulce\"><div class=\"gamme-infos\" ><h3><span class=\"sup-text-gamme\">gamme<\/span> Espumoso y dulce<\/h3><p class=\"p1\"><span class=\"s1\">\u00a1Burbujas finas y elegantes para celebrar la convivencia! Nuestros vinos espumosos son una invitaci\u00f3n a compartir los momentos alegres de la vida. <\/span><\/p>\n<\/div><\/div><\/div><\/div><div class=\"gammes-links\"><button class=\"active\"  data-trigger=\"Los aut\u00e9nticos\">Los aut\u00e9nticos<\/button><button  data-trigger=\"Los Climats y Terroirs\">Los Climats y Terroirs<\/button><button  data-trigger=\"Los emblem\u00e1ticos\">Los emblem\u00e1ticos<\/button><button  data-trigger=\"Terre d\u2019Eden BIO\">Terre d\u2019Eden BIO<\/button><button  data-trigger=\"Los espumosos y los dulces\">Los espumosos y los dulces<\/button><\/div><\/div><\/div>\n<\/div>\n<\/div>\n<\/div>\n\n<div class=\"et_pb_section_2 et_pb_section et_section_regular et_flex_section\">\n<div class=\"et_pb_row_2 et_pb_row et_flex_row preset--module--divi-row--default\">\n<div class=\"et_pb_column_3 et_pb_column et_flex_column et_pb_css_mix_blend_mode_passthrough et_flex_column_24_24\">\n<div class=\"et_pb_text_2 et_pb_text et_pb_bg_layout_light et_pb_module et_flex_module preset--group--divi-text--divi-font-header--546itz4fae preset--group--divi-text--divi-font-body--default\"><div class=\"et_pb_text_inner\"><h2>Beaujolais<\/h2>\n<\/div><\/div>\n\n<div class=\"et_pb_text_3 et_pb_text et_pb_bg_layout_light et_pb_module et_flex_module preset--group--divi-text--divi-font-header--546itz4fae preset--group--divi-text--divi-font-body--default\"><div class=\"et_pb_text_inner\" data-et-multi-view-load-phone-hidden=\"true\"><p>La uva Gamay crece en condiciones ideales en laderas con una notable diversidad de suelos (granito, esquisto, piedra azul, etc.), a menudo empinados y bien expuestos al sol. El clima templado y la naturaleza de los suelos confieren a los tintos su viveza, profundidad y riqueza arom\u00e1tica \u00fanicas. <\/p>\n<h3>Las denominaciones<\/h3>\n<ul>\n<li>Juli\u00e9nas<\/li>\n<li>Saint-Amour<\/li>\n<li>Ch\u00e9nas<\/li>\n<li>Moulin-\u00e0-Vent<\/li>\n<li>Fleurie<\/li>\n<li>Chiroubles<\/li>\n<li>Morgon<\/li>\n<li>Brouilly<\/li>\n<li>Beaujolais-Villages<\/li>\n<li>Beaujolais-Villages blanco<\/li>\n<\/ul>\n<\/div><\/div>\n\n<div class=\"et_pb_module et_pb_button_module_wrapper et_pb_button_0_wrapper preset--group--divi-button--divi-button--smeenojnxi_wrapper\"><a class=\"et_pb_button_0 et_pb_button et_pb_bg_layout_light et_pb_module et_flex_module preset--group--divi-button--divi-button--smeenojnxi\" href=\"\">Tienda online<\/a><\/div>\n<\/div>\n\n<div class=\"et_pb_column_4 et_pb_column et-last-child et_flex_column et_pb_css_mix_blend_mode_passthrough et_flex_column_24_24\">\n<div class=\"et_pb_text_4 et_pb_text et_pb_bg_layout_light et_pb_module et_flex_module preset--group--divi-text--divi-font-header--546itz4fae preset--group--divi-text--divi-font-body--default\"><div class=\"et_pb_text_inner\"><h2>Borgo\u00f1a \/ Mac\u00f4nnais<\/h2>\n<\/div><\/div>\n\n<div class=\"et_pb_text_5 et_pb_text et_pb_bg_layout_light et_pb_module et_flex_module preset--group--divi-text--divi-font-header--546itz4fae preset--group--divi-text--divi-font-body--default\"><div class=\"et_pb_text_inner\" data-et-multi-view-load-phone-hidden=\"true\"><p>Al sur de Borgo\u00f1a, el M\u00e2connais es famoso por sus vinos blancos de Chardonnay, la variedad emblem\u00e1tica de la regi\u00f3n. Gracias a la diversidad de microclimas, revela una tipicidad notable, con blancos que combinan elegancia, finura y notas de frutas blancas. <\/p>\n<h3>Las denominaciones<\/h3>\n<ul>\n<li>Pouilly-Fuiss\u00e9 1er Cru<\/li>\n<li>Pouilly-Fuiss\u00e9<\/li>\n<li>M\u00e2con-Chaintr\u00e9<\/li>\n<li>M\u00e2con-Fuiss\u00e9<\/li>\n<li>Saint-V\u00e9ran<\/li>\n<li>Pouilly-Vinzelles<\/li>\n<li>Bourgogne Chardonnay<\/li>\n<li>Cr\u00e9mant de Bourgogne<\/li>\n<\/ul>\n<\/div><\/div>\n\n<div class=\"et_pb_module et_pb_button_module_wrapper et_pb_button_1_wrapper preset--group--divi-button--divi-button--smeenojnxi_wrapper\"><a class=\"et_pb_button_1 et_pb_button et_pb_bg_layout_light et_pb_module et_flex_module preset--group--divi-button--divi-button--smeenojnxi\" href=\"\">Tienda online<\/a><\/div>\n<\/div>\n<\/div>\n<\/div>\n\n<div class=\"et_pb_section_3 et_pb_section et_section_regular et_flex_section\">\n<div class=\"et_pb_row_3 et_pb_row et_flex_row preset--module--divi-row--default\">\n<div class=\"et_pb_column_5 et_pb_column et-last-child et_flex_column et_pb_css_mix_blend_mode_passthrough et_flex_column_24_24\">\n<div class=\"et_pb_image_1 et_pb_image et_pb_module et_flex_module\"><span class=\"et_pb_image_wrap\"><img loading=\"lazy\" decoding=\"async\" src=\"https:\/\/julienaschaintre.fr\/wp-content\/uploads\/image-section-2.svg\" alt=\"image-section-2\" width=\"319\" height=\"1099\" class=\"wp-image-244\" \/><\/span><\/div>\n<\/div>\n<\/div>\n\n<div class=\"et_pb_row_4 et_pb_row et_flex_row preset--module--divi-row--default\">\n<div class=\"et_pb_column_6 et_pb_column et-last-child et_flex_column et_pb_css_mix_blend_mode_passthrough et_flex_column_24_24\">\n<div class=\"et_pb_code_1 et_pb_code et_pb_module\"><div class=\"et_pb_code_inner\"><p class=\"swiper-error\">Aucune image trouv\u00e9e dans le carrousel.<\/p><\/div><\/div>\n<\/div>\n<\/div>\n<\/div>\n\n<div class=\"et_pb_section_4 et_pb_section et_section_regular et_flex_section\">\n<div class=\"et_pb_row_5 et_pb_row et_flex_row preset--module--divi-row--default\">\n<div class=\"et_pb_column_7 et_pb_column et-last-child et_flex_column et_pb_css_mix_blend_mode_passthrough et_flex_column_24_24\">\n<div class=\"et_pb_group_0 et_pb_group et_pb_module et_flex_group et_pb_css_mix_blend_mode_passthrough\">\n<div class=\"et_pb_text_6 et_pb_text et_pb_bg_layout_light et_pb_module et_flex_module preset--group--divi-text--divi-font-header--jhpz8g7ut0 preset--group--divi-text--divi-font-body--default\"><div class=\"et_pb_text_inner\"><h2 class=\"deco-left\">Nuestro enfoque de la calidad<\/h2>\n<\/div><\/div>\n\n<div class=\"et_pb_text_7 et_pb_text et_pb_bg_layout_light et_pb_module et_flex_module preset--group--divi-text--divi-font-header--jhpz8g7ut0 preset--group--divi-text--divi-font-body--default\"><div class=\"et_pb_text_inner\"><p>Nuestra bodega cooperativa fue una de las primeras en trabajar con un t\u00e9cnico vit\u00edcola, afirmando as\u00ed su voluntad de apoyar a nuestros viticultores con seriedad y pericia. Hoy, Caroline Le Roux, t\u00e9cnica reconocida, apoya a nuestros cooperativistas en todos los aspectos de la gesti\u00f3n del vi\u00f1edo. Su compromiso se refleja en su presencia constante sobre el terreno, donde dirige grupos de trabajo y organiza cursos de formaci\u00f3n y reuniones t\u00e9cnicas. Ella cre\u00f3 la estructura colectiva de nuestra bodega para obtener la etiqueta de Alto Valor Medioambiental (HVE).   <\/p>\n<p>\u00a0<\/p>\n<\/div><\/div>\n<\/div>\n\n<div class=\"et_pb_group_1 et_pb_group et-last-child et_pb_module et_flex_group et_pb_css_mix_blend_mode_passthrough\">\n<div class=\"et_pb_group_2 et_pb_group et_pb_module et_pb_css_mix_blend_mode_passthrough\">\n<div class=\"et_pb_text_8 et_pb_text et_pb_bg_layout_light et_pb_module et_flex_module preset--group--divi-text--divi-font-header--vwb9gayrqf preset--group--divi-text--divi-font-body--default\"><div class=\"et_pb_text_inner\"><h3>Respeto a la vid<\/h3>\n<\/div><\/div>\n\n<div class=\"et_pb_divider_0 et_pb_divider et_pb_space et_pb_divider_position_top et_pb_module\"><div class=\"et_pb_divider_internal\"><\/div><\/div>\n\n<div class=\"et_pb_text_9 et_pb_text et_pb_bg_layout_light et_pb_module et_flex_module preset--group--divi-text--divi-font-header--vwb9gayrqf preset--group--divi-text--divi-font-body--default\"><div class=\"et_pb_text_inner\"><p>Preocupados por preservar la naturaleza y la biodiversidad, los viticultores favorecen un enfoque razonado de la gesti\u00f3n de plagas e intervienen con moderaci\u00f3n en los vi\u00f1edos, en funci\u00f3n de la presi\u00f3n clim\u00e1tica. Caroline Le Roux, nuestra t\u00e9cnica de vi\u00f1edos, est\u00e1 comprometida con la viticultura sostenible; les acompa\u00f1a y apoya en sus pr\u00e1cticas y en una gesti\u00f3n adaptada. <\/p>\n<p>\u00a0<\/p>\n<\/div><\/div>\n<\/div>\n\n<div class=\"et_pb_group_3 et_pb_group et_pb_module et_pb_css_mix_blend_mode_passthrough\">\n<div class=\"et_pb_text_10 et_pb_text et_pb_bg_layout_light et_pb_module et_flex_module preset--group--divi-text--divi-font-header--vwb9gayrqf preset--group--divi-text--divi-font-body--default\"><div class=\"et_pb_text_inner\"><h3>Control en el s\u00f3tano<\/h3>\n<\/div><\/div>\n\n<div class=\"et_pb_divider_1 et_pb_divider et_pb_space et_pb_divider_position_top et_pb_module\"><div class=\"et_pb_divider_internal\"><\/div><\/div>\n\n<div class=\"et_pb_text_11 et_pb_text et_pb_bg_layout_light et_pb_module et_flex_module preset--group--divi-text--divi-font-header--vwb9gayrqf preset--group--divi-text--divi-font-body--default\"><div class=\"et_pb_text_inner\"><p>Revelar el fruto de nuestras dos variedades de uva y resaltar sus or\u00edgenes son las consignas de nuestra bodega, que a menudo se describe como una \u00abpeque\u00f1a finca\u00bb en su funcionamiento. Desde hace casi 10 a\u00f1os, vinificamos nuestros vinos tintos sin a\u00f1adir sulfitos en el encubado y protegemos al m\u00e1ximo nuestros vinos blancos con la \u00abBioprotecci\u00f3n\u00bb. Los insumos se reducen al m\u00ednimo para conseguir una expresi\u00f3n arom\u00e1tica \u00f3ptima.  <\/p>\n<p>\u00a0<\/p>\n<\/div><\/div>\n<\/div>\n\n<div class=\"et_pb_group_4 et_pb_group et-last-child et_pb_module et_pb_css_mix_blend_mode_passthrough\">\n<div class=\"et_pb_text_12 et_pb_text et_pb_bg_layout_light et_pb_module et_flex_module preset--group--divi-text--divi-font-header--vwb9gayrqf preset--group--divi-text--divi-font-body--default\"><div class=\"et_pb_text_inner\"><h3>Transmisi\u00f3n<\/h3>\n<\/div><\/div>\n\n<div class=\"et_pb_divider_2 et_pb_divider et_pb_space et_pb_divider_position_top et_pb_module\"><div class=\"et_pb_divider_internal\"><\/div><\/div>\n\n<div class=\"et_pb_text_13 et_pb_text et_pb_bg_layout_light et_pb_module et_flex_module preset--group--divi-text--divi-font-header--vwb9gayrqf preset--group--divi-text--divi-font-body--default\"><div class=\"et_pb_text_inner\"><p>Nuestros vinos se maduran suavemente, con intervenciones controladas que permiten extracciones moderadas para obtener taninos suaves y voluptuosos en nuestros vinos tintos, y taninos precisos y redondos en nuestros vinos blancos. Ya sean cortas o m\u00e1s largas, la maceraci\u00f3n y la vinificaci\u00f3n en general siguen siendo lo m\u00e1s tradicionales posible. <\/p>\n<p>\u00a0<\/p>\n<\/div><\/div>\n<\/div>\n<\/div>\n<\/div>\n<\/div>\n\n<div class=\"et_pb_row_6 et_pb_row et_flex_row preset--module--divi-row--default\">\n<div class=\"et_pb_column_8 et_pb_column et-last-child et_flex_column et_pb_css_mix_blend_mode_passthrough et_flex_column_24_24\">\n<div class=\"et_pb_group_5 et_pb_group et_pb_module et_flex_group et_pb_css_mix_blend_mode_passthrough\">\n<div class=\"et_pb_text_14 et_pb_text et_pb_bg_layout_light et_pb_module et_flex_module preset--group--divi-text--divi-font-header--jhpz8g7ut0 preset--group--divi-text--divi-font-body--default\"><div class=\"et_pb_text_inner\"><h2 class=\"deco-left\">Etiquetas<\/h2>\n<\/div><\/div>\n<\/div>\n\n<div class=\"et_pb_group_6 et_pb_group et-last-child et_pb_module et_flex_group et_pb_css_mix_blend_mode_passthrough\">\n<div class=\"et_pb_group_7 et_pb_group et_pb_module et_flex_group et_pb_css_mix_blend_mode_passthrough\">\n<div class=\"et_pb_image_2 et_pb_image et_flex_column_8_24 et_flex_column_24_24_phone et_pb_module et_flex_module\"><span class=\"et_pb_image_wrap\"><img loading=\"lazy\" decoding=\"async\" src=\"https:\/\/www.julienaschaintre.fr\/wp-content\/uploads\/label-environnement.png\" width=\"189\" height=\"189\" srcset=\"https:\/\/www.julienaschaintre.fr\/wp-content\/uploads\/label-environnement.png 189w, https:\/\/www.julienaschaintre.fr\/wp-content\/uploads\/label-environnement-150x150.png 150w\" sizes=\"(max-width: 189px) 100vw, 189px\" class=\"wp-image-206\" \/><\/span><\/div>\n\n<div class=\"et_pb_text_15 et_pb_text et_pb_bg_layout_light et_pb_module et_flex_module et_flex_column_16_24 et_flex_column_24_24_phone preset--group--divi-text--divi-font-header--vwb9gayrqf preset--group--divi-text--divi-font-body--default\"><div class=\"et_pb_text_inner\"><p>  El Alto Valor Medioambiental es una certificaci\u00f3n medioambiental para explotaciones agrarias. Es un proceso voluntario. <\/p>\n<\/div><\/div>\n<\/div>\n\n<div class=\"et_pb_group_8 et_pb_group et-last-child et_pb_module et_flex_group et_pb_css_mix_blend_mode_passthrough\">\n<div class=\"et_pb_image_3 et_pb_image et_flex_column_8_24 et_flex_column_24_24_phone et_pb_module et_flex_module\"><span class=\"et_pb_image_wrap\"><img loading=\"lazy\" decoding=\"async\" src=\"https:\/\/www.julienaschaintre.fr\/wp-content\/uploads\/label-bio.jpg\" width=\"124\" height=\"186\" sizes=\"(max-width: 124px) 100vw, 124px\" class=\"wp-image-207\" \/><\/span><\/div>\n\n<div class=\"et_pb_text_16 et_pb_text et_pb_bg_layout_light et_pb_module et_flex_module et_flex_column_16_24 et_flex_column_24_24_phone preset--group--divi-text--divi-font-header--vwb9gayrqf preset--group--divi-text--divi-font-body--default\"><div class=\"et_pb_text_inner\"><p>  La agricultura ecol\u00f3gica (AO) es un sistema mundial de producci\u00f3n agr\u00edcola que combina las mejores pr\u00e1cticas medioambientales, el respeto a la biodiversidad, la conservaci\u00f3n de los recursos naturales y normas estrictas de bienestar animal.<\/p>\n<\/div><\/div>\n<\/div>\n<\/div>\n<\/div>\n<\/div>\n<\/div>","protected":false},"excerpt":{"rendered":"","protected":false},"author":1,"featured_media":0,"parent":0,"menu_order":0,"comment_status":"closed","ping_status":"closed","template":"","meta":{"_acf_changed":false,"footnotes":""},"class_list":["post-1258","page","type-page","status-publish","hentry"],"acf":[],"dsm_author":{"name":"EcloLINK","avatar_url":"https:\/\/secure.gravatar.com\/avatar\/d7b0f0516c588dc011dbb1eae8f7c0f0c8cd88687bda59590f90bd2bf5e806ca?s=96&d=mm&r=g","archive_link":"https:\/\/www.julienaschaintre.fr\/es\/author\/s7l4d3hoffrdzp\/","biodata":""},"dsm_categories":[],"dsm_attachment_categories":[],"dsm_featured_image":null,"yoast_head":"<!-- This site is optimized with the Yoast SEO plugin v27.1.1 - https:\/\/yoast.com\/product\/yoast-seo-wordpress\/ -->\n<title>Juli\u00e9nas Chaintr\u00e9 Vignerons Associ\u00e9s &#8226; Nuestras magn\u00edficas denominaciones<\/title>\n<meta name=\"robots\" content=\"index, follow, max-snippet:-1, max-image-preview:large, max-video-preview:-1\" \/>\n<link rel=\"canonical\" href=\"https:\/\/www.julienaschaintre.fr\/es\/nuestras-magnificas-denominaciones\/\" \/>\n<meta property=\"og:locale\" content=\"es_ES\" \/>\n<meta property=\"og:type\" content=\"article\" \/>\n<meta property=\"og:title\" content=\"Juli\u00e9nas Chaintr\u00e9 Vignerons Associ\u00e9s &#8226; Nuestras magn\u00edficas denominaciones\" \/>\n<meta property=\"og:url\" content=\"https:\/\/www.julienaschaintre.fr\/es\/nuestras-magnificas-denominaciones\/\" \/>\n<meta property=\"og:site_name\" content=\"Juli\u00e9nas Chaintr\u00e9 Vignerons Associ\u00e9s\" \/>\n<meta property=\"article:publisher\" content=\"https:\/\/www.facebook.com\/julienaschaintrevigneronsassocies\" \/>\n<meta property=\"article:modified_time\" content=\"2026-04-21T08:12:04+00:00\" \/>\n<meta name=\"twitter:card\" content=\"summary_large_image\" \/>\n<script type=\"application\/ld+json\" class=\"yoast-schema-graph\">{\"@context\":\"https:\/\/schema.org\",\"@graph\":[{\"@type\":\"WebPage\",\"@id\":\"https:\/\/www.julienaschaintre.fr\/es\/nuestras-magnificas-denominaciones\/\",\"url\":\"https:\/\/www.julienaschaintre.fr\/es\/nuestras-magnificas-denominaciones\/\",\"name\":\"Juli\u00e9nas Chaintr\u00e9 Vignerons Associ\u00e9s &#8226; Nuestras magn\u00edficas denominaciones\",\"isPartOf\":{\"@id\":\"https:\/\/www.julienaschaintre.fr\/es\/#website\"},\"datePublished\":\"2025-10-30T14:33:54+00:00\",\"dateModified\":\"2026-04-21T08:12:04+00:00\",\"breadcrumb\":{\"@id\":\"https:\/\/www.julienaschaintre.fr\/es\/nuestras-magnificas-denominaciones\/#breadcrumb\"},\"inLanguage\":\"es\",\"potentialAction\":[{\"@type\":\"ReadAction\",\"target\":[\"https:\/\/www.julienaschaintre.fr\/es\/nuestras-magnificas-denominaciones\/\"]}]},{\"@type\":\"BreadcrumbList\",\"@id\":\"https:\/\/www.julienaschaintre.fr\/es\/nuestras-magnificas-denominaciones\/#breadcrumb\",\"itemListElement\":[{\"@type\":\"ListItem\",\"position\":1,\"name\":\"Home\",\"item\":\"https:\/\/www.julienaschaintre.fr\/es\/\"},{\"@type\":\"ListItem\",\"position\":2,\"name\":\"Nuestras magn\u00edficas denominaciones\"}]},{\"@type\":\"WebSite\",\"@id\":\"https:\/\/www.julienaschaintre.fr\/es\/#website\",\"url\":\"https:\/\/www.julienaschaintre.fr\/es\/\",\"name\":\"Juli\u00e9nas Chaintr\u00e9 Vignerons Associ\u00e9s\",\"description\":\"\",\"alternateName\":\"Cave de Juli\u00e9nas Chaintr\u00e9\",\"potentialAction\":[{\"@type\":\"SearchAction\",\"target\":{\"@type\":\"EntryPoint\",\"urlTemplate\":\"https:\/\/www.julienaschaintre.fr\/es\/?s={search_term_string}\"},\"query-input\":{\"@type\":\"PropertyValueSpecification\",\"valueRequired\":true,\"valueName\":\"search_term_string\"}}],\"inLanguage\":\"es\"}]}<\/script>\n<!-- \/ Yoast SEO plugin. -->","yoast_head_json":{"title":"Juli\u00e9nas Chaintr\u00e9 Vignerons Associ\u00e9s &#8226; Nuestras magn\u00edficas denominaciones","robots":{"index":"index","follow":"follow","max-snippet":"max-snippet:-1","max-image-preview":"max-image-preview:large","max-video-preview":"max-video-preview:-1"},"canonical":"https:\/\/www.julienaschaintre.fr\/es\/nuestras-magnificas-denominaciones\/","og_locale":"es_ES","og_type":"article","og_title":"Juli\u00e9nas Chaintr\u00e9 Vignerons Associ\u00e9s &#8226; Nuestras magn\u00edficas denominaciones","og_url":"https:\/\/www.julienaschaintre.fr\/es\/nuestras-magnificas-denominaciones\/","og_site_name":"Juli\u00e9nas Chaintr\u00e9 Vignerons Associ\u00e9s","article_publisher":"https:\/\/www.facebook.com\/julienaschaintrevigneronsassocies","article_modified_time":"2026-04-21T08:12:04+00:00","twitter_card":"summary_large_image","schema":{"@context":"https:\/\/schema.org","@graph":[{"@type":"WebPage","@id":"https:\/\/www.julienaschaintre.fr\/es\/nuestras-magnificas-denominaciones\/","url":"https:\/\/www.julienaschaintre.fr\/es\/nuestras-magnificas-denominaciones\/","name":"Juli\u00e9nas Chaintr\u00e9 Vignerons Associ\u00e9s &#8226; Nuestras magn\u00edficas denominaciones","isPartOf":{"@id":"https:\/\/www.julienaschaintre.fr\/es\/#website"},"datePublished":"2025-10-30T14:33:54+00:00","dateModified":"2026-04-21T08:12:04+00:00","breadcrumb":{"@id":"https:\/\/www.julienaschaintre.fr\/es\/nuestras-magnificas-denominaciones\/#breadcrumb"},"inLanguage":"es","potentialAction":[{"@type":"ReadAction","target":["https:\/\/www.julienaschaintre.fr\/es\/nuestras-magnificas-denominaciones\/"]}]},{"@type":"BreadcrumbList","@id":"https:\/\/www.julienaschaintre.fr\/es\/nuestras-magnificas-denominaciones\/#breadcrumb","itemListElement":[{"@type":"ListItem","position":1,"name":"Home","item":"https:\/\/www.julienaschaintre.fr\/es\/"},{"@type":"ListItem","position":2,"name":"Nuestras magn\u00edficas denominaciones"}]},{"@type":"WebSite","@id":"https:\/\/www.julienaschaintre.fr\/es\/#website","url":"https:\/\/www.julienaschaintre.fr\/es\/","name":"Juli\u00e9nas Chaintr\u00e9 Vignerons Associ\u00e9s","description":"","alternateName":"Cave de Juli\u00e9nas Chaintr\u00e9","potentialAction":[{"@type":"SearchAction","target":{"@type":"EntryPoint","urlTemplate":"https:\/\/www.julienaschaintre.fr\/es\/?s={search_term_string}"},"query-input":{"@type":"PropertyValueSpecification","valueRequired":true,"valueName":"search_term_string"}}],"inLanguage":"es"}]}},"_links":{"self":[{"href":"https:\/\/www.julienaschaintre.fr\/es\/wp-json\/wp\/v2\/pages\/1258","targetHints":{"allow":["GET"]}}],"collection":[{"href":"https:\/\/www.julienaschaintre.fr\/es\/wp-json\/wp\/v2\/pages"}],"about":[{"href":"https:\/\/www.julienaschaintre.fr\/es\/wp-json\/wp\/v2\/types\/page"}],"author":[{"embeddable":true,"href":"https:\/\/www.julienaschaintre.fr\/es\/wp-json\/wp\/v2\/users\/1"}],"replies":[{"embeddable":true,"href":"https:\/\/www.julienaschaintre.fr\/es\/wp-json\/wp\/v2\/comments?post=1258"}],"version-history":[{"count":23,"href":"https:\/\/www.julienaschaintre.fr\/es\/wp-json\/wp\/v2\/pages\/1258\/revisions"}],"predecessor-version":[{"id":2320,"href":"https:\/\/www.julienaschaintre.fr\/es\/wp-json\/wp\/v2\/pages\/1258\/revisions\/2320"}],"wp:attachment":[{"href":"https:\/\/www.julienaschaintre.fr\/es\/wp-json\/wp\/v2\/media?parent=1258"}],"curies":[{"name":"wp","href":"https:\/\/api.w.org\/{rel}","templated":true}]}}