{"id":1169,"date":"2025-10-30T12:23:55","date_gmt":"2025-10-30T11:23:55","guid":{"rendered":"https:\/\/www.julienaschaintre.fr\/nuestros-cooperactores\/"},"modified":"2026-04-21T10:16:04","modified_gmt":"2026-04-21T08:16:04","slug":"nuestros-cooperactores","status":"publish","type":"page","link":"https:\/\/www.julienaschaintre.fr\/es\/nuestros-cooperactores\/","title":{"rendered":"Nuestros cooperactores"},"content":{"rendered":"<div class=\"et_pb_section_0 et_pb_section et_section_regular et_flex_section\">\n<div class=\"et_pb_row_0 et_pb_row et_flex_row et_flex_column_24_24 preset--module--divi-row--default\">\n<div class=\"et_pb_column_0 et_pb_column et_flex_column et_pb_css_mix_blend_mode_passthrough et_flex_column_11_24 et_flex_column_3_5_tablet et_flex_column_24_24_phone et_flex_column_3_5_tabletWide\">\n<div class=\"et_pb_text_0 et_pb_text et_pb_bg_layout_light et_pb_module et_flex_module preset--group--divi-text--divi-font-header--sw0fx4llhn preset--group--divi-text--divi-font-body--default\"><div class=\"et_pb_text_inner\"><h1>Nuestros cooperactores<\/h1>\n<\/div><\/div>\n\n<div class=\"et_pb_text_1 et_pb_text et_pb_bg_layout_light et_pb_module et_flex_module preset--group--divi-text--divi-font-body--default\"><div class=\"et_pb_text_inner\"><p>Nuestra fuerza colectiva<\/p>\n<\/div><\/div>\n\n<div class=\"et_pb_text_2 et_pb_text et_pb_bg_layout_light et_pb_module et_flex_module preset--group--divi-text--divi-font-body--default\"><div class=\"et_pb_text_inner\"><p>En Juli\u00e9nas Chaintr\u00e9 Vignerons Associ\u00e9s, la cooperativa est\u00e1 dirigida por hombres y mujeres comprometidos. Estos hombres y mujeres decididos participan en todas las etapas, desde el trabajo en el vi\u00f1edo hasta la comercializaci\u00f3n, y todos comparten el mismo ideal: producir vinos sinceros, llenos de car\u00e1cter y respetuosos con su patrimonio. <\/p>\n<\/div><\/div>\n<\/div>\n\n<div class=\"et_pb_column_1 et_pb_column et-last-child et_flex_column et_pb_css_mix_blend_mode_passthrough et_flex_column_13_24 et_flex_column_2_5_tablet et_flex_column_24_24_phone et_flex_column_2_5_tabletWide\">\n<div class=\"et_pb_image_0 et_pb_image et_flex_column_24_24 et_pb_module et_flex_module\"><span class=\"et_pb_image_wrap\"><img loading=\"lazy\" decoding=\"async\" src=\"https:\/\/www.julienaschaintre.fr\/wp-content\/uploads\/Marie-Francoise-Durand-Cooperatrice-scaled.jpg\" width=\"2560\" height=\"2189\" srcset=\"https:\/\/www.julienaschaintre.fr\/wp-content\/uploads\/Marie-Francoise-Durand-Cooperatrice-scaled.jpg 2560w, https:\/\/www.julienaschaintre.fr\/wp-content\/uploads\/Marie-Francoise-Durand-Cooperatrice-1280x1095.jpg 1280w, https:\/\/www.julienaschaintre.fr\/wp-content\/uploads\/Marie-Francoise-Durand-Cooperatrice-980x838.jpg 980w, https:\/\/www.julienaschaintre.fr\/wp-content\/uploads\/Marie-Francoise-Durand-Cooperatrice-480x410.jpg 480w\" sizes=\"(min-width: 0px) and (max-width: 480px) 480px, (min-width: 481px) and (max-width: 980px) 980px, (min-width: 981px) and (max-width: 1280px) 1280px, (min-width: 1281px) 2560px, 100vw\" class=\"wp-image-1030\" \/><\/span><\/div>\n<\/div>\n<\/div>\n\n<div class=\"et_pb_row_1 et_pb_row et_flex_row preset--module--divi-row--default\">\n<div class=\"et_pb_column_2 et_pb_column et-last-child et_flex_column et_pb_css_mix_blend_mode_passthrough et_flex_column_24_24\">\n<div class=\"et_pb_image_1 et_pb_image et_pb_module et_flex_module\"><span class=\"et_pb_image_wrap\"><img loading=\"lazy\" decoding=\"async\" src=\"https:\/\/julienaschaintre.fr\/wp-content\/uploads\/image-section-2.svg\" alt=\"image-section-2\" width=\"319\" height=\"1099\" class=\"wp-image-244\" \/><\/span><\/div>\n<\/div>\n<\/div>\n<\/div>\n\n<div class=\"et_pb_section_1 et_pb_section et_section_regular et_flex_section\">\n<div class=\"et_pb_row_2 et_pb_row et_flex_row preset--module--divi-row--default\">\n<div class=\"et_pb_column_3 et_pb_column et-last-child et_flex_column et_pb_css_mix_blend_mode_passthrough et_flex_column_24_24\">\n<div class=\"et_pb_code_0 et_pb_code et_pb_module\"><div class=\"et_pb_code_inner\">\n        <div class=\"swiper-container carrousel-swiper-container\" >\n            <div class=\"swiper carrousel-swiper\">\n                <div class=\"swiper-wrapper\">\n                    <div class=\"swiper-slide\">\n                <img src=\"https:\/\/www.julienaschaintre.fr\/wp-content\/uploads\/DSC03290-scaled.jpg\" alt=\"Image de carrousel\" loading=\"lazy\" decoding=\"async\" \/>\n            <\/div><div class=\"swiper-slide\">\n                <img src=\"https:\/\/www.julienaschaintre.fr\/wp-content\/uploads\/DSC03604-copie-2-scaled.jpg\" alt=\"Image de carrousel\" loading=\"lazy\" decoding=\"async\" \/>\n            <\/div><div class=\"swiper-slide\">\n                <img src=\"https:\/\/www.julienaschaintre.fr\/wp-content\/uploads\/DSC03718-scaled.jpg\" alt=\"Image de carrousel\" loading=\"lazy\" decoding=\"async\" \/>\n            <\/div><div class=\"swiper-slide\">\n                <img src=\"https:\/\/www.julienaschaintre.fr\/wp-content\/uploads\/presidents-002-1.jpg\" alt=\"Image de carrousel\" loading=\"lazy\" decoding=\"async\" \/>\n            <\/div><div class=\"swiper-slide\">\n                <img src=\"https:\/\/www.julienaschaintre.fr\/wp-content\/uploads\/Vendanges-2019-scaled.jpg\" alt=\"Vendanges 2019\" loading=\"lazy\" decoding=\"async\" \/>\n            <\/div><div class=\"swiper-slide\">\n                <img src=\"https:\/\/www.julienaschaintre.fr\/wp-content\/uploads\/DSC03325-scaled.jpg\" alt=\"Image de carrousel\" loading=\"lazy\" decoding=\"async\" \/>\n            <\/div>\n                <\/div>\n            <\/div>\n            <div class=\"carrousel-swiper-pagination\"><\/div>\n        <\/div><\/div><\/div>\n<\/div>\n<\/div>\n<\/div>\n\n<div class=\"et_pb_section_2 et_pb_section et_section_regular et_flex_section\">\n<div class=\"et_pb_row_3 et_pb_row et_flex_row preset--module--divi-row--default\">\n<div class=\"et_pb_column_4 et_pb_column et-last-child et_flex_column et_pb_css_mix_blend_mode_passthrough et_flex_column_24_24\">\n<div class=\"et_pb_text_3 et_pb_text et_pb_bg_layout_light et_pb_module et_flex_module preset--group--divi-text--divi-font-header--546itz4fae preset--group--divi-text--divi-font-body--default\"><div class=\"et_pb_text_inner\"><h2>Cooperativas de viticultores<\/h2>\n<\/div><\/div>\n<\/div>\n<\/div>\n\n<div class=\"et_pb_row_4 et_pb_row et_flex_row preset--module--divi-row--default\">\n<div class=\"et_pb_column_5 et_pb_column et-last-child et_flex_column et_pb_css_mix_blend_mode_passthrough et_flex_column_24_24\">\n<div class=\"et_pb_text_4 et_pb_text et_pb_bg_layout_light et_pb_module et_flex_module preset--group--divi-text--divi-font-header--gu43eib4p2 preset--group--divi-text--divi-font-body--default\"><div class=\"et_pb_text_inner\"><p>Cultivan las vi\u00f1as con esmero, cuidando la salud del suelo, asegur\u00e1ndose de que las uvas maduren correctamente y utilizando pr\u00e1cticas vit\u00edcolas respetuosas con la naturaleza.<\/p>\n<p>Encarnan los valores de la cooperativa: poner en com\u00fan los recursos, ayudarse mutuamente y exigir calidad.<\/p>\n<p>Participan activamente en las decisiones de la cooperativa -Asamblea General, Consejo de Administraci\u00f3n, orientaciones estrat\u00e9gicas- porque su compromiso individual alimenta la fuerza del colectivo.<\/p>\n<\/div><\/div>\n<\/div>\n<\/div>\n<\/div>\n\n<div class=\"et_pb_section_3 et_pb_section et_section_regular et_flex_section\">\n<div class=\"et_pb_row_5 et_pb_row et_flex_row preset--module--divi-row--default\">\n<div class=\"et_pb_column_6 et_pb_column et_flex_column et_pb_css_mix_blend_mode_passthrough et_flex_column_16_24 et_flex_column_24_24_phone\">\n<div class=\"et_pb_image_2 et_pb_image et_animated et_pb_module et_flex_module\"><span class=\"et_pb_image_wrap\"><img loading=\"lazy\" decoding=\"async\" src=\"https:\/\/www.julienaschaintre.fr\/wp-content\/uploads\/galerie-equipe-1.jpg\" width=\"670\" height=\"560\" srcset=\"https:\/\/www.julienaschaintre.fr\/wp-content\/uploads\/galerie-equipe-1.jpg 670w, https:\/\/www.julienaschaintre.fr\/wp-content\/uploads\/galerie-equipe-1-480x401.jpg 480w\" sizes=\"(min-width: 0px) and (max-width: 480px) 480px, (min-width: 481px) 670px, 100vw\" class=\"wp-image-247\" \/><\/span><\/div>\n<\/div>\n\n<div class=\"et_pb_column_7 et_pb_column et_flex_column et_pb_css_mix_blend_mode_passthrough et_flex_column_8_24 et_flex_column_24_24_phone\">\n<div class=\"et_pb_image_3 et_pb_image et_animated et_pb_module et_flex_module\"><span class=\"et_pb_image_wrap\"><img loading=\"lazy\" decoding=\"async\" src=\"https:\/\/www.julienaschaintre.fr\/wp-content\/uploads\/galerie-equipe-2.jpg\" width=\"670\" height=\"560\" srcset=\"https:\/\/www.julienaschaintre.fr\/wp-content\/uploads\/galerie-equipe-2.jpg 670w, https:\/\/www.julienaschaintre.fr\/wp-content\/uploads\/galerie-equipe-2-480x401.jpg 480w\" sizes=\"(min-width: 0px) and (max-width: 480px) 480px, (min-width: 481px) 670px, 100vw\" class=\"wp-image-248\" \/><\/span><\/div>\n<\/div>\n\n<div class=\"et_pb_column_8 et_pb_column et_flex_column et_pb_css_mix_blend_mode_passthrough et_flex_column_12_24 et_flex_column_24_24_phone\">\n<div class=\"et_pb_image_4 et_pb_image et_animated et_pb_module et_flex_module\"><span class=\"et_pb_image_wrap\"><img loading=\"lazy\" decoding=\"async\" src=\"https:\/\/www.julienaschaintre.fr\/wp-content\/uploads\/galerie-equipe-4.jpg\" width=\"670\" height=\"560\" srcset=\"https:\/\/www.julienaschaintre.fr\/wp-content\/uploads\/galerie-equipe-4.jpg 670w, https:\/\/www.julienaschaintre.fr\/wp-content\/uploads\/galerie-equipe-4-480x401.jpg 480w\" sizes=\"(min-width: 0px) and (max-width: 480px) 480px, (min-width: 481px) 670px, 100vw\" class=\"wp-image-250\" \/><\/span><\/div>\n<\/div>\n\n<div class=\"et_pb_column_9 et_pb_column et-last-child et_flex_column et_pb_css_mix_blend_mode_passthrough et_flex_column_2_5 et_flex_column_24_24_phone\">\n<div class=\"et_pb_image_5 et_pb_image et_animated et_pb_module et_flex_module\"><span class=\"et_pb_image_wrap\"><img loading=\"lazy\" decoding=\"async\" src=\"https:\/\/www.julienaschaintre.fr\/wp-content\/uploads\/galerie-equipe-3.jpg\" width=\"670\" height=\"560\" srcset=\"https:\/\/www.julienaschaintre.fr\/wp-content\/uploads\/galerie-equipe-3.jpg 670w, https:\/\/www.julienaschaintre.fr\/wp-content\/uploads\/galerie-equipe-3-480x401.jpg 480w\" sizes=\"(min-width: 0px) and (max-width: 480px) 480px, (min-width: 481px) 670px, 100vw\" class=\"wp-image-249\" \/><\/span><\/div>\n<\/div>\n<\/div>\n<\/div>\n\n<div class=\"et_pb_section_4 et_pb_section et_section_regular et_flex_section\">\n<div class=\"et_pb_row_6 et_pb_row et_flex_row preset--module--divi-row--default\">\n<div class=\"et_pb_column_10 et_pb_column et-last-child et_flex_column et_pb_css_mix_blend_mode_passthrough et_flex_column_24_24\">\n<div class=\"et_pb_text_5 et_pb_text et_pb_bg_layout_light et_pb_module et_flex_module preset--group--divi-text--divi-font-header--546itz4fae preset--group--divi-text--divi-font-body--default\"><div class=\"et_pb_text_inner\"><h2>Empleados<\/h2>\n<\/div><\/div>\n<\/div>\n<\/div>\n\n<div class=\"et_pb_row_7 et_pb_row et_flex_row preset--module--divi-row--default\">\n<div class=\"et_pb_column_11 et_pb_column et-last-child et_flex_column et_pb_css_mix_blend_mode_passthrough et_flex_column_24_24\">\n<div class=\"et_pb_text_6 et_pb_text et_pb_bg_layout_light et_pb_module et_flex_module preset--group--divi-text--divi-font-header--gu43eib4p2 preset--group--divi-text--divi-font-body--default\"><div class=\"et_pb_text_inner\"><h3>Nuestro equipo de producci\u00f3n<\/h3>\n<p>Maestro de bodega, en\u00f3logos y bodegueros, el equipo de producci\u00f3n re\u00fane las competencias t\u00e9cnicas y complementarias necesarias para elaborar los vinos. Supervisan todas las fases de vinificaci\u00f3n y crianza, y controlan el desarrollo de los vinos en cada etapa, para garantizar que reflejen la imagen de nuestras dos hermosas regiones vin\u00edcolas.<br \/>\n<span style=\"color: #8e663b\">Florentin y Damien, bodegueros ayudantes \u2013 Julien, bodeguero envasador<\/span><\/p>\n<h3>Nuestro equipo administrativo<\/h3>\n<p>Asiste a los cooperativistas en los procedimientos administrativos cotidianos y ayuda a supervisar las cuestiones comerciales.<br \/>\n<span style=\"color: #8e663b\">Lucie, asistente comercial \u2013 Aline, responsable administrativa y contable<\/span><\/p>\n<h3>Nuestro equipo de ventas<\/h3>\n<p>Acoge e informa a cada visitante gracias a su profundo conocimiento de los productos. Es el v\u00ednculo entre los cooperativistas y los mercados, entre la autenticidad de las vi\u00f1as y la experiencia de nuestros clientes.<br \/>\n<span style=\"color: #8e663b\">Nina, Responsable de Ventas al Consumidor y Comunicaciones \u2013 Clarence, Responsable de Ventas al Consumidor y Profesionales<\/span><\/p>\n<h3>Gesti\u00f3n<\/h3>\n<p>Estos tres departamentos est\u00e1n dirigidos por un d\u00fao de directores generales apasionados:  <span style=\"color: #8e663b\">Matthieu Lapalus y Aur\u00e9lien Berthelon, copresidentes, acompa\u00f1ados por Herv\u00e9 Lapierre, jefe de producci\u00f3n, e Isabelle Adoir P\u00e9coud, jefa de ventas.<\/span><\/p>\n<p>Junto a ellos, 14 viticultores cooperativistas forman parte del Consejo de Administraci\u00f3n. Se re\u00fanen peri\u00f3dicamente para intercambiar opiniones, decidir las orientaciones estrat\u00e9gicas y garantizar el buen funcionamiento de la bodega. Juntos, mantienen vivo el esp\u00edritu colectivo y el dinamismo que caracterizan a nuestra empresa.  <\/p>\n<\/div><\/div>\n<\/div>\n<\/div>\n<\/div>","protected":false},"excerpt":{"rendered":"","protected":false},"author":1,"featured_media":0,"parent":0,"menu_order":0,"comment_status":"closed","ping_status":"closed","template":"","meta":{"_acf_changed":false,"footnotes":""},"class_list":["post-1169","page","type-page","status-publish","hentry"],"acf":[],"dsm_author":{"name":"EcloLINK","avatar_url":"https:\/\/secure.gravatar.com\/avatar\/d7b0f0516c588dc011dbb1eae8f7c0f0c8cd88687bda59590f90bd2bf5e806ca?s=96&d=mm&r=g","archive_link":"https:\/\/www.julienaschaintre.fr\/es\/author\/s7l4d3hoffrdzp\/","biodata":""},"dsm_categories":[],"dsm_attachment_categories":[],"dsm_featured_image":null,"yoast_head":"<!-- This site is optimized with the Yoast SEO plugin v27.1.1 - https:\/\/yoast.com\/product\/yoast-seo-wordpress\/ -->\n<title>Juli\u00e9nas Chaintr\u00e9 Vignerons Associ\u00e9s &#8226; Nuestros cooperactores<\/title>\n<meta name=\"robots\" content=\"index, follow, max-snippet:-1, max-image-preview:large, max-video-preview:-1\" \/>\n<link rel=\"canonical\" href=\"https:\/\/www.julienaschaintre.fr\/es\/nuestros-cooperactores\/\" \/>\n<meta property=\"og:locale\" content=\"es_ES\" \/>\n<meta property=\"og:type\" content=\"article\" \/>\n<meta property=\"og:title\" content=\"Juli\u00e9nas Chaintr\u00e9 Vignerons Associ\u00e9s &#8226; Nuestros cooperactores\" \/>\n<meta property=\"og:url\" content=\"https:\/\/www.julienaschaintre.fr\/es\/nuestros-cooperactores\/\" \/>\n<meta property=\"og:site_name\" content=\"Juli\u00e9nas Chaintr\u00e9 Vignerons Associ\u00e9s\" \/>\n<meta property=\"article:publisher\" content=\"https:\/\/www.facebook.com\/julienaschaintrevigneronsassocies\" \/>\n<meta property=\"article:modified_time\" content=\"2026-04-21T08:16:04+00:00\" \/>\n<meta name=\"twitter:card\" content=\"summary_large_image\" \/>\n<script type=\"application\/ld+json\" class=\"yoast-schema-graph\">{\"@context\":\"https:\/\/schema.org\",\"@graph\":[{\"@type\":\"WebPage\",\"@id\":\"https:\/\/www.julienaschaintre.fr\/es\/nuestros-cooperactores\/\",\"url\":\"https:\/\/www.julienaschaintre.fr\/es\/nuestros-cooperactores\/\",\"name\":\"Juli\u00e9nas Chaintr\u00e9 Vignerons Associ\u00e9s &#8226; Nuestros cooperactores\",\"isPartOf\":{\"@id\":\"https:\/\/www.julienaschaintre.fr\/es\/#website\"},\"datePublished\":\"2025-10-30T11:23:55+00:00\",\"dateModified\":\"2026-04-21T08:16:04+00:00\",\"breadcrumb\":{\"@id\":\"https:\/\/www.julienaschaintre.fr\/es\/nuestros-cooperactores\/#breadcrumb\"},\"inLanguage\":\"es\",\"potentialAction\":[{\"@type\":\"ReadAction\",\"target\":[\"https:\/\/www.julienaschaintre.fr\/es\/nuestros-cooperactores\/\"]}]},{\"@type\":\"BreadcrumbList\",\"@id\":\"https:\/\/www.julienaschaintre.fr\/es\/nuestros-cooperactores\/#breadcrumb\",\"itemListElement\":[{\"@type\":\"ListItem\",\"position\":1,\"name\":\"Home\",\"item\":\"https:\/\/www.julienaschaintre.fr\/es\/\"},{\"@type\":\"ListItem\",\"position\":2,\"name\":\"Nuestros cooperactores\"}]},{\"@type\":\"WebSite\",\"@id\":\"https:\/\/www.julienaschaintre.fr\/es\/#website\",\"url\":\"https:\/\/www.julienaschaintre.fr\/es\/\",\"name\":\"Juli\u00e9nas Chaintr\u00e9 Vignerons Associ\u00e9s\",\"description\":\"\",\"alternateName\":\"Cave de Juli\u00e9nas Chaintr\u00e9\",\"potentialAction\":[{\"@type\":\"SearchAction\",\"target\":{\"@type\":\"EntryPoint\",\"urlTemplate\":\"https:\/\/www.julienaschaintre.fr\/es\/?s={search_term_string}\"},\"query-input\":{\"@type\":\"PropertyValueSpecification\",\"valueRequired\":true,\"valueName\":\"search_term_string\"}}],\"inLanguage\":\"es\"}]}<\/script>\n<!-- \/ Yoast SEO plugin. -->","yoast_head_json":{"title":"Juli\u00e9nas Chaintr\u00e9 Vignerons Associ\u00e9s &#8226; Nuestros cooperactores","robots":{"index":"index","follow":"follow","max-snippet":"max-snippet:-1","max-image-preview":"max-image-preview:large","max-video-preview":"max-video-preview:-1"},"canonical":"https:\/\/www.julienaschaintre.fr\/es\/nuestros-cooperactores\/","og_locale":"es_ES","og_type":"article","og_title":"Juli\u00e9nas Chaintr\u00e9 Vignerons Associ\u00e9s &#8226; Nuestros cooperactores","og_url":"https:\/\/www.julienaschaintre.fr\/es\/nuestros-cooperactores\/","og_site_name":"Juli\u00e9nas Chaintr\u00e9 Vignerons Associ\u00e9s","article_publisher":"https:\/\/www.facebook.com\/julienaschaintrevigneronsassocies","article_modified_time":"2026-04-21T08:16:04+00:00","twitter_card":"summary_large_image","schema":{"@context":"https:\/\/schema.org","@graph":[{"@type":"WebPage","@id":"https:\/\/www.julienaschaintre.fr\/es\/nuestros-cooperactores\/","url":"https:\/\/www.julienaschaintre.fr\/es\/nuestros-cooperactores\/","name":"Juli\u00e9nas Chaintr\u00e9 Vignerons Associ\u00e9s &#8226; Nuestros cooperactores","isPartOf":{"@id":"https:\/\/www.julienaschaintre.fr\/es\/#website"},"datePublished":"2025-10-30T11:23:55+00:00","dateModified":"2026-04-21T08:16:04+00:00","breadcrumb":{"@id":"https:\/\/www.julienaschaintre.fr\/es\/nuestros-cooperactores\/#breadcrumb"},"inLanguage":"es","potentialAction":[{"@type":"ReadAction","target":["https:\/\/www.julienaschaintre.fr\/es\/nuestros-cooperactores\/"]}]},{"@type":"BreadcrumbList","@id":"https:\/\/www.julienaschaintre.fr\/es\/nuestros-cooperactores\/#breadcrumb","itemListElement":[{"@type":"ListItem","position":1,"name":"Home","item":"https:\/\/www.julienaschaintre.fr\/es\/"},{"@type":"ListItem","position":2,"name":"Nuestros cooperactores"}]},{"@type":"WebSite","@id":"https:\/\/www.julienaschaintre.fr\/es\/#website","url":"https:\/\/www.julienaschaintre.fr\/es\/","name":"Juli\u00e9nas Chaintr\u00e9 Vignerons Associ\u00e9s","description":"","alternateName":"Cave de Juli\u00e9nas Chaintr\u00e9","potentialAction":[{"@type":"SearchAction","target":{"@type":"EntryPoint","urlTemplate":"https:\/\/www.julienaschaintre.fr\/es\/?s={search_term_string}"},"query-input":{"@type":"PropertyValueSpecification","valueRequired":true,"valueName":"search_term_string"}}],"inLanguage":"es"}]}},"_links":{"self":[{"href":"https:\/\/www.julienaschaintre.fr\/es\/wp-json\/wp\/v2\/pages\/1169","targetHints":{"allow":["GET"]}}],"collection":[{"href":"https:\/\/www.julienaschaintre.fr\/es\/wp-json\/wp\/v2\/pages"}],"about":[{"href":"https:\/\/www.julienaschaintre.fr\/es\/wp-json\/wp\/v2\/types\/page"}],"author":[{"embeddable":true,"href":"https:\/\/www.julienaschaintre.fr\/es\/wp-json\/wp\/v2\/users\/1"}],"replies":[{"embeddable":true,"href":"https:\/\/www.julienaschaintre.fr\/es\/wp-json\/wp\/v2\/comments?post=1169"}],"version-history":[{"count":19,"href":"https:\/\/www.julienaschaintre.fr\/es\/wp-json\/wp\/v2\/pages\/1169\/revisions"}],"predecessor-version":[{"id":2332,"href":"https:\/\/www.julienaschaintre.fr\/es\/wp-json\/wp\/v2\/pages\/1169\/revisions\/2332"}],"wp:attachment":[{"href":"https:\/\/www.julienaschaintre.fr\/es\/wp-json\/wp\/v2\/media?parent=1169"}],"curies":[{"name":"wp","href":"https:\/\/api.w.org\/{rel}","templated":true}]}}