{"id":1110,"date":"2026-03-09T09:30:37","date_gmt":"2026-03-09T08:30:37","guid":{"rendered":"https:\/\/www.julienaschaintre.fr\/tiendas\/"},"modified":"2026-04-21T09:03:12","modified_gmt":"2026-04-21T07:03:12","slug":"tiendas","status":"publish","type":"page","link":"https:\/\/www.julienaschaintre.fr\/es\/tiendas\/","title":{"rendered":"Tiendas"},"content":{"rendered":"<div class=\"et_pb_section_0 et_pb_section et_section_regular et_block_section\">\n<div class=\"et_pb_row_0 et_pb_row et_flex_row preset--module--divi-row--default\">\n<div class=\"et_pb_column_0 et_pb_column et_flex_column et_pb_css_mix_blend_mode_passthrough et_clickable et_flex_column_12_24 et_flex_column_12_24_tablet et_flex_column_24_24_phone et_flex_column_12_24_tabletWide\">\n<div class=\"et_pb_image_0 et_pb_image et_pb_module et_flex_module\"><span class=\"et_pb_image_wrap\"><img loading=\"lazy\" decoding=\"async\" src=\"https:\/\/julienaschaintre.fr\/wp-content\/uploads\/pictoBoutiqueLivraison1.png\" alt=\"pictoBoutiqueLivraison1\" width=\"250\" height=\"250\" srcset=\"https:\/\/www.julienaschaintre.fr\/wp-content\/uploads\/pictoBoutiqueLivraison1.png 250w, https:\/\/www.julienaschaintre.fr\/wp-content\/uploads\/pictoBoutiqueLivraison1-150x150.png 150w\" sizes=\"(max-width: 250px) 100vw, 250px\" class=\"wp-image-934\" \/><\/span><\/div>\n\n<div class=\"et_pb_text_0 et_pb_text et_pb_bg_layout_light et_pb_module et_flex_module preset--group--divi-text--divi-font-header--546itz4fae preset--group--divi-text--divi-font-body--default\"><div class=\"et_pb_text_inner\"><h2>Entrega a domicilio<\/h2>\n<p><span>Gastos de env\u00edo incluidos a partir de 24 botellas pedidas<br \/><strong>(solo Francia metropolitana)<\/strong><\/span><span><\/span><\/p>\n<\/div><\/div>\n<\/div>\n\n<div class=\"et_pb_column_1 et_pb_column et-last-child et_flex_column et_pb_css_mix_blend_mode_passthrough et_clickable et_flex_column_12_24 et_flex_column_12_24_tablet et_flex_column_24_24_phone et_flex_column_12_24_tabletWide\">\n<div class=\"et_pb_image_1 et_pb_image et_pb_module et_flex_module\"><span class=\"et_pb_image_wrap\"><img loading=\"lazy\" decoding=\"async\" src=\"https:\/\/julienaschaintre.fr\/wp-content\/uploads\/pictoBoutiqueClickCollect1.png\" width=\"250\" height=\"250\" srcset=\"https:\/\/www.julienaschaintre.fr\/wp-content\/uploads\/pictoBoutiqueClickCollect1.png 250w, https:\/\/www.julienaschaintre.fr\/wp-content\/uploads\/pictoBoutiqueClickCollect1-150x150.png 150w\" sizes=\"(max-width: 250px) 100vw, 250px\" class=\"wp-image-933\" alt=\"pictoBoutiqueLivraison1\" \/><\/span><\/div>\n\n<div class=\"et_pb_text_1 et_pb_text et_pb_bg_layout_light et_pb_module et_flex_module preset--group--divi-text--divi-font-header--546itz4fae preset--group--divi-text--divi-font-body--default\"><div class=\"et_pb_text_inner\"><h2>Click and collect<\/h2>\n<p><span>Recogida en uno de nuestros puntos de venta<\/span><\/p>\n<\/div><\/div>\n<\/div>\n<\/div>\n<\/div>","protected":false},"excerpt":{"rendered":"","protected":false},"author":1,"featured_media":0,"parent":0,"menu_order":0,"comment_status":"closed","ping_status":"closed","template":"","meta":{"_acf_changed":false,"footnotes":""},"class_list":["post-1110","page","type-page","status-publish","hentry"],"acf":[],"dsm_author":{"name":"EcloLINK","avatar_url":"https:\/\/secure.gravatar.com\/avatar\/d7b0f0516c588dc011dbb1eae8f7c0f0c8cd88687bda59590f90bd2bf5e806ca?s=96&d=mm&r=g","archive_link":"https:\/\/www.julienaschaintre.fr\/es\/author\/s7l4d3hoffrdzp\/","biodata":""},"dsm_categories":[],"dsm_attachment_categories":[],"dsm_featured_image":null,"yoast_head":"<!-- This site is optimized with the Yoast SEO plugin v27.1.1 - https:\/\/yoast.com\/product\/yoast-seo-wordpress\/ -->\n<title>Juli\u00e9nas Chaintr\u00e9 Vignerons Associ\u00e9s &#8226; Tiendas<\/title>\n<meta name=\"description\" content=\"Del M\u00e2connais al Beaujolais, \u00a1descubre todos nuestros vinos al precio Franco por compras de 24 botellas o m\u00e1s!\" \/>\n<meta name=\"robots\" content=\"index, follow, max-snippet:-1, max-image-preview:large, max-video-preview:-1\" \/>\n<link rel=\"canonical\" href=\"https:\/\/www.julienaschaintre.fr\/es\/tiendas\/\" \/>\n<meta property=\"og:locale\" content=\"es_ES\" \/>\n<meta property=\"og:type\" content=\"article\" \/>\n<meta property=\"og:title\" content=\"Juli\u00e9nas Chaintr\u00e9 Vignerons Associ\u00e9s &#8226; Tiendas\" \/>\n<meta property=\"og:description\" content=\"Del M\u00e2connais al Beaujolais, \u00a1descubre todos nuestros vinos al precio Franco por compras de 24 botellas o m\u00e1s!\" \/>\n<meta property=\"og:url\" content=\"https:\/\/www.julienaschaintre.fr\/es\/tiendas\/\" \/>\n<meta property=\"og:site_name\" content=\"Juli\u00e9nas Chaintr\u00e9 Vignerons Associ\u00e9s\" \/>\n<meta property=\"article:publisher\" content=\"https:\/\/www.facebook.com\/julienaschaintrevigneronsassocies\" \/>\n<meta property=\"article:modified_time\" content=\"2026-04-21T07:03:12+00:00\" \/>\n<meta name=\"twitter:card\" content=\"summary_large_image\" \/>\n<script type=\"application\/ld+json\" class=\"yoast-schema-graph\">{\"@context\":\"https:\/\/schema.org\",\"@graph\":[{\"@type\":\"WebPage\",\"@id\":\"https:\/\/www.julienaschaintre.fr\/es\/tiendas\/\",\"url\":\"https:\/\/www.julienaschaintre.fr\/es\/tiendas\/\",\"name\":\"Juli\u00e9nas Chaintr\u00e9 Vignerons Associ\u00e9s &#8226; Tiendas\",\"isPartOf\":{\"@id\":\"https:\/\/www.julienaschaintre.fr\/es\/#website\"},\"datePublished\":\"2026-03-09T08:30:37+00:00\",\"dateModified\":\"2026-04-21T07:03:12+00:00\",\"description\":\"Del M\u00e2connais al Beaujolais, \u00a1descubre todos nuestros vinos al precio Franco por compras de 24 botellas o m\u00e1s!\",\"breadcrumb\":{\"@id\":\"https:\/\/www.julienaschaintre.fr\/es\/tiendas\/#breadcrumb\"},\"inLanguage\":\"es\",\"potentialAction\":[{\"@type\":\"ReadAction\",\"target\":[\"https:\/\/www.julienaschaintre.fr\/es\/tiendas\/\"]}]},{\"@type\":\"BreadcrumbList\",\"@id\":\"https:\/\/www.julienaschaintre.fr\/es\/tiendas\/#breadcrumb\",\"itemListElement\":[{\"@type\":\"ListItem\",\"position\":1,\"name\":\"Home\",\"item\":\"https:\/\/www.julienaschaintre.fr\/es\/\"},{\"@type\":\"ListItem\",\"position\":2,\"name\":\"Tiendas\"}]},{\"@type\":\"WebSite\",\"@id\":\"https:\/\/www.julienaschaintre.fr\/es\/#website\",\"url\":\"https:\/\/www.julienaschaintre.fr\/es\/\",\"name\":\"Juli\u00e9nas Chaintr\u00e9 Vignerons Associ\u00e9s\",\"description\":\"\",\"alternateName\":\"Cave de Juli\u00e9nas Chaintr\u00e9\",\"potentialAction\":[{\"@type\":\"SearchAction\",\"target\":{\"@type\":\"EntryPoint\",\"urlTemplate\":\"https:\/\/www.julienaschaintre.fr\/es\/?s={search_term_string}\"},\"query-input\":{\"@type\":\"PropertyValueSpecification\",\"valueRequired\":true,\"valueName\":\"search_term_string\"}}],\"inLanguage\":\"es\"}]}<\/script>\n<!-- \/ Yoast SEO plugin. -->","yoast_head_json":{"title":"Juli\u00e9nas Chaintr\u00e9 Vignerons Associ\u00e9s &#8226; Tiendas","description":"Del M\u00e2connais al Beaujolais, \u00a1descubre todos nuestros vinos al precio Franco por compras de 24 botellas o m\u00e1s!","robots":{"index":"index","follow":"follow","max-snippet":"max-snippet:-1","max-image-preview":"max-image-preview:large","max-video-preview":"max-video-preview:-1"},"canonical":"https:\/\/www.julienaschaintre.fr\/es\/tiendas\/","og_locale":"es_ES","og_type":"article","og_title":"Juli\u00e9nas Chaintr\u00e9 Vignerons Associ\u00e9s &#8226; Tiendas","og_description":"Del M\u00e2connais al Beaujolais, \u00a1descubre todos nuestros vinos al precio Franco por compras de 24 botellas o m\u00e1s!","og_url":"https:\/\/www.julienaschaintre.fr\/es\/tiendas\/","og_site_name":"Juli\u00e9nas Chaintr\u00e9 Vignerons Associ\u00e9s","article_publisher":"https:\/\/www.facebook.com\/julienaschaintrevigneronsassocies","article_modified_time":"2026-04-21T07:03:12+00:00","twitter_card":"summary_large_image","schema":{"@context":"https:\/\/schema.org","@graph":[{"@type":"WebPage","@id":"https:\/\/www.julienaschaintre.fr\/es\/tiendas\/","url":"https:\/\/www.julienaschaintre.fr\/es\/tiendas\/","name":"Juli\u00e9nas Chaintr\u00e9 Vignerons Associ\u00e9s &#8226; Tiendas","isPartOf":{"@id":"https:\/\/www.julienaschaintre.fr\/es\/#website"},"datePublished":"2026-03-09T08:30:37+00:00","dateModified":"2026-04-21T07:03:12+00:00","description":"Del M\u00e2connais al Beaujolais, \u00a1descubre todos nuestros vinos al precio Franco por compras de 24 botellas o m\u00e1s!","breadcrumb":{"@id":"https:\/\/www.julienaschaintre.fr\/es\/tiendas\/#breadcrumb"},"inLanguage":"es","potentialAction":[{"@type":"ReadAction","target":["https:\/\/www.julienaschaintre.fr\/es\/tiendas\/"]}]},{"@type":"BreadcrumbList","@id":"https:\/\/www.julienaschaintre.fr\/es\/tiendas\/#breadcrumb","itemListElement":[{"@type":"ListItem","position":1,"name":"Home","item":"https:\/\/www.julienaschaintre.fr\/es\/"},{"@type":"ListItem","position":2,"name":"Tiendas"}]},{"@type":"WebSite","@id":"https:\/\/www.julienaschaintre.fr\/es\/#website","url":"https:\/\/www.julienaschaintre.fr\/es\/","name":"Juli\u00e9nas Chaintr\u00e9 Vignerons Associ\u00e9s","description":"","alternateName":"Cave de Juli\u00e9nas Chaintr\u00e9","potentialAction":[{"@type":"SearchAction","target":{"@type":"EntryPoint","urlTemplate":"https:\/\/www.julienaschaintre.fr\/es\/?s={search_term_string}"},"query-input":{"@type":"PropertyValueSpecification","valueRequired":true,"valueName":"search_term_string"}}],"inLanguage":"es"}]}},"_links":{"self":[{"href":"https:\/\/www.julienaschaintre.fr\/es\/wp-json\/wp\/v2\/pages\/1110","targetHints":{"allow":["GET"]}}],"collection":[{"href":"https:\/\/www.julienaschaintre.fr\/es\/wp-json\/wp\/v2\/pages"}],"about":[{"href":"https:\/\/www.julienaschaintre.fr\/es\/wp-json\/wp\/v2\/types\/page"}],"author":[{"embeddable":true,"href":"https:\/\/www.julienaschaintre.fr\/es\/wp-json\/wp\/v2\/users\/1"}],"replies":[{"embeddable":true,"href":"https:\/\/www.julienaschaintre.fr\/es\/wp-json\/wp\/v2\/comments?post=1110"}],"version-history":[{"count":9,"href":"https:\/\/www.julienaschaintre.fr\/es\/wp-json\/wp\/v2\/pages\/1110\/revisions"}],"predecessor-version":[{"id":2151,"href":"https:\/\/www.julienaschaintre.fr\/es\/wp-json\/wp\/v2\/pages\/1110\/revisions\/2151"}],"wp:attachment":[{"href":"https:\/\/www.julienaschaintre.fr\/es\/wp-json\/wp\/v2\/media?parent=1110"}],"curies":[{"name":"wp","href":"https:\/\/api.w.org\/{rel}","templated":true}]}}