{"id":1333,"date":"2025-10-29T17:00:51","date_gmt":"2025-10-29T16:00:51","guid":{"rendered":"https:\/\/www.julienaschaintre.fr\/an-atypical-story\/"},"modified":"2026-04-01T12:11:33","modified_gmt":"2026-04-01T10:11:33","slug":"an-atypical-story","status":"publish","type":"page","link":"https:\/\/www.julienaschaintre.fr\/en\/an-atypical-story\/","title":{"rendered":"An atypical story"},"content":{"rendered":"<div class=\"et_pb_section_0 et_pb_section et_section_regular et_flex_section\">\n<div class=\"et_pb_row_0 et_pb_row et_flex_row et_flex_column_24_24 preset--module--divi-row--default\">\n<div class=\"et_pb_column_0 et_pb_column et-last-child et_flex_column et_pb_css_mix_blend_mode_passthrough et_flex_column_24_24\">\n<div class=\"et_pb_text_0 et_pb_text et_pb_bg_layout_light et_pb_module et_flex_module preset--group--divi-text--divi-font-header--sw0fx4llhn preset--group--divi-text--divi-font-body--default\"><div class=\"et_pb_text_inner\"><h1>An atypical story<\/h1>\n<\/div><\/div>\n\n<div class=\"et_pb_text_1 et_pb_text et_pb_bg_layout_light et_pb_module et_flex_module preset--group--divi-text--divi-font-body--default\"><div class=\"et_pb_text_inner\"><p>At the crossroads of Burgundy and Beaujolais, Juli\u00e9nas Chaintr\u00e9 Vignerons Associ\u00e9s was born from a dual foundation, a dual love of wine, and a dual respect for the terroir.<\/p>\n<p>\u00a0<\/p>\n<\/div><\/div>\n<\/div>\n<\/div>\n\n<div class=\"et_pb_row_1 et_pb_row et_flex_row preset--module--divi-row--default\">\n<div class=\"et_pb_column_1 et_pb_column et-last-child et_flex_column et_pb_css_mix_blend_mode_passthrough et_flex_column_24_24\">\n<div class=\"et_pb_image_0 et_pb_image et_pb_module et_flex_module\"><span class=\"et_pb_image_wrap\"><img loading=\"lazy\" decoding=\"async\" src=\"https:\/\/julienaschaintre.fr\/wp-content\/uploads\/image-section.svg\" alt=\"image-section\" width=\"167\" height=\"1150\" class=\"wp-image-175\" \/><\/span><\/div>\n<\/div>\n<\/div>\n<\/div>\n\n<div class=\"et_pb_section_1 et_pb_section et_section_regular et_flex_section\">\n<div class=\"et_pb_row_2 et_pb_row et_flex_row preset--module--divi-row--default\">\n<div class=\"et_pb_column_2 et_pb_column et-last-child et_flex_column et_pb_css_mix_blend_mode_passthrough et_flex_column_24_24\">\n<div class=\"dsm_content_timeline_0 dsm_content_timeline dsm-timeline-left et_pb_module\" id=\"timeline-histoire\"><div class=\"et_pb_module_inner dsm-content-timeline-container\"><div class=\"dsm-content-timeline-items-wrapper left responsive-left \" style=\"--spacing: 50px; --tree-animatio-speed: 0ms;\" data-image_lightbox=\"off\" data-tree-animation=\"on\" data-tree-animation-tablet=\"off\" data-tree-animation-mobile=\"off\">\n<div class=\"dsm_content_timeline_child_0 dsm_content_timeline_child dsm-content-timeline-item dsm-image-icon_placement-top et_pb_module\"><div class=\"et_pb_module_inner dsm-content-timeline-item-wrapper\">\t\t\t<div class=\"dsm-content-timeline-content-wrapper\">   \t\t\n\t\t\t\t\t\t\t\t\t<div class=\"dsm-image-wrapper\">\n\t\t\t\t\t\t<div class=\"dsm-image\"> \n\t\t\t\t\t\t<img decoding=\"async\" src=\"https:\/\/www.julienaschaintre.fr\/wp-content\/uploads\/Cave-de-Chaintre-scaled.png\" alt=\"Content Timeline Image\">\n\t\t\t\t\t\t<\/div>\n\t\t\t\t\t<\/div>\n\t\t\t\t\n\t\t\t\t\t\t\t\t<div class=\"dsm-timeline-content\">\n\t\t\t\t\t<h4 class=\"dsm-title\"><\/h4>\t\t\t\t\t\t<div class=\"dsm-description\"><p>The Cave de Chaintr\u00e9 is one of the oldest cooperative wineries in France. It was founded in 1928 on the site of an ancient Gallo-Roman villa known as Villa Cantriarca. The winegrowers of Chaintr\u00e9 cultivate Chardonnay with passion, and have gradually invested in modern equipment to better control the vinification and ageing of their M\u00e2connais white wines. La Cave de Chaintr\u00e9 has been going strong for almost 100 years, and its building, \u2018Villa Cantriarca\u2019 \u2013 now known as \u2018Villa Cantrius\u2019 \u2013 has continued to evolve over the years.   <\/p>\n<p>\u00a0<\/p>\n<\/div>\t\t\t\t<\/div>\t\n\t\t\t<\/div>\n\t\t<\/div><\/div><div class=\"content-timeline-middle divisupreme_content_timeline_child_0\" style=\"--item-index: 0; --pointer-size: 20px\">\n\t\t\t\t<div class=\"content-timeline-middle-circle\"> <\/div>\n\t\t\t\t<div class=\"content-timeline-middle-line\"><\/div>\n\t\t\t\t<div class=\"content-timeline-tree-animation\"><\/div>\n\t\t\t<\/div><div class=\"divisupreme_content_timeline_child_0 content-timeline-opposite dsm-opposite-text\" style=\"--item-index: 0\"><p>1928<\/p><\/div>\n\n<div class=\"dsm_content_timeline_child_1 dsm_content_timeline_child dsm-content-timeline-item dsm-image-icon_placement-top et_pb_module\"><div class=\"et_pb_module_inner dsm-content-timeline-item-wrapper\">\t\t\t<div class=\"dsm-content-timeline-content-wrapper\">   \t\t\n\t\t\t\t\t\t\t\t\t<div class=\"dsm-image-wrapper\">\n\t\t\t\t\t\t<div class=\"dsm-image\"> \n\t\t\t\t\t\t<img decoding=\"async\" src=\"https:\/\/www.julienaschaintre.fr\/wp-content\/uploads\/Cave-de-Chaintre-4-scaled.png\" alt=\"Content Timeline Image\">\n\t\t\t\t\t\t<\/div>\n\t\t\t\t\t<\/div>\n\t\t\t\t\n\t\t\t\t\t\t\t\t<div class=\"dsm-timeline-content\">\n\t\t\t\t\t<h4 class=\"dsm-title\"><\/h4>\t\t\t\t\t\t<div class=\"dsm-description\"><p>La Cave de Juli\u00e9nas, founded in 1961, has its roots at the Ch\u00e2teau du Bois de la Salle, an iconic 17th-century building. Long occupied by monks, the estate was acquired in 1658 by Baron Charrier de Laroche, Napoleon I\u2019s first chaplain. In 1961, his descendant, Count Serres de Mesples, sold the ch\u00e2teau to a group of pioneering winegrowers united by a shared ambition: to showcase the richness and authenticity of Beaujolais wines and crus. Raoul Janin, mayor of Julli\u00e9, an agricultural engineer in Lyon and vineyard owner, became the first president of the cooperative thus established.   <\/p>\n<p>\u00a0<\/p>\n<\/div>\t\t\t\t<\/div>\t\n\t\t\t<\/div>\n\t\t<\/div><\/div><div class=\"content-timeline-middle divisupreme_content_timeline_child_1\" style=\"--item-index: 1; --pointer-size: 20px\">\n\t\t\t\t<div class=\"content-timeline-middle-circle\"> <\/div>\n\t\t\t\t<div class=\"content-timeline-middle-line\"><\/div>\n\t\t\t\t<div class=\"content-timeline-tree-animation\"><\/div>\n\t\t\t<\/div><div class=\"divisupreme_content_timeline_child_1 content-timeline-opposite dsm-opposite-text\" style=\"--item-index: 1\"><p>1961<\/p><\/div>\n\n<div class=\"dsm_content_timeline_child_2 dsm_content_timeline_child dsm-content-timeline-item dsm-image-icon_placement-top et_pb_module\"><div class=\"et_pb_module_inner dsm-content-timeline-item-wrapper\">\t\t\t<div class=\"dsm-content-timeline-content-wrapper\">   \t\t\n\t\t\t\t\t\t\t\t\t<div class=\"dsm-image-wrapper\">\n\t\t\t\t\t\t<div class=\"dsm-image\"> \n\t\t\t\t\t\t<img decoding=\"async\" src=\"https:\/\/www.julienaschaintre.fr\/wp-content\/uploads\/Construction-cave-Chaintre-scaled.png\" alt=\"Content Timeline Image\">\n\t\t\t\t\t\t<\/div>\n\t\t\t\t\t<\/div>\n\t\t\t\t\n\t\t\t\t\t\t\t\t<div class=\"dsm-timeline-content\">\n\t\t\t\t\t<h4 class=\"dsm-title\"><\/h4>\t\t\t\t\t\t<div class=\"dsm-description\"><p>In both Burgundy and Beaujolais, wines were traditionally sold through local wine merchants. To strengthen the direct link between winegrowers and wine lovers, the wineries decided to open their doors. Spaces dedicated to tasting and direct sales were created.<br \/>\nThis is how our tasting cellars came into being: at the heart of Ch\u00e2teau du Bois de la Salle in Juli\u00e9nas, and at Moulin \u00e0 l\u2019Or in Chaintr\u00e9, a site surrounded by vineyards and overlooking the M\u00e2connais basin.  <\/p>\n<p>\u00a0<\/p>\n<\/div>\t\t\t\t<\/div>\t\n\t\t\t<\/div>\n\t\t<\/div><\/div><div class=\"content-timeline-middle divisupreme_content_timeline_child_2\" style=\"--item-index: 2; --pointer-size: 20px\">\n\t\t\t\t<div class=\"content-timeline-middle-circle\"> <\/div>\n\t\t\t\t<div class=\"content-timeline-middle-line\"><\/div>\n\t\t\t\t<div class=\"content-timeline-tree-animation\"><\/div>\n\t\t\t<\/div><div class=\"divisupreme_content_timeline_child_2 content-timeline-opposite dsm-opposite-text\" style=\"--item-index: 2\"><p>1963 1965<\/p><\/div>\n\n<div class=\"dsm_content_timeline_child_3 dsm_content_timeline_child dsm-content-timeline-item dsm-image-icon_placement-top et_pb_module\"><div class=\"et_pb_module_inner dsm-content-timeline-item-wrapper\">\t\t\t<div class=\"dsm-content-timeline-content-wrapper\">   \t\t\n\t\t\t\t\t\t\t\t\t<div class=\"dsm-image-wrapper\">\n\t\t\t\t\t\t<div class=\"dsm-image\"> \n\t\t\t\t\t\t<img decoding=\"async\" src=\"https:\/\/www.julienaschaintre.fr\/wp-content\/uploads\/Chateau-du-Bois-de-la-Salle-Julienas-scaled.png\" alt=\"Content Timeline Image\">\n\t\t\t\t\t\t<\/div>\n\t\t\t\t\t<\/div>\n\t\t\t\t\n\t\t\t\t\t\t\t\t<div class=\"dsm-timeline-content\">\n\t\t\t\t\t<h4 class=\"dsm-title\"><\/h4>\t\t\t\t\t\t<div class=\"dsm-description\"><p>In 1993, the Cave de Juli\u00e9nas reached a significant milestone: the winemaking cellar was expanded and fitted with modern equipment to refine the winemaking process. The sales areas and offices were also refurbished, providing a more comfortable working environment for staff and a more welcoming atmosphere for visitors. <\/p>\n<p>\u00a0<\/p>\n<\/div>\t\t\t\t<\/div>\t\n\t\t\t<\/div>\n\t\t<\/div><\/div><div class=\"content-timeline-middle divisupreme_content_timeline_child_3\" style=\"--item-index: 3; --pointer-size: 20px\">\n\t\t\t\t<div class=\"content-timeline-middle-circle\"> <\/div>\n\t\t\t\t<div class=\"content-timeline-middle-line\"><\/div>\n\t\t\t\t<div class=\"content-timeline-tree-animation\"><\/div>\n\t\t\t<\/div><div class=\"divisupreme_content_timeline_child_3 content-timeline-opposite dsm-opposite-text\" style=\"--item-index: 3\"><p>1993<\/p><\/div>\n\n<div class=\"dsm_content_timeline_child_4 dsm_content_timeline_child dsm-content-timeline-item dsm-image-icon_placement-top last et_pb_module\"><div class=\"et_pb_module_inner dsm-content-timeline-item-wrapper\">\t\t\t<div class=\"dsm-content-timeline-content-wrapper\">   \t\t\n\t\t\t\t\t\t\t\t\t<div class=\"dsm-image-wrapper\">\n\t\t\t\t\t\t<div class=\"dsm-image\"> \n\t\t\t\t\t\t<img decoding=\"async\" src=\"https:\/\/www.julienaschaintre.fr\/wp-content\/uploads\/2013-Unions-caves-Julienas-et-Chaintre-scaled.png\" alt=\"Content Timeline Image\">\n\t\t\t\t\t\t<\/div>\n\t\t\t\t\t<\/div>\n\t\t\t\t\n\t\t\t\t\t\t\t\t<div class=\"dsm-timeline-content\">\n\t\t\t\t\t<h4 class=\"dsm-title\"><\/h4>\t\t\t\t\t\t<div class=\"dsm-description\"><h2>A new lease of life between Burgundy and Beaujolais<\/h2>\n<p>12 July 2013 marked a decisive turning point: the official merger of Cave de Chaintr\u00e9 and Cave de Juli\u00e9nas, cementing a natural alliance: Juli\u00e9nas Chaintr\u00e9 Vignerons Associ\u00e9s was born. This merger highlights the essence of the wineries, reveals their complementary strengths and injects new vitality. In the photograph capturing this momentous occasion, Bernard Galy, on the left, and Fr\u00e9d\u00e9ric Descombes, on the right, sign the merger agreement, opening a new chapter in their shared history. A powerful gesture, symbolising commitment and shared ambition.   <\/p>\n<p>\u00a0<\/p>\n<\/div>\t\t\t\t<\/div>\t\n\t\t\t<\/div>\n\t\t<\/div><\/div><div class=\"content-timeline-middle divisupreme_content_timeline_child_4 dsm-last-middle\" style=\"--item-index: 4; --pointer-size: 20px\">\n\t\t\t\t<div class=\"content-timeline-middle-circle\"> <\/div>\n\t\t\t\t<div class=\"content-timeline-middle-line\"><\/div>\n\t\t\t\t<div class=\"content-timeline-tree-animation\"><\/div>\n\t\t\t<\/div><div class=\"divisupreme_content_timeline_child_4 content-timeline-opposite dsm-opposite-text\" style=\"--item-index: 4\"><p>2013<\/p><\/div>\n<\/div><\/div><\/div>\n<\/div>\n<\/div>\n<\/div>\n\n<div class=\"et_pb_section_2 et_pb_section et_section_regular et_flex_section\">\n<div class=\"et_pb_row_3 et_pb_row et_flex_row preset--module--divi-row--default\">\n<div class=\"et_pb_column_3 et_pb_column et-last-child et_flex_column et_pb_css_mix_blend_mode_passthrough et_flex_column_24_24\">\n<div class=\"et_pb_text_2 et_pb_text et_pb_bg_layout_light et_pb_module et_flex_module preset--group--divi-text--divi-font-header--546itz4fae preset--group--divi-text--divi-font-body--default\"><div class=\"et_pb_text_inner\"><h2>Cooperation at the heart of our winery<\/h2>\n<\/div><\/div>\n<\/div>\n<\/div>\n\n<div class=\"et_pb_row_4 et_pb_row et_flex_row preset--module--divi-row--default\">\n<div class=\"et_pb_column_4 et_pb_column et-last-child et_flex_column et_pb_css_mix_blend_mode_passthrough et_flex_column_24_24\">\n<div class=\"et_pb_text_3 et_pb_text et_pb_bg_layout_light et_pb_module et_flex_module preset--group--divi-text--divi-font-header--gu43eib4p2 preset--group--divi-text--divi-font-body--default\"><div class=\"et_pb_text_inner\"><h3>Being a cooperative member means taking personal responsibility whilst working for the good of the group.<\/h3>\n<p>At the heart of Juli\u00e9nas Chaintr\u00e9 Vignerons Associ\u00e9s lies cooperation. This unique structure enables independent winegrowers to pool their resources, skills and ambitions to produce quality wines, whilst preserving their identity and expertise. <\/p>\n<h4>In a cooperative winery, everyone plays an active role and bears responsibility:<br \/><\/h4>\n<p>\u2022 Members contribute their grapes and expertise, take part in strategic decision-making, and play a part in the collective production of the wines.<br \/>\n\u2022 Our staff apply their technical expertise and passion to ensure the quality and consistency of our production, from the vineyard to the bottle, including the winery, marketing and visitor services.<\/p>\n<p>This organisation is founded on strong values: mutual support, solidarity, respect for everyone\u2019s work, the sharing of skills, and the passing on of knowledge.<br \/>\nEvery wine produced by our winery is the result of this collective effort: a true partnership between people and the land, which is the source of our cooperative\u2019s strength and longevity.<\/p>\n<p><strong>Cooperation is not merely a way of organising ourselves: it is a philosophy, a daily commitment that brings a genuine collective strength to bear, ensuring that tradition, quality and authenticity come together in every bottle we produce.<\/strong><\/p>\n<p>\u00a0<\/p>\n<\/div><\/div>\n<\/div>\n<\/div>\n<\/div>","protected":false},"excerpt":{"rendered":"","protected":false},"author":1,"featured_media":0,"parent":0,"menu_order":0,"comment_status":"closed","ping_status":"closed","template":"","meta":{"_acf_changed":false,"footnotes":""},"class_list":["post-1333","page","type-page","status-publish","hentry"],"acf":[],"dsm_author":{"name":"EcloLINK","avatar_url":"https:\/\/secure.gravatar.com\/avatar\/d7b0f0516c588dc011dbb1eae8f7c0f0c8cd88687bda59590f90bd2bf5e806ca?s=96&d=mm&r=g","archive_link":"https:\/\/www.julienaschaintre.fr\/en\/author\/s7l4d3hoffrdzp\/","biodata":""},"dsm_categories":[],"dsm_attachment_categories":[],"dsm_featured_image":null,"yoast_head":"<!-- This site is optimized with the Yoast SEO plugin v27.1.1 - https:\/\/yoast.com\/product\/yoast-seo-wordpress\/ -->\n<title>Juli\u00e9nas Chaintr\u00e9 Vignerons Associ\u00e9s &#8226; An atypical story<\/title>\n<meta name=\"robots\" content=\"index, follow, max-snippet:-1, max-image-preview:large, max-video-preview:-1\" \/>\n<link rel=\"canonical\" href=\"https:\/\/www.julienaschaintre.fr\/en\/an-atypical-story\/\" \/>\n<meta property=\"og:locale\" content=\"en_US\" \/>\n<meta property=\"og:type\" content=\"article\" \/>\n<meta property=\"og:title\" content=\"Juli\u00e9nas Chaintr\u00e9 Vignerons Associ\u00e9s &#8226; An atypical story\" \/>\n<meta property=\"og:url\" content=\"https:\/\/www.julienaschaintre.fr\/en\/an-atypical-story\/\" \/>\n<meta property=\"og:site_name\" content=\"Juli\u00e9nas Chaintr\u00e9 Vignerons Associ\u00e9s\" \/>\n<meta property=\"article:publisher\" content=\"https:\/\/www.facebook.com\/julienaschaintrevigneronsassocies\" \/>\n<meta property=\"article:modified_time\" content=\"2026-04-01T10:11:33+00:00\" \/>\n<meta name=\"twitter:card\" content=\"summary_large_image\" \/>\n<script type=\"application\/ld+json\" class=\"yoast-schema-graph\">{\"@context\":\"https:\/\/schema.org\",\"@graph\":[{\"@type\":\"WebPage\",\"@id\":\"https:\/\/www.julienaschaintre.fr\/en\/an-atypical-story\/\",\"url\":\"https:\/\/www.julienaschaintre.fr\/en\/an-atypical-story\/\",\"name\":\"Juli\u00e9nas Chaintr\u00e9 Vignerons Associ\u00e9s &#8226; An atypical story\",\"isPartOf\":{\"@id\":\"https:\/\/www.julienaschaintre.fr\/en\/#website\"},\"datePublished\":\"2025-10-29T16:00:51+00:00\",\"dateModified\":\"2026-04-01T10:11:33+00:00\",\"breadcrumb\":{\"@id\":\"https:\/\/www.julienaschaintre.fr\/en\/an-atypical-story\/#breadcrumb\"},\"inLanguage\":\"en-US\",\"potentialAction\":[{\"@type\":\"ReadAction\",\"target\":[\"https:\/\/www.julienaschaintre.fr\/en\/an-atypical-story\/\"]}]},{\"@type\":\"BreadcrumbList\",\"@id\":\"https:\/\/www.julienaschaintre.fr\/en\/an-atypical-story\/#breadcrumb\",\"itemListElement\":[{\"@type\":\"ListItem\",\"position\":1,\"name\":\"Home\",\"item\":\"https:\/\/www.julienaschaintre.fr\/en\/\"},{\"@type\":\"ListItem\",\"position\":2,\"name\":\"An atypical story\"}]},{\"@type\":\"WebSite\",\"@id\":\"https:\/\/www.julienaschaintre.fr\/en\/#website\",\"url\":\"https:\/\/www.julienaschaintre.fr\/en\/\",\"name\":\"Juli\u00e9nas Chaintr\u00e9 Vignerons Associ\u00e9s\",\"description\":\"\",\"alternateName\":\"Cave de Juli\u00e9nas Chaintr\u00e9\",\"potentialAction\":[{\"@type\":\"SearchAction\",\"target\":{\"@type\":\"EntryPoint\",\"urlTemplate\":\"https:\/\/www.julienaschaintre.fr\/en\/?s={search_term_string}\"},\"query-input\":{\"@type\":\"PropertyValueSpecification\",\"valueRequired\":true,\"valueName\":\"search_term_string\"}}],\"inLanguage\":\"en-US\"}]}<\/script>\n<!-- \/ Yoast SEO plugin. -->","yoast_head_json":{"title":"Juli\u00e9nas Chaintr\u00e9 Vignerons Associ\u00e9s &#8226; An atypical story","robots":{"index":"index","follow":"follow","max-snippet":"max-snippet:-1","max-image-preview":"max-image-preview:large","max-video-preview":"max-video-preview:-1"},"canonical":"https:\/\/www.julienaschaintre.fr\/en\/an-atypical-story\/","og_locale":"en_US","og_type":"article","og_title":"Juli\u00e9nas Chaintr\u00e9 Vignerons Associ\u00e9s &#8226; An atypical story","og_url":"https:\/\/www.julienaschaintre.fr\/en\/an-atypical-story\/","og_site_name":"Juli\u00e9nas Chaintr\u00e9 Vignerons Associ\u00e9s","article_publisher":"https:\/\/www.facebook.com\/julienaschaintrevigneronsassocies","article_modified_time":"2026-04-01T10:11:33+00:00","twitter_card":"summary_large_image","schema":{"@context":"https:\/\/schema.org","@graph":[{"@type":"WebPage","@id":"https:\/\/www.julienaschaintre.fr\/en\/an-atypical-story\/","url":"https:\/\/www.julienaschaintre.fr\/en\/an-atypical-story\/","name":"Juli\u00e9nas Chaintr\u00e9 Vignerons Associ\u00e9s &#8226; An atypical story","isPartOf":{"@id":"https:\/\/www.julienaschaintre.fr\/en\/#website"},"datePublished":"2025-10-29T16:00:51+00:00","dateModified":"2026-04-01T10:11:33+00:00","breadcrumb":{"@id":"https:\/\/www.julienaschaintre.fr\/en\/an-atypical-story\/#breadcrumb"},"inLanguage":"en-US","potentialAction":[{"@type":"ReadAction","target":["https:\/\/www.julienaschaintre.fr\/en\/an-atypical-story\/"]}]},{"@type":"BreadcrumbList","@id":"https:\/\/www.julienaschaintre.fr\/en\/an-atypical-story\/#breadcrumb","itemListElement":[{"@type":"ListItem","position":1,"name":"Home","item":"https:\/\/www.julienaschaintre.fr\/en\/"},{"@type":"ListItem","position":2,"name":"An atypical story"}]},{"@type":"WebSite","@id":"https:\/\/www.julienaschaintre.fr\/en\/#website","url":"https:\/\/www.julienaschaintre.fr\/en\/","name":"Juli\u00e9nas Chaintr\u00e9 Vignerons Associ\u00e9s","description":"","alternateName":"Cave de Juli\u00e9nas Chaintr\u00e9","potentialAction":[{"@type":"SearchAction","target":{"@type":"EntryPoint","urlTemplate":"https:\/\/www.julienaschaintre.fr\/en\/?s={search_term_string}"},"query-input":{"@type":"PropertyValueSpecification","valueRequired":true,"valueName":"search_term_string"}}],"inLanguage":"en-US"}]}},"_links":{"self":[{"href":"https:\/\/www.julienaschaintre.fr\/en\/wp-json\/wp\/v2\/pages\/1333","targetHints":{"allow":["GET"]}}],"collection":[{"href":"https:\/\/www.julienaschaintre.fr\/en\/wp-json\/wp\/v2\/pages"}],"about":[{"href":"https:\/\/www.julienaschaintre.fr\/en\/wp-json\/wp\/v2\/types\/page"}],"author":[{"embeddable":true,"href":"https:\/\/www.julienaschaintre.fr\/en\/wp-json\/wp\/v2\/users\/1"}],"replies":[{"embeddable":true,"href":"https:\/\/www.julienaschaintre.fr\/en\/wp-json\/wp\/v2\/comments?post=1333"}],"version-history":[{"count":16,"href":"https:\/\/www.julienaschaintre.fr\/en\/wp-json\/wp\/v2\/pages\/1333\/revisions"}],"predecessor-version":[{"id":1997,"href":"https:\/\/www.julienaschaintre.fr\/en\/wp-json\/wp\/v2\/pages\/1333\/revisions\/1997"}],"wp:attachment":[{"href":"https:\/\/www.julienaschaintre.fr\/en\/wp-json\/wp\/v2\/media?parent=1333"}],"curies":[{"name":"wp","href":"https:\/\/api.w.org\/{rel}","templated":true}]}}