{"id":1288,"date":"2025-10-30T15:33:54","date_gmt":"2025-10-30T14:33:54","guid":{"rendered":"https:\/\/www.julienaschaintre.fr\/our-fine-appellations\/"},"modified":"2026-04-01T14:34:09","modified_gmt":"2026-04-01T12:34:09","slug":"our-fine-appellations","status":"publish","type":"page","link":"https:\/\/www.julienaschaintre.fr\/en\/our-fine-appellations\/","title":{"rendered":"Our Fine Appellations"},"content":{"rendered":"<div class=\"et_pb_section_0 et_pb_section et_section_regular et_flex_section\">\n<div class=\"et_pb_row_0 et_pb_row et_flex_row et_flex_column_24_24 preset--module--divi-row--default\">\n<div class=\"et_pb_column_0 et_pb_column et_flex_column et_pb_css_mix_blend_mode_passthrough et_flex_column_11_24 et_flex_column_3_5_tablet et_flex_column_24_24_phone et_flex_column_3_5_tabletWide\">\n<div class=\"et_pb_text_0 et_pb_text et_pb_bg_layout_light et_pb_module et_flex_module preset--group--divi-text--divi-font-header--sw0fx4llhn preset--group--divi-text--divi-font-body--default\"><div class=\"et_pb_text_inner\"><h1>Our Fine Appellations<\/h1>\n<\/div><\/div>\n\n<div class=\"et_pb_text_1 et_pb_text et_pb_bg_layout_light et_pb_module et_flex_module preset--group--divi-text--divi-font-body--default\"><div class=\"et_pb_text_inner\"><p>At the crossroads of two major wine regions, our winery brings together committed winemakers, devoted to their terroirs and their expertise. This privileged location allows us to offer a complete range from M\u00e2connais &#038; Beaujolais.<br \/>\nA diversity of appellations that will delight your palate, whether fresh fruit-forward wines, terroirs and climats that fully express the diversity of soils, or premium cuv\u00e9es that we have carefully nurtured with several months of aging on lees or in barrels. <\/p>\n<p>\u00a0<\/p>\n<\/div><\/div>\n<\/div>\n\n<div class=\"et_pb_column_1 et_pb_column et-last-child et_flex_column et_pb_css_mix_blend_mode_passthrough et_flex_column_13_24 et_flex_column_2_5_tablet et_flex_column_24_24_phone et_flex_column_2_5_tabletWide\">\n<div class=\"et_pb_image_0 et_pb_image et_flex_column_24_24 et_pb_module et_flex_module\"><span class=\"et_pb_image_wrap\"><img loading=\"lazy\" decoding=\"async\" src=\"https:\/\/www.julienaschaintre.fr\/wp-content\/uploads\/Vendanges-blanc-scaled.jpg\" width=\"2560\" height=\"1707\" srcset=\"https:\/\/www.julienaschaintre.fr\/wp-content\/uploads\/Vendanges-blanc-scaled.jpg 2560w, https:\/\/www.julienaschaintre.fr\/wp-content\/uploads\/Vendanges-blanc-1280x854.jpg 1280w, https:\/\/www.julienaschaintre.fr\/wp-content\/uploads\/Vendanges-blanc-980x653.jpg 980w, https:\/\/www.julienaschaintre.fr\/wp-content\/uploads\/Vendanges-blanc-480x320.jpg 480w\" sizes=\"(min-width: 0px) and (max-width: 480px) 480px, (min-width: 481px) and (max-width: 980px) 980px, (min-width: 981px) and (max-width: 1280px) 1280px, (min-width: 1281px) 2560px, 100vw\" class=\"wp-image-1032\" \/><\/span><\/div>\n<\/div>\n<\/div>\n<\/div>\n\n<div class=\"et_pb_section_1 et_pb_section et_section_regular et_flex_section\">\n<div class=\"et_pb_row_1 et_pb_row et_flex_row preset--module--divi-row--default\">\n<div class=\"et_pb_column_2 et_pb_column et-last-child et_flex_column et_pb_css_mix_blend_mode_passthrough et_flex_column_24_24\">\n<div class=\"et_pb_code_0 et_pb_code et_pb_module\"><div class=\"et_pb_code_inner\"><div class=\"gammes-wrapper\"><div class=\"gammes-intro\"><h2><\/h2><a href=\"\" class=\"btn-boutique gammes\">Boutique en ligne<\/a><\/div><div class=\"gamme-wrapper\"><div class=\"gamme-item active\" data-gamme=\"The Authentic Ones\"><img decoding=\"async\" class=\"gamme-image\" src=\"https:\/\/www.julienaschaintre.fr\/wp-content\/uploads\/Authentiques-hd-1-1-scaled-e1772115247288.png\" alt=\"image gamme The Authentic Ones\"><div class=\"gamme-infos\" ><h3><span class=\"sup-text-gamme\">gamme<\/span> The Authentic Ones<\/h3><p class=\"p1\">Our winery\u2019s classic range: authentic, genuine and generous wines, just like our winegrowers. Here, fruit is the key to our winemaking: a conscious choice to allow the precision and respect for the natural character of Chardonnay and Gamay to shine through. <\/p>\n<\/div><\/div><div class=\"gamme-item \" data-gamme=\"Climats and Terroirs\"><img decoding=\"async\" class=\"gamme-image\" src=\"https:\/\/www.julienaschaintre.fr\/wp-content\/uploads\/Gamme-climats-terroirs-HD-1-scaled-e1772119971657.png\" alt=\"image gamme Climats and Terroirs\"><div class=\"gamme-infos\" ><h3><span class=\"sup-text-gamme\">gamme<\/span> Climats and Terroirs<\/h3><p class=\"p1\">Each vintage tells the story of a specific plot, an aspect, and a history. These are wines of character that elegantly reveal the richness and diversity of our Burgundian and Beaujolais soils. <\/p>\n<\/div><\/div><div class=\"gamme-item \" data-gamme=\"The Iconic Wines\"><img decoding=\"async\" class=\"gamme-image\" src=\"https:\/\/www.julienaschaintre.fr\/wp-content\/uploads\/Gamme-Emblematiques-HD-scaled-e1772118790762.png\" alt=\"image gamme Iconic\"><div class=\"gamme-infos\" ><h3><span class=\"sup-text-gamme\">gamme<\/span> Iconic<\/h3><p class=\"p1\">Produced from exceptional vineyards, these are elegant, distinguished wines, meticulously crafted and aged to become the signature wines of our winery.<\/p>\n<\/div><\/div><div class=\"gamme-item \" data-gamme=\"Terre d&#8217;Eden ORGANIC\"><img decoding=\"async\" class=\"gamme-image\" src=\"https:\/\/www.julienaschaintre.fr\/wp-content\/uploads\/gamme-bIO-HD-scaled-e1772120008805.png\" alt=\"image gamme Terre d'Eden ORGANIC\"><div class=\"gamme-infos\" ><h3><span class=\"sup-text-gamme\">gamme<\/span> Terre d'Eden ORGANIC<\/h3><p class=\"p1\"><span class=\"s1\">Produced from vines cultivated with respect for nature, our organic wines reflect the balance between terroir and the environment. <\/span><\/p>\n<\/div><\/div><div class=\"gamme-item \" data-gamme=\"Sparkling and Sweet Wines\"><img decoding=\"async\" class=\"gamme-image\" src=\"https:\/\/www.julienaschaintre.fr\/wp-content\/uploads\/effervescents-HD-scaled-e1772119876375.png\" alt=\"image gamme Fizzy and Chewy<br>\"><div class=\"gamme-infos\" ><h3><span class=\"sup-text-gamme\">gamme<\/span> Fizzy and Chewy<br><\/h3><p class=\"p1\"><span class=\"s1\">Fine, elegant bubbles to celebrate good company! Our sparkling wines are perfect for sharing life\u2019s joyful moments.<br \/> <\/span><\/p>\n<\/div><\/div><\/div><\/div><div class=\"gammes-links\"><button class=\"active\"  data-trigger=\"The Authentic Ones\">The Authentic Ones<\/button><button  data-trigger=\"Climats and Terroirs\">Climats and Terroirs<\/button><button  data-trigger=\"The Iconic Wines\">The Iconic Wines<\/button><button  data-trigger=\"Terre d&#8217;Eden ORGANIC\">Terre d&#8217;Eden ORGANIC<\/button><button  data-trigger=\"Sparkling and Sweet Wines\">Sparkling and Sweet Wines<\/button><\/div><\/div><\/div>\n<\/div>\n<\/div>\n<\/div>\n\n<div class=\"et_pb_section_2 et_pb_section et_section_regular et_flex_section\">\n<div class=\"et_pb_row_2 et_pb_row et_flex_row preset--module--divi-row--default\">\n<div class=\"et_pb_column_3 et_pb_column et_flex_column et_pb_css_mix_blend_mode_passthrough et_flex_column_24_24\">\n<div class=\"et_pb_text_2 et_pb_text et_pb_bg_layout_light et_pb_module et_flex_module preset--group--divi-text--divi-font-header--546itz4fae preset--group--divi-text--divi-font-body--default\"><div class=\"et_pb_text_inner\"><h2>Beaujolais<\/h2>\n<\/div><\/div>\n\n<div class=\"et_pb_text_3 et_pb_text et_pb_bg_layout_light et_pb_module et_flex_module preset--group--divi-text--divi-font-header--546itz4fae preset--group--divi-text--divi-font-body--default\"><div class=\"et_pb_text_inner\" data-et-multi-view-load-phone-hidden=\"true\"><p>On the hillsides, with their remarkable diversity of soils (granite, schist, blue stone, etc.) \u2013 often steep and well exposed to the sun \u2013 Gamay finds ideal growing conditions. The temperate climate and the nature of the soils give the red wines their liveliness, depth and unique aromatic richness. <\/p>\n<h3>The Appellations<\/h3>\n<ul>\n<li>Juli\u00e9nas<\/li>\n<li>Saint-Amour<\/li>\n<li>Ch\u00e9nas<\/li>\n<li>Moulin-\u00e0-Vent<\/li>\n<li>Fleurie<\/li>\n<li>Chiroubles<\/li>\n<li>Morgon<\/li>\n<li>Brouilly<\/li>\n<li>Beaujolais-Villages<\/li>\n<li>Beaujolais-Villages Blanc<\/li>\n<\/ul>\n<\/div><\/div>\n\n<div class=\"et_pb_module et_pb_button_module_wrapper et_pb_button_0_wrapper preset--group--divi-button--divi-button--smeenojnxi_wrapper\"><a class=\"et_pb_button_0 et_pb_button et_pb_bg_layout_light et_pb_module et_flex_module preset--group--divi-button--divi-button--smeenojnxi\" href=\"\">Online shop<\/a><\/div>\n<\/div>\n\n<div class=\"et_pb_column_4 et_pb_column et-last-child et_flex_column et_pb_css_mix_blend_mode_passthrough et_flex_column_24_24\">\n<div class=\"et_pb_text_4 et_pb_text et_pb_bg_layout_light et_pb_module et_flex_module preset--group--divi-text--divi-font-header--546itz4fae preset--group--divi-text--divi-font-body--default\"><div class=\"et_pb_text_inner\"><h2>Burgundy \/ M\u00e2connais<\/h2>\n<\/div><\/div>\n\n<div class=\"et_pb_text_5 et_pb_text et_pb_bg_layout_light et_pb_module et_flex_module preset--group--divi-text--divi-font-header--546itz4fae preset--group--divi-text--divi-font-body--default\"><div class=\"et_pb_text_inner\" data-et-multi-view-load-phone-hidden=\"true\"><p>In southern Burgundy, the M\u00e2connais is renowned for its white wines made from Chardonnay, the region&#8217;s emblematic grape variety. Thanks to a diversity of microclimates, it reveals remarkable typicity, with whites combining elegance, finesse, and notes of white fruits. <\/p>\n<h3>The Appellations<\/h3>\n<ul>\n<li>Pouilly-Fuiss\u00e9 1er Cru<\/li>\n<li>Pouilly-Fuiss\u00e9<\/li>\n<li>M\u00e2con-Chaintr\u00e9<\/li>\n<li>M\u00e2con-Fuiss\u00e9<\/li>\n<li>Saint-V\u00e9ran<\/li>\n<li>Pouilly-Vinzelles<\/li>\n<li>Bourgogne Chardonnay<\/li>\n<li>Cr\u00e9mant de Bourgogne<\/li>\n<\/ul>\n<\/div><\/div>\n\n<div class=\"et_pb_module et_pb_button_module_wrapper et_pb_button_1_wrapper preset--group--divi-button--divi-button--smeenojnxi_wrapper\"><a class=\"et_pb_button_1 et_pb_button et_pb_bg_layout_light et_pb_module et_flex_module preset--group--divi-button--divi-button--smeenojnxi\" href=\"\">Online shop<\/a><\/div>\n<\/div>\n<\/div>\n<\/div>\n\n<div class=\"et_pb_section_3 et_pb_section et_section_regular et_flex_section\">\n<div class=\"et_pb_row_3 et_pb_row et_flex_row preset--module--divi-row--default\">\n<div class=\"et_pb_column_5 et_pb_column et-last-child et_flex_column et_pb_css_mix_blend_mode_passthrough et_flex_column_24_24\">\n<div class=\"et_pb_image_1 et_pb_image et_pb_module et_flex_module\"><span class=\"et_pb_image_wrap\"><img loading=\"lazy\" decoding=\"async\" src=\"https:\/\/julienaschaintre.fr\/wp-content\/uploads\/image-section-2.svg\" alt=\"image-section-2\" width=\"319\" height=\"1099\" class=\"wp-image-244\" \/><\/span><\/div>\n<\/div>\n<\/div>\n\n<div class=\"et_pb_row_4 et_pb_row et_flex_row preset--module--divi-row--default\">\n<div class=\"et_pb_column_6 et_pb_column et-last-child et_flex_column et_pb_css_mix_blend_mode_passthrough et_flex_column_24_24\">\n<div class=\"et_pb_code_1 et_pb_code et_pb_module\"><div class=\"et_pb_code_inner\"><p class=\"swiper-error\">Aucune image trouv\u00e9e dans le carrousel.<\/p><\/div><\/div>\n<\/div>\n<\/div>\n<\/div>\n\n<div class=\"et_pb_section_4 et_pb_section et_section_regular et_flex_section\">\n<div class=\"et_pb_row_5 et_pb_row et_flex_row preset--module--divi-row--default\">\n<div class=\"et_pb_column_7 et_pb_column et-last-child et_flex_column et_pb_css_mix_blend_mode_passthrough et_flex_column_24_24\">\n<div class=\"et_pb_group_0 et_pb_group et_pb_module et_flex_group et_pb_css_mix_blend_mode_passthrough\">\n<div class=\"et_pb_text_6 et_pb_text et_pb_bg_layout_light et_pb_module et_flex_module preset--group--divi-text--divi-font-header--jhpz8g7ut0 preset--group--divi-text--divi-font-body--default\"><div class=\"et_pb_text_inner\"><h2 class=\"deco-left\">Our quality approach<\/h2>\n<\/div><\/div>\n\n<div class=\"et_pb_text_7 et_pb_text et_pb_bg_layout_light et_pb_module et_flex_module preset--group--divi-text--divi-font-header--jhpz8g7ut0 preset--group--divi-text--divi-font-body--default\"><div class=\"et_pb_text_inner\"><p>Our cooperative winery was one of the first to work with a viticultural technician, demonstrating our commitment to supporting our winegrowers with dedication and expertise. Today, Caroline Leroux, a renowned viticultural technician, supports our members in all aspects of managing their vineyards. Her commitment is reflected in her constant presence in the field; she leads working groups, facilitates and organises training sessions and technical meetings. She established our winery\u2019s collective framework for the High Environmental Value (HVE) certification.   <\/p>\n<p>\u00a0<\/p>\n<\/div><\/div>\n<\/div>\n\n<div class=\"et_pb_group_1 et_pb_group et-last-child et_pb_module et_flex_group et_pb_css_mix_blend_mode_passthrough\">\n<div class=\"et_pb_group_2 et_pb_group et_pb_module et_pb_css_mix_blend_mode_passthrough\">\n<div class=\"et_pb_text_8 et_pb_text et_pb_bg_layout_light et_pb_module et_flex_module preset--group--divi-text--divi-font-header--vwb9gayrqf preset--group--divi-text--divi-font-body--default\"><div class=\"et_pb_text_inner\"><h3>Respect for the vines<\/h3>\n<\/div><\/div>\n\n<div class=\"et_pb_divider_0 et_pb_divider et_pb_space et_pb_divider_position_top et_pb_module\"><div class=\"et_pb_divider_internal\"><\/div><\/div>\n\n<div class=\"et_pb_text_9 et_pb_text et_pb_bg_layout_light et_pb_module et_flex_module preset--group--divi-text--divi-font-header--vwb9gayrqf preset--group--divi-text--divi-font-body--default\"><div class=\"et_pb_text_inner\"><p>Committed to preserving nature and biodiversity, the winegrowers favour an integrated pest management approach and intervene sparingly in the vineyards, depending on climatic conditions. Caroline Le Roux, our technical advisor, works alongside them to promote sustainable viticulture; she guides and supports them in adopting appropriate practices and management techniques. <\/p>\n<p>\u00a0<\/p>\n<\/div><\/div>\n<\/div>\n\n<div class=\"et_pb_group_3 et_pb_group et_pb_module et_pb_css_mix_blend_mode_passthrough\">\n<div class=\"et_pb_text_10 et_pb_text et_pb_bg_layout_light et_pb_module et_flex_module preset--group--divi-text--divi-font-header--vwb9gayrqf preset--group--divi-text--divi-font-body--default\"><div class=\"et_pb_text_inner\"><h3>Wine-making expertise<\/h3>\n<\/div><\/div>\n\n<div class=\"et_pb_divider_1 et_pb_divider et_pb_space et_pb_divider_position_top et_pb_module\"><div class=\"et_pb_divider_internal\"><\/div><\/div>\n\n<div class=\"et_pb_text_11 et_pb_text et_pb_bg_layout_light et_pb_module et_flex_module preset--group--divi-text--divi-font-header--vwb9gayrqf preset--group--divi-text--divi-font-body--default\"><div class=\"et_pb_text_inner\"><p>Bringing out the character of our two grape varieties and highlighting their origins are the guiding principles of our winery, which is often described as a \u2018small estate\u2019 in terms of its operations. For almost 10 years now, we have been making our red wines without adding sulphites during fermentation and protecting our white wines as much as possible using \u2018Bio Protection\u2019. Inputs are kept to a minimum to achieve optimal aromatic expression.  <\/p>\n<p>\u00a0<\/p>\n<\/div><\/div>\n<\/div>\n\n<div class=\"et_pb_group_4 et_pb_group et-last-child et_pb_module et_pb_css_mix_blend_mode_passthrough\">\n<div class=\"et_pb_text_12 et_pb_text et_pb_bg_layout_light et_pb_module et_flex_module preset--group--divi-text--divi-font-header--vwb9gayrqf preset--group--divi-text--divi-font-body--default\"><div class=\"et_pb_text_inner\"><h3>Transmission<\/h3>\n<\/div><\/div>\n\n<div class=\"et_pb_divider_2 et_pb_divider et_pb_space et_pb_divider_position_top et_pb_module\"><div class=\"et_pb_divider_internal\"><\/div><\/div>\n\n<div class=\"et_pb_text_13 et_pb_text et_pb_bg_layout_light et_pb_module et_flex_module preset--group--divi-text--divi-font-header--vwb9gayrqf preset--group--divi-text--divi-font-body--default\"><div class=\"et_pb_text_inner\"><p>Our wines are gently matured with careful intervention to ensure moderate extraction, resulting in soft, velvety tannins in our reds and precise, rounded tannins in our whites. Whether short or longer, maceration and the winemaking process in general remain as traditional as possible. <\/p>\n<p>\u00a0<\/p>\n<\/div><\/div>\n<\/div>\n<\/div>\n<\/div>\n<\/div>\n\n<div class=\"et_pb_row_6 et_pb_row et_flex_row preset--module--divi-row--default\">\n<div class=\"et_pb_column_8 et_pb_column et-last-child et_flex_column et_pb_css_mix_blend_mode_passthrough et_flex_column_24_24\">\n<div class=\"et_pb_group_5 et_pb_group et_pb_module et_flex_group et_pb_css_mix_blend_mode_passthrough\">\n<div class=\"et_pb_text_14 et_pb_text et_pb_bg_layout_light et_pb_module et_flex_module preset--group--divi-text--divi-font-header--jhpz8g7ut0 preset--group--divi-text--divi-font-body--default\"><div class=\"et_pb_text_inner\"><h2 class=\"deco-left\">Labels<\/h2>\n<\/div><\/div>\n<\/div>\n\n<div class=\"et_pb_group_6 et_pb_group et-last-child et_pb_module et_flex_group et_pb_css_mix_blend_mode_passthrough\">\n<div class=\"et_pb_group_7 et_pb_group et_pb_module et_flex_group et_pb_css_mix_blend_mode_passthrough\">\n<div class=\"et_pb_image_2 et_pb_image et_flex_column_8_24 et_flex_column_24_24_phone et_pb_module et_flex_module\"><span class=\"et_pb_image_wrap\"><img loading=\"lazy\" decoding=\"async\" src=\"https:\/\/www.julienaschaintre.fr\/wp-content\/uploads\/label-environnement.png\" width=\"189\" height=\"189\" srcset=\"https:\/\/www.julienaschaintre.fr\/wp-content\/uploads\/label-environnement.png 189w, https:\/\/www.julienaschaintre.fr\/wp-content\/uploads\/label-environnement-150x150.png 150w\" sizes=\"(max-width: 189px) 100vw, 189px\" class=\"wp-image-206\" \/><\/span><\/div>\n\n<div class=\"et_pb_text_15 et_pb_text et_pb_bg_layout_light et_pb_module et_flex_module et_flex_column_16_24 et_flex_column_24_24_phone preset--group--divi-text--divi-font-header--vwb9gayrqf preset--group--divi-text--divi-font-body--default\"><div class=\"et_pb_text_inner\"><p> High Environmental Value is an environmental certification scheme for farms. This prestigious designation is a voluntary initiative. <\/p>\n<\/div><\/div>\n<\/div>\n\n<div class=\"et_pb_group_8 et_pb_group et-last-child et_pb_module et_flex_group et_pb_css_mix_blend_mode_passthrough\">\n<div class=\"et_pb_image_3 et_pb_image et_flex_column_8_24 et_flex_column_24_24_phone et_pb_module et_flex_module\"><span class=\"et_pb_image_wrap\"><img loading=\"lazy\" decoding=\"async\" src=\"https:\/\/www.julienaschaintre.fr\/wp-content\/uploads\/label-bio.jpg\" width=\"124\" height=\"186\" sizes=\"(max-width: 124px) 100vw, 124px\" class=\"wp-image-207\" \/><\/span><\/div>\n\n<div class=\"et_pb_text_16 et_pb_text et_pb_bg_layout_light et_pb_module et_flex_module et_flex_column_16_24 et_flex_column_24_24_phone preset--group--divi-text--divi-font-header--vwb9gayrqf preset--group--divi-text--divi-font-body--default\"><div class=\"et_pb_text_inner\"><p> Organic farming is a comprehensive agricultural production system that combines best environmental practices, respect for biodiversity, the conservation of natural resources and the application of high standards of animal welfare.<\/p>\n<\/div><\/div>\n<\/div>\n<\/div>\n<\/div>\n<\/div>\n<\/div>","protected":false},"excerpt":{"rendered":"","protected":false},"author":1,"featured_media":0,"parent":0,"menu_order":0,"comment_status":"closed","ping_status":"closed","template":"","meta":{"_acf_changed":false,"footnotes":""},"class_list":["post-1288","page","type-page","status-publish","hentry"],"acf":[],"dsm_author":{"name":"EcloLINK","avatar_url":"https:\/\/secure.gravatar.com\/avatar\/d7b0f0516c588dc011dbb1eae8f7c0f0c8cd88687bda59590f90bd2bf5e806ca?s=96&d=mm&r=g","archive_link":"https:\/\/www.julienaschaintre.fr\/en\/author\/s7l4d3hoffrdzp\/","biodata":""},"dsm_categories":[],"dsm_attachment_categories":[],"dsm_featured_image":null,"yoast_head":"<!-- This site is optimized with the Yoast SEO plugin v27.1.1 - https:\/\/yoast.com\/product\/yoast-seo-wordpress\/ -->\n<title>Juli\u00e9nas Chaintr\u00e9 Vignerons Associ\u00e9s &#8226; Our Fine Appellations<\/title>\n<meta name=\"robots\" content=\"index, follow, max-snippet:-1, max-image-preview:large, max-video-preview:-1\" \/>\n<link rel=\"canonical\" href=\"https:\/\/www.julienaschaintre.fr\/en\/our-fine-appellations\/\" \/>\n<meta property=\"og:locale\" content=\"en_US\" \/>\n<meta property=\"og:type\" content=\"article\" \/>\n<meta property=\"og:title\" content=\"Juli\u00e9nas Chaintr\u00e9 Vignerons Associ\u00e9s &#8226; Our Fine Appellations\" \/>\n<meta property=\"og:url\" content=\"https:\/\/www.julienaschaintre.fr\/en\/our-fine-appellations\/\" \/>\n<meta property=\"og:site_name\" content=\"Juli\u00e9nas Chaintr\u00e9 Vignerons Associ\u00e9s\" \/>\n<meta property=\"article:publisher\" content=\"https:\/\/www.facebook.com\/julienaschaintrevigneronsassocies\" \/>\n<meta property=\"article:modified_time\" content=\"2026-04-01T12:34:09+00:00\" \/>\n<meta name=\"twitter:card\" content=\"summary_large_image\" \/>\n<script type=\"application\/ld+json\" class=\"yoast-schema-graph\">{\"@context\":\"https:\/\/schema.org\",\"@graph\":[{\"@type\":\"WebPage\",\"@id\":\"https:\/\/www.julienaschaintre.fr\/en\/our-fine-appellations\/\",\"url\":\"https:\/\/www.julienaschaintre.fr\/en\/our-fine-appellations\/\",\"name\":\"Juli\u00e9nas Chaintr\u00e9 Vignerons Associ\u00e9s &#8226; Our Fine Appellations\",\"isPartOf\":{\"@id\":\"https:\/\/www.julienaschaintre.fr\/en\/#website\"},\"datePublished\":\"2025-10-30T14:33:54+00:00\",\"dateModified\":\"2026-04-01T12:34:09+00:00\",\"breadcrumb\":{\"@id\":\"https:\/\/www.julienaschaintre.fr\/en\/our-fine-appellations\/#breadcrumb\"},\"inLanguage\":\"en-US\",\"potentialAction\":[{\"@type\":\"ReadAction\",\"target\":[\"https:\/\/www.julienaschaintre.fr\/en\/our-fine-appellations\/\"]}]},{\"@type\":\"BreadcrumbList\",\"@id\":\"https:\/\/www.julienaschaintre.fr\/en\/our-fine-appellations\/#breadcrumb\",\"itemListElement\":[{\"@type\":\"ListItem\",\"position\":1,\"name\":\"Home\",\"item\":\"https:\/\/www.julienaschaintre.fr\/en\/\"},{\"@type\":\"ListItem\",\"position\":2,\"name\":\"Our Fine Appellations\"}]},{\"@type\":\"WebSite\",\"@id\":\"https:\/\/www.julienaschaintre.fr\/en\/#website\",\"url\":\"https:\/\/www.julienaschaintre.fr\/en\/\",\"name\":\"Juli\u00e9nas Chaintr\u00e9 Vignerons Associ\u00e9s\",\"description\":\"\",\"alternateName\":\"Cave de Juli\u00e9nas Chaintr\u00e9\",\"potentialAction\":[{\"@type\":\"SearchAction\",\"target\":{\"@type\":\"EntryPoint\",\"urlTemplate\":\"https:\/\/www.julienaschaintre.fr\/en\/?s={search_term_string}\"},\"query-input\":{\"@type\":\"PropertyValueSpecification\",\"valueRequired\":true,\"valueName\":\"search_term_string\"}}],\"inLanguage\":\"en-US\"}]}<\/script>\n<!-- \/ Yoast SEO plugin. -->","yoast_head_json":{"title":"Juli\u00e9nas Chaintr\u00e9 Vignerons Associ\u00e9s &#8226; Our Fine Appellations","robots":{"index":"index","follow":"follow","max-snippet":"max-snippet:-1","max-image-preview":"max-image-preview:large","max-video-preview":"max-video-preview:-1"},"canonical":"https:\/\/www.julienaschaintre.fr\/en\/our-fine-appellations\/","og_locale":"en_US","og_type":"article","og_title":"Juli\u00e9nas Chaintr\u00e9 Vignerons Associ\u00e9s &#8226; Our Fine Appellations","og_url":"https:\/\/www.julienaschaintre.fr\/en\/our-fine-appellations\/","og_site_name":"Juli\u00e9nas Chaintr\u00e9 Vignerons Associ\u00e9s","article_publisher":"https:\/\/www.facebook.com\/julienaschaintrevigneronsassocies","article_modified_time":"2026-04-01T12:34:09+00:00","twitter_card":"summary_large_image","schema":{"@context":"https:\/\/schema.org","@graph":[{"@type":"WebPage","@id":"https:\/\/www.julienaschaintre.fr\/en\/our-fine-appellations\/","url":"https:\/\/www.julienaschaintre.fr\/en\/our-fine-appellations\/","name":"Juli\u00e9nas Chaintr\u00e9 Vignerons Associ\u00e9s &#8226; Our Fine Appellations","isPartOf":{"@id":"https:\/\/www.julienaschaintre.fr\/en\/#website"},"datePublished":"2025-10-30T14:33:54+00:00","dateModified":"2026-04-01T12:34:09+00:00","breadcrumb":{"@id":"https:\/\/www.julienaschaintre.fr\/en\/our-fine-appellations\/#breadcrumb"},"inLanguage":"en-US","potentialAction":[{"@type":"ReadAction","target":["https:\/\/www.julienaschaintre.fr\/en\/our-fine-appellations\/"]}]},{"@type":"BreadcrumbList","@id":"https:\/\/www.julienaschaintre.fr\/en\/our-fine-appellations\/#breadcrumb","itemListElement":[{"@type":"ListItem","position":1,"name":"Home","item":"https:\/\/www.julienaschaintre.fr\/en\/"},{"@type":"ListItem","position":2,"name":"Our Fine Appellations"}]},{"@type":"WebSite","@id":"https:\/\/www.julienaschaintre.fr\/en\/#website","url":"https:\/\/www.julienaschaintre.fr\/en\/","name":"Juli\u00e9nas Chaintr\u00e9 Vignerons Associ\u00e9s","description":"","alternateName":"Cave de Juli\u00e9nas Chaintr\u00e9","potentialAction":[{"@type":"SearchAction","target":{"@type":"EntryPoint","urlTemplate":"https:\/\/www.julienaschaintre.fr\/en\/?s={search_term_string}"},"query-input":{"@type":"PropertyValueSpecification","valueRequired":true,"valueName":"search_term_string"}}],"inLanguage":"en-US"}]}},"_links":{"self":[{"href":"https:\/\/www.julienaschaintre.fr\/en\/wp-json\/wp\/v2\/pages\/1288","targetHints":{"allow":["GET"]}}],"collection":[{"href":"https:\/\/www.julienaschaintre.fr\/en\/wp-json\/wp\/v2\/pages"}],"about":[{"href":"https:\/\/www.julienaschaintre.fr\/en\/wp-json\/wp\/v2\/types\/page"}],"author":[{"embeddable":true,"href":"https:\/\/www.julienaschaintre.fr\/en\/wp-json\/wp\/v2\/users\/1"}],"replies":[{"embeddable":true,"href":"https:\/\/www.julienaschaintre.fr\/en\/wp-json\/wp\/v2\/comments?post=1288"}],"version-history":[{"count":10,"href":"https:\/\/www.julienaschaintre.fr\/en\/wp-json\/wp\/v2\/pages\/1288\/revisions"}],"predecessor-version":[{"id":2005,"href":"https:\/\/www.julienaschaintre.fr\/en\/wp-json\/wp\/v2\/pages\/1288\/revisions\/2005"}],"wp:attachment":[{"href":"https:\/\/www.julienaschaintre.fr\/en\/wp-json\/wp\/v2\/media?parent=1288"}],"curies":[{"name":"wp","href":"https:\/\/api.w.org\/{rel}","templated":true}]}}