{"id":1228,"date":"2025-11-12T08:28:08","date_gmt":"2025-11-12T07:28:08","guid":{"rendered":"https:\/\/www.julienaschaintre.fr\/home-english\/"},"modified":"2025-11-12T08:28:08","modified_gmt":"2025-11-12T07:28:08","slug":"home-english","status":"publish","type":"page","link":"https:\/\/www.julienaschaintre.fr\/en\/home-english\/","title":{"rendered":"Home &#8211; English"},"content":{"rendered":"","protected":false},"excerpt":{"rendered":"","protected":false},"author":1,"featured_media":0,"parent":0,"menu_order":0,"comment_status":"closed","ping_status":"closed","template":"","meta":{"_acf_changed":false,"footnotes":""},"class_list":["post-1228","page","type-page","status-publish","hentry"],"acf":[],"dsm_author":{"name":"EcloLINK","avatar_url":"https:\/\/secure.gravatar.com\/avatar\/d7b0f0516c588dc011dbb1eae8f7c0f0c8cd88687bda59590f90bd2bf5e806ca?s=96&d=mm&r=g","archive_link":"https:\/\/www.julienaschaintre.fr\/en\/author\/s7l4d3hoffrdzp\/","biodata":""},"dsm_categories":[],"dsm_attachment_categories":[],"dsm_featured_image":null,"yoast_head":"<!-- This site is optimized with the Yoast SEO plugin v27.1.1 - https:\/\/yoast.com\/product\/yoast-seo-wordpress\/ -->\n<title>Juli\u00e9nas Chaintr\u00e9 Vignerons Associ\u00e9s &#8226; Home - English<\/title>\n<meta name=\"robots\" content=\"index, follow, max-snippet:-1, max-image-preview:large, max-video-preview:-1\" \/>\n<link rel=\"canonical\" href=\"https:\/\/www.julienaschaintre.fr\/en\/home-english\/\" \/>\n<meta property=\"og:locale\" content=\"en_US\" \/>\n<meta property=\"og:type\" content=\"article\" \/>\n<meta property=\"og:title\" content=\"Juli\u00e9nas Chaintr\u00e9 Vignerons Associ\u00e9s &#8226; Home - English\" \/>\n<meta property=\"og:url\" content=\"https:\/\/www.julienaschaintre.fr\/en\/home-english\/\" \/>\n<meta property=\"og:site_name\" content=\"Juli\u00e9nas Chaintr\u00e9 Vignerons Associ\u00e9s\" \/>\n<meta property=\"article:publisher\" content=\"https:\/\/www.facebook.com\/julienaschaintrevigneronsassocies\" \/>\n<meta name=\"twitter:card\" content=\"summary_large_image\" \/>\n<script type=\"application\/ld+json\" class=\"yoast-schema-graph\">{\"@context\":\"https:\/\/schema.org\",\"@graph\":[{\"@type\":\"WebPage\",\"@id\":\"https:\/\/www.julienaschaintre.fr\/en\/home-english\/\",\"url\":\"https:\/\/www.julienaschaintre.fr\/en\/home-english\/\",\"name\":\"Juli\u00e9nas Chaintr\u00e9 Vignerons Associ\u00e9s &#8226; Home - English\",\"isPartOf\":{\"@id\":\"https:\/\/www.julienaschaintre.fr\/en\/#website\"},\"datePublished\":\"2025-11-12T07:28:08+00:00\",\"breadcrumb\":{\"@id\":\"https:\/\/www.julienaschaintre.fr\/en\/home-english\/#breadcrumb\"},\"inLanguage\":\"en-US\",\"potentialAction\":[{\"@type\":\"ReadAction\",\"target\":[\"https:\/\/www.julienaschaintre.fr\/en\/home-english\/\"]}]},{\"@type\":\"BreadcrumbList\",\"@id\":\"https:\/\/www.julienaschaintre.fr\/en\/home-english\/#breadcrumb\",\"itemListElement\":[{\"@type\":\"ListItem\",\"position\":1,\"name\":\"Home\",\"item\":\"https:\/\/www.julienaschaintre.fr\/en\/\"},{\"@type\":\"ListItem\",\"position\":2,\"name\":\"Home &#8211; English\"}]},{\"@type\":\"WebSite\",\"@id\":\"https:\/\/www.julienaschaintre.fr\/en\/#website\",\"url\":\"https:\/\/www.julienaschaintre.fr\/en\/\",\"name\":\"Juli\u00e9nas Chaintr\u00e9 Vignerons Associ\u00e9s\",\"description\":\"\",\"alternateName\":\"Cave de Juli\u00e9nas Chaintr\u00e9\",\"potentialAction\":[{\"@type\":\"SearchAction\",\"target\":{\"@type\":\"EntryPoint\",\"urlTemplate\":\"https:\/\/www.julienaschaintre.fr\/en\/?s={search_term_string}\"},\"query-input\":{\"@type\":\"PropertyValueSpecification\",\"valueRequired\":true,\"valueName\":\"search_term_string\"}}],\"inLanguage\":\"en-US\"}]}<\/script>\n<!-- \/ Yoast SEO plugin. -->","yoast_head_json":{"title":"Juli\u00e9nas Chaintr\u00e9 Vignerons Associ\u00e9s &#8226; Home - English","robots":{"index":"index","follow":"follow","max-snippet":"max-snippet:-1","max-image-preview":"max-image-preview:large","max-video-preview":"max-video-preview:-1"},"canonical":"https:\/\/www.julienaschaintre.fr\/en\/home-english\/","og_locale":"en_US","og_type":"article","og_title":"Juli\u00e9nas Chaintr\u00e9 Vignerons Associ\u00e9s &#8226; Home - English","og_url":"https:\/\/www.julienaschaintre.fr\/en\/home-english\/","og_site_name":"Juli\u00e9nas Chaintr\u00e9 Vignerons Associ\u00e9s","article_publisher":"https:\/\/www.facebook.com\/julienaschaintrevigneronsassocies","twitter_card":"summary_large_image","schema":{"@context":"https:\/\/schema.org","@graph":[{"@type":"WebPage","@id":"https:\/\/www.julienaschaintre.fr\/en\/home-english\/","url":"https:\/\/www.julienaschaintre.fr\/en\/home-english\/","name":"Juli\u00e9nas Chaintr\u00e9 Vignerons Associ\u00e9s &#8226; Home - English","isPartOf":{"@id":"https:\/\/www.julienaschaintre.fr\/en\/#website"},"datePublished":"2025-11-12T07:28:08+00:00","breadcrumb":{"@id":"https:\/\/www.julienaschaintre.fr\/en\/home-english\/#breadcrumb"},"inLanguage":"en-US","potentialAction":[{"@type":"ReadAction","target":["https:\/\/www.julienaschaintre.fr\/en\/home-english\/"]}]},{"@type":"BreadcrumbList","@id":"https:\/\/www.julienaschaintre.fr\/en\/home-english\/#breadcrumb","itemListElement":[{"@type":"ListItem","position":1,"name":"Home","item":"https:\/\/www.julienaschaintre.fr\/en\/"},{"@type":"ListItem","position":2,"name":"Home &#8211; English"}]},{"@type":"WebSite","@id":"https:\/\/www.julienaschaintre.fr\/en\/#website","url":"https:\/\/www.julienaschaintre.fr\/en\/","name":"Juli\u00e9nas Chaintr\u00e9 Vignerons Associ\u00e9s","description":"","alternateName":"Cave de Juli\u00e9nas Chaintr\u00e9","potentialAction":[{"@type":"SearchAction","target":{"@type":"EntryPoint","urlTemplate":"https:\/\/www.julienaschaintre.fr\/en\/?s={search_term_string}"},"query-input":{"@type":"PropertyValueSpecification","valueRequired":true,"valueName":"search_term_string"}}],"inLanguage":"en-US"}]}},"_links":{"self":[{"href":"https:\/\/www.julienaschaintre.fr\/en\/wp-json\/wp\/v2\/pages\/1228","targetHints":{"allow":["GET"]}}],"collection":[{"href":"https:\/\/www.julienaschaintre.fr\/en\/wp-json\/wp\/v2\/pages"}],"about":[{"href":"https:\/\/www.julienaschaintre.fr\/en\/wp-json\/wp\/v2\/types\/page"}],"author":[{"embeddable":true,"href":"https:\/\/www.julienaschaintre.fr\/en\/wp-json\/wp\/v2\/users\/1"}],"replies":[{"embeddable":true,"href":"https:\/\/www.julienaschaintre.fr\/en\/wp-json\/wp\/v2\/comments?post=1228"}],"version-history":[{"count":0,"href":"https:\/\/www.julienaschaintre.fr\/en\/wp-json\/wp\/v2\/pages\/1228\/revisions"}],"wp:attachment":[{"href":"https:\/\/www.julienaschaintre.fr\/en\/wp-json\/wp\/v2\/media?parent=1228"}],"curies":[{"name":"wp","href":"https:\/\/api.w.org\/{rel}","templated":true}]}}