{"id":1222,"date":"2025-11-13T08:25:01","date_gmt":"2025-11-13T07:25:01","guid":{"rendered":"https:\/\/www.julienaschaintre.fr\/sitemap\/"},"modified":"2026-03-25T16:47:41","modified_gmt":"2026-03-25T15:47:41","slug":"sitemap","status":"publish","type":"page","link":"https:\/\/www.julienaschaintre.fr\/en\/sitemap\/","title":{"rendered":"Sitemap"},"content":{"rendered":"<div class=\"et_pb_section_0 et_pb_section et_section_regular et_flex_section\">\n<div class=\"et_pb_row_0 et_pb_row et_flex_row et_flex_column_24_24 preset--module--divi-row--default\">\n<div class=\"et_pb_column_0 et_pb_column et-last-child et_flex_column et_pb_css_mix_blend_mode_passthrough et_flex_column_24_24\">\n<div class=\"et_pb_text_0 et_pb_text et_pb_bg_layout_light et_pb_module et_flex_module preset--group--divi-text--divi-font-header--sw0fx4llhn preset--group--divi-text--divi-font-body--default\"><div class=\"et_pb_text_inner\"><h1>Sitemap<\/h1>\n<\/div><\/div>\n<\/div>\n<\/div>\n<\/div>\n\n<div class=\"et_pb_section_1 et_pb_section et_section_regular et_block_section\">\n<div class=\"et_pb_row_1 et_pb_row et_pb_gutters3 et_block_row preset--module--divi-row--default\">\n<div class=\"et_pb_column_1 et_pb_column et_pb_column_4_4 et-last-child et_block_column et_pb_css_mix_blend_mode_passthrough\">\n<div class=\"et_pb_code_0 et_pb_code et_pb_module\"><div class=\"et_pb_code_inner\"><nav role=\"navigation\" aria-label=\"Plan du site\"><ul class=\"plan-du-site\"><li><a href=\"https:\/\/www.julienaschaintre.fr\/en\/our-fine-appellations\/\">Our Fine Appellations<\/a><\/li><li><a href=\"https:\/\/www.julienaschaintre.fr\/en\/an-atypical-story\/\">An atypical story<\/a><\/li><li><a href=\"https:\/\/www.julienaschaintre.fr\/en\/legal-notice\/\">Legal Notice<\/a><\/li><li><a href=\"https:\/\/www.julienaschaintre.fr\/en\/wine-tourism\/\">Wine tourism<\/a><\/li><li><a href=\"https:\/\/www.julienaschaintre.fr\/en\/\">Home<\/a><\/li><li><a href=\"https:\/\/www.julienaschaintre.fr\/en\/our-cooperative-members\/\">Our Cooperative Members<\/a><\/li><li><a href=\"https:\/\/www.julienaschaintre.fr\/en\/visit-us\/\">Visit us<\/a><\/li><li><a href=\"https:\/\/www.julienaschaintre.fr\/en\/shops\/\">Shops<\/a><\/li><li><a href=\"https:\/\/www.julienaschaintre.fr\/en\/sitemap\/\">Sitemap<\/a><\/li><li><a href=\"https:\/\/www.julienaschaintre.fr\/en\/home-english\/\">Home - English<\/a><\/li><li><a href=\"https:\/\/www.julienaschaintre.fr\/en\/winery-news\/\">Winery News<\/a><\/li><\/ul><\/nav><\/div><\/div>\n<\/div>\n<\/div>\n<\/div>","protected":false},"excerpt":{"rendered":"","protected":false},"author":1,"featured_media":0,"parent":0,"menu_order":0,"comment_status":"closed","ping_status":"closed","template":"","meta":{"_acf_changed":false,"footnotes":""},"class_list":["post-1222","page","type-page","status-publish","hentry"],"acf":[],"dsm_author":{"name":"EcloLINK","avatar_url":"https:\/\/secure.gravatar.com\/avatar\/d7b0f0516c588dc011dbb1eae8f7c0f0c8cd88687bda59590f90bd2bf5e806ca?s=96&d=mm&r=g","archive_link":"https:\/\/www.julienaschaintre.fr\/en\/author\/s7l4d3hoffrdzp\/","biodata":""},"dsm_categories":[],"dsm_attachment_categories":[],"dsm_featured_image":null,"yoast_head":"<!-- This site is optimized with the Yoast SEO plugin v27.1.1 - https:\/\/yoast.com\/product\/yoast-seo-wordpress\/ -->\n<title>Juli\u00e9nas Chaintr\u00e9 Vignerons Associ\u00e9s &#8226; Sitemap<\/title>\n<meta name=\"robots\" content=\"index, follow, max-snippet:-1, max-image-preview:large, max-video-preview:-1\" \/>\n<link rel=\"canonical\" href=\"https:\/\/www.julienaschaintre.fr\/en\/sitemap\/\" \/>\n<meta property=\"og:locale\" content=\"en_US\" \/>\n<meta property=\"og:type\" content=\"article\" \/>\n<meta property=\"og:title\" content=\"Juli\u00e9nas Chaintr\u00e9 Vignerons Associ\u00e9s &#8226; Sitemap\" \/>\n<meta property=\"og:url\" content=\"https:\/\/www.julienaschaintre.fr\/en\/sitemap\/\" \/>\n<meta property=\"og:site_name\" content=\"Juli\u00e9nas Chaintr\u00e9 Vignerons Associ\u00e9s\" \/>\n<meta property=\"article:publisher\" content=\"https:\/\/www.facebook.com\/julienaschaintrevigneronsassocies\" \/>\n<meta property=\"article:modified_time\" content=\"2026-03-25T15:47:41+00:00\" \/>\n<meta name=\"twitter:card\" content=\"summary_large_image\" \/>\n<script type=\"application\/ld+json\" class=\"yoast-schema-graph\">{\"@context\":\"https:\/\/schema.org\",\"@graph\":[{\"@type\":\"WebPage\",\"@id\":\"https:\/\/www.julienaschaintre.fr\/en\/sitemap\/\",\"url\":\"https:\/\/www.julienaschaintre.fr\/en\/sitemap\/\",\"name\":\"Juli\u00e9nas Chaintr\u00e9 Vignerons Associ\u00e9s &#8226; Sitemap\",\"isPartOf\":{\"@id\":\"https:\/\/www.julienaschaintre.fr\/en\/#website\"},\"datePublished\":\"2025-11-13T07:25:01+00:00\",\"dateModified\":\"2026-03-25T15:47:41+00:00\",\"breadcrumb\":{\"@id\":\"https:\/\/www.julienaschaintre.fr\/en\/sitemap\/#breadcrumb\"},\"inLanguage\":\"en-US\",\"potentialAction\":[{\"@type\":\"ReadAction\",\"target\":[\"https:\/\/www.julienaschaintre.fr\/en\/sitemap\/\"]}]},{\"@type\":\"BreadcrumbList\",\"@id\":\"https:\/\/www.julienaschaintre.fr\/en\/sitemap\/#breadcrumb\",\"itemListElement\":[{\"@type\":\"ListItem\",\"position\":1,\"name\":\"Home\",\"item\":\"https:\/\/www.julienaschaintre.fr\/en\/\"},{\"@type\":\"ListItem\",\"position\":2,\"name\":\"Sitemap\"}]},{\"@type\":\"WebSite\",\"@id\":\"https:\/\/www.julienaschaintre.fr\/en\/#website\",\"url\":\"https:\/\/www.julienaschaintre.fr\/en\/\",\"name\":\"Juli\u00e9nas Chaintr\u00e9 Vignerons Associ\u00e9s\",\"description\":\"\",\"alternateName\":\"Cave de Juli\u00e9nas Chaintr\u00e9\",\"potentialAction\":[{\"@type\":\"SearchAction\",\"target\":{\"@type\":\"EntryPoint\",\"urlTemplate\":\"https:\/\/www.julienaschaintre.fr\/en\/?s={search_term_string}\"},\"query-input\":{\"@type\":\"PropertyValueSpecification\",\"valueRequired\":true,\"valueName\":\"search_term_string\"}}],\"inLanguage\":\"en-US\"}]}<\/script>\n<!-- \/ Yoast SEO plugin. -->","yoast_head_json":{"title":"Juli\u00e9nas Chaintr\u00e9 Vignerons Associ\u00e9s &#8226; Sitemap","robots":{"index":"index","follow":"follow","max-snippet":"max-snippet:-1","max-image-preview":"max-image-preview:large","max-video-preview":"max-video-preview:-1"},"canonical":"https:\/\/www.julienaschaintre.fr\/en\/sitemap\/","og_locale":"en_US","og_type":"article","og_title":"Juli\u00e9nas Chaintr\u00e9 Vignerons Associ\u00e9s &#8226; Sitemap","og_url":"https:\/\/www.julienaschaintre.fr\/en\/sitemap\/","og_site_name":"Juli\u00e9nas Chaintr\u00e9 Vignerons Associ\u00e9s","article_publisher":"https:\/\/www.facebook.com\/julienaschaintrevigneronsassocies","article_modified_time":"2026-03-25T15:47:41+00:00","twitter_card":"summary_large_image","schema":{"@context":"https:\/\/schema.org","@graph":[{"@type":"WebPage","@id":"https:\/\/www.julienaschaintre.fr\/en\/sitemap\/","url":"https:\/\/www.julienaschaintre.fr\/en\/sitemap\/","name":"Juli\u00e9nas Chaintr\u00e9 Vignerons Associ\u00e9s &#8226; Sitemap","isPartOf":{"@id":"https:\/\/www.julienaschaintre.fr\/en\/#website"},"datePublished":"2025-11-13T07:25:01+00:00","dateModified":"2026-03-25T15:47:41+00:00","breadcrumb":{"@id":"https:\/\/www.julienaschaintre.fr\/en\/sitemap\/#breadcrumb"},"inLanguage":"en-US","potentialAction":[{"@type":"ReadAction","target":["https:\/\/www.julienaschaintre.fr\/en\/sitemap\/"]}]},{"@type":"BreadcrumbList","@id":"https:\/\/www.julienaschaintre.fr\/en\/sitemap\/#breadcrumb","itemListElement":[{"@type":"ListItem","position":1,"name":"Home","item":"https:\/\/www.julienaschaintre.fr\/en\/"},{"@type":"ListItem","position":2,"name":"Sitemap"}]},{"@type":"WebSite","@id":"https:\/\/www.julienaschaintre.fr\/en\/#website","url":"https:\/\/www.julienaschaintre.fr\/en\/","name":"Juli\u00e9nas Chaintr\u00e9 Vignerons Associ\u00e9s","description":"","alternateName":"Cave de Juli\u00e9nas Chaintr\u00e9","potentialAction":[{"@type":"SearchAction","target":{"@type":"EntryPoint","urlTemplate":"https:\/\/www.julienaschaintre.fr\/en\/?s={search_term_string}"},"query-input":{"@type":"PropertyValueSpecification","valueRequired":true,"valueName":"search_term_string"}}],"inLanguage":"en-US"}]}},"_links":{"self":[{"href":"https:\/\/www.julienaschaintre.fr\/en\/wp-json\/wp\/v2\/pages\/1222","targetHints":{"allow":["GET"]}}],"collection":[{"href":"https:\/\/www.julienaschaintre.fr\/en\/wp-json\/wp\/v2\/pages"}],"about":[{"href":"https:\/\/www.julienaschaintre.fr\/en\/wp-json\/wp\/v2\/types\/page"}],"author":[{"embeddable":true,"href":"https:\/\/www.julienaschaintre.fr\/en\/wp-json\/wp\/v2\/users\/1"}],"replies":[{"embeddable":true,"href":"https:\/\/www.julienaschaintre.fr\/en\/wp-json\/wp\/v2\/comments?post=1222"}],"version-history":[{"count":2,"href":"https:\/\/www.julienaschaintre.fr\/en\/wp-json\/wp\/v2\/pages\/1222\/revisions"}],"predecessor-version":[{"id":1226,"href":"https:\/\/www.julienaschaintre.fr\/en\/wp-json\/wp\/v2\/pages\/1222\/revisions\/1226"}],"wp:attachment":[{"href":"https:\/\/www.julienaschaintre.fr\/en\/wp-json\/wp\/v2\/media?parent=1222"}],"curies":[{"name":"wp","href":"https:\/\/api.w.org\/{rel}","templated":true}]}}