{"id":1126,"date":"2025-10-30T12:23:55","date_gmt":"2025-10-30T11:23:55","guid":{"rendered":"https:\/\/www.julienaschaintre.fr\/our-cooperative-members\/"},"modified":"2026-04-01T14:51:21","modified_gmt":"2026-04-01T12:51:21","slug":"our-cooperative-members","status":"publish","type":"page","link":"https:\/\/www.julienaschaintre.fr\/en\/our-cooperative-members\/","title":{"rendered":"Our Cooperative Members"},"content":{"rendered":"<div class=\"et_pb_section_0 et_pb_section et_section_regular et_flex_section\">\n<div class=\"et_pb_row_0 et_pb_row et_flex_row et_flex_column_24_24 preset--module--divi-row--default\">\n<div class=\"et_pb_column_0 et_pb_column et_flex_column et_pb_css_mix_blend_mode_passthrough et_flex_column_11_24 et_flex_column_3_5_tablet et_flex_column_24_24_phone et_flex_column_3_5_tabletWide\">\n<div class=\"et_pb_text_0 et_pb_text et_pb_bg_layout_light et_pb_module et_flex_module preset--group--divi-text--divi-font-header--sw0fx4llhn preset--group--divi-text--divi-font-body--default\"><div class=\"et_pb_text_inner\"><h1>Our Cooperative Members<\/h1>\n<\/div><\/div>\n\n<div class=\"et_pb_text_1 et_pb_text et_pb_bg_layout_light et_pb_module et_flex_module preset--group--divi-text--divi-font-body--default\"><div class=\"et_pb_text_inner\"><p>Our collective strength<\/p>\n<\/div><\/div>\n\n<div class=\"et_pb_text_2 et_pb_text et_pb_bg_layout_light et_pb_module et_flex_module preset--group--divi-text--divi-font-body--default\"><div class=\"et_pb_text_inner\"><p>At Juli\u00e9nas Chaintr\u00e9 Vignerons Associ\u00e9s, the cooperative is driven by a dedicated team of men and women. These determined individuals are involved at every stage, from vineyard work to marketing, and all share the same vision: to produce authentic wines, full of character and respectful of their heritage. <\/p>\n<\/div><\/div>\n<\/div>\n\n<div class=\"et_pb_column_1 et_pb_column et-last-child et_flex_column et_pb_css_mix_blend_mode_passthrough et_flex_column_13_24 et_flex_column_2_5_tablet et_flex_column_24_24_phone et_flex_column_2_5_tabletWide\">\n<div class=\"et_pb_image_0 et_pb_image et_flex_column_24_24 et_pb_module et_flex_module\"><span class=\"et_pb_image_wrap\"><img loading=\"lazy\" decoding=\"async\" src=\"https:\/\/www.julienaschaintre.fr\/wp-content\/uploads\/Marie-Francoise-Durand-Cooperatrice-scaled.jpg\" width=\"2560\" height=\"2189\" srcset=\"https:\/\/www.julienaschaintre.fr\/wp-content\/uploads\/Marie-Francoise-Durand-Cooperatrice-scaled.jpg 2560w, https:\/\/www.julienaschaintre.fr\/wp-content\/uploads\/Marie-Francoise-Durand-Cooperatrice-1280x1095.jpg 1280w, https:\/\/www.julienaschaintre.fr\/wp-content\/uploads\/Marie-Francoise-Durand-Cooperatrice-980x838.jpg 980w, https:\/\/www.julienaschaintre.fr\/wp-content\/uploads\/Marie-Francoise-Durand-Cooperatrice-480x410.jpg 480w\" sizes=\"(min-width: 0px) and (max-width: 480px) 480px, (min-width: 481px) and (max-width: 980px) 980px, (min-width: 981px) and (max-width: 1280px) 1280px, (min-width: 1281px) 2560px, 100vw\" class=\"wp-image-1030\" \/><\/span><\/div>\n<\/div>\n<\/div>\n\n<div class=\"et_pb_row_1 et_pb_row et_flex_row preset--module--divi-row--default\">\n<div class=\"et_pb_column_2 et_pb_column et-last-child et_flex_column et_pb_css_mix_blend_mode_passthrough et_flex_column_24_24\">\n<div class=\"et_pb_image_1 et_pb_image et_pb_module et_flex_module\"><span class=\"et_pb_image_wrap\"><img loading=\"lazy\" decoding=\"async\" src=\"https:\/\/julienaschaintre.fr\/wp-content\/uploads\/image-section-2.svg\" alt=\"image-section-2\" width=\"319\" height=\"1099\" class=\"wp-image-244\" \/><\/span><\/div>\n<\/div>\n<\/div>\n<\/div>\n\n<div class=\"et_pb_section_1 et_pb_section et_section_regular et_flex_section\">\n<div class=\"et_pb_row_2 et_pb_row et_flex_row preset--module--divi-row--default\">\n<div class=\"et_pb_column_3 et_pb_column et-last-child et_flex_column et_pb_css_mix_blend_mode_passthrough et_flex_column_24_24\">\n<div class=\"et_pb_code_0 et_pb_code et_pb_module\"><div class=\"et_pb_code_inner\">\n        <div class=\"swiper-container carrousel-swiper-container\" >\n            <div class=\"swiper carrousel-swiper\">\n                <div class=\"swiper-wrapper\">\n                    <div class=\"swiper-slide\">\n                <img src=\"https:\/\/www.julienaschaintre.fr\/wp-content\/uploads\/DSC03290-scaled.jpg\" alt=\"Image de carrousel\" loading=\"lazy\" decoding=\"async\" \/>\n            <\/div><div class=\"swiper-slide\">\n                <img src=\"https:\/\/www.julienaschaintre.fr\/wp-content\/uploads\/DSC03604-copie-2-scaled.jpg\" alt=\"Image de carrousel\" loading=\"lazy\" decoding=\"async\" \/>\n            <\/div><div class=\"swiper-slide\">\n                <img src=\"https:\/\/www.julienaschaintre.fr\/wp-content\/uploads\/DSC03718-scaled.jpg\" alt=\"Image de carrousel\" loading=\"lazy\" decoding=\"async\" \/>\n            <\/div><div class=\"swiper-slide\">\n                <img src=\"https:\/\/www.julienaschaintre.fr\/wp-content\/uploads\/presidents-002-1.jpg\" alt=\"Image de carrousel\" loading=\"lazy\" decoding=\"async\" \/>\n            <\/div><div class=\"swiper-slide\">\n                <img src=\"https:\/\/www.julienaschaintre.fr\/wp-content\/uploads\/Vendanges-2019-scaled.jpg\" alt=\"Vendanges 2019\" loading=\"lazy\" decoding=\"async\" \/>\n            <\/div><div class=\"swiper-slide\">\n                <img src=\"https:\/\/www.julienaschaintre.fr\/wp-content\/uploads\/DSC03325-scaled.jpg\" alt=\"Image de carrousel\" loading=\"lazy\" decoding=\"async\" \/>\n            <\/div>\n                <\/div>\n            <\/div>\n            <div class=\"carrousel-swiper-pagination\"><\/div>\n        <\/div><\/div><\/div>\n<\/div>\n<\/div>\n<\/div>\n\n<div class=\"et_pb_section_2 et_pb_section et_section_regular et_flex_section\">\n<div class=\"et_pb_row_3 et_pb_row et_flex_row preset--module--divi-row--default\">\n<div class=\"et_pb_column_4 et_pb_column et-last-child et_flex_column et_pb_css_mix_blend_mode_passthrough et_flex_column_24_24\">\n<div class=\"et_pb_text_3 et_pb_text et_pb_bg_layout_light et_pb_module et_flex_module preset--group--divi-text--divi-font-header--546itz4fae preset--group--divi-text--divi-font-body--default\"><div class=\"et_pb_text_inner\"><h2>Cooperative winegrowers<br \/><\/h2>\n<\/div><\/div>\n<\/div>\n<\/div>\n\n<div class=\"et_pb_row_4 et_pb_row et_flex_row preset--module--divi-row--default\">\n<div class=\"et_pb_column_5 et_pb_column et-last-child et_flex_column et_pb_css_mix_blend_mode_passthrough et_flex_column_24_24\">\n<div class=\"et_pb_text_4 et_pb_text et_pb_bg_layout_light et_pb_module et_flex_module preset--group--divi-text--divi-font-header--gu43eib4p2 preset--group--divi-text--divi-font-body--default\"><div class=\"et_pb_text_inner\"><p>They tend the vines with care, ensuring healthy soil, proper ripening of the grapes and environmentally friendly viticultural practices.<br \/>They embody the values of cooperation: pooling of resources, mutual support and a commitment to quality.<br \/>They play an active role in the cooperative\u2019s decision-making \u2013 general meetings, board of directors, strategic direction \u2013 because their individual commitment strengthens the collective.<\/p>\n<\/div><\/div>\n<\/div>\n<\/div>\n<\/div>\n\n<div class=\"et_pb_section_3 et_pb_section et_section_regular et_flex_section\">\n<div class=\"et_pb_row_5 et_pb_row et_flex_row preset--module--divi-row--default\">\n<div class=\"et_pb_column_6 et_pb_column et_flex_column et_pb_css_mix_blend_mode_passthrough et_flex_column_16_24 et_flex_column_24_24_phone\">\n<div class=\"et_pb_image_2 et_pb_image et_animated et_pb_module et_flex_module\"><span class=\"et_pb_image_wrap\"><img loading=\"lazy\" decoding=\"async\" src=\"https:\/\/www.julienaschaintre.fr\/wp-content\/uploads\/galerie-equipe-1.jpg\" width=\"670\" height=\"560\" srcset=\"https:\/\/www.julienaschaintre.fr\/wp-content\/uploads\/galerie-equipe-1.jpg 670w, https:\/\/www.julienaschaintre.fr\/wp-content\/uploads\/galerie-equipe-1-480x401.jpg 480w\" sizes=\"(min-width: 0px) and (max-width: 480px) 480px, (min-width: 481px) 670px, 100vw\" class=\"wp-image-247\" \/><\/span><\/div>\n<\/div>\n\n<div class=\"et_pb_column_7 et_pb_column et_flex_column et_pb_css_mix_blend_mode_passthrough et_flex_column_8_24 et_flex_column_24_24_phone\">\n<div class=\"et_pb_image_3 et_pb_image et_animated et_pb_module et_flex_module\"><span class=\"et_pb_image_wrap\"><img loading=\"lazy\" decoding=\"async\" src=\"https:\/\/www.julienaschaintre.fr\/wp-content\/uploads\/galerie-equipe-2.jpg\" width=\"670\" height=\"560\" srcset=\"https:\/\/www.julienaschaintre.fr\/wp-content\/uploads\/galerie-equipe-2.jpg 670w, https:\/\/www.julienaschaintre.fr\/wp-content\/uploads\/galerie-equipe-2-480x401.jpg 480w\" sizes=\"(min-width: 0px) and (max-width: 480px) 480px, (min-width: 481px) 670px, 100vw\" class=\"wp-image-248\" \/><\/span><\/div>\n<\/div>\n\n<div class=\"et_pb_column_8 et_pb_column et_flex_column et_pb_css_mix_blend_mode_passthrough et_flex_column_12_24 et_flex_column_24_24_phone\">\n<div class=\"et_pb_image_4 et_pb_image et_animated et_pb_module et_flex_module\"><span class=\"et_pb_image_wrap\"><img loading=\"lazy\" decoding=\"async\" src=\"https:\/\/www.julienaschaintre.fr\/wp-content\/uploads\/galerie-equipe-4.jpg\" width=\"670\" height=\"560\" srcset=\"https:\/\/www.julienaschaintre.fr\/wp-content\/uploads\/galerie-equipe-4.jpg 670w, https:\/\/www.julienaschaintre.fr\/wp-content\/uploads\/galerie-equipe-4-480x401.jpg 480w\" sizes=\"(min-width: 0px) and (max-width: 480px) 480px, (min-width: 481px) 670px, 100vw\" class=\"wp-image-250\" \/><\/span><\/div>\n<\/div>\n\n<div class=\"et_pb_column_9 et_pb_column et-last-child et_flex_column et_pb_css_mix_blend_mode_passthrough et_flex_column_2_5 et_flex_column_24_24_phone\">\n<div class=\"et_pb_image_5 et_pb_image et_animated et_pb_module et_flex_module\"><span class=\"et_pb_image_wrap\"><img loading=\"lazy\" decoding=\"async\" src=\"https:\/\/www.julienaschaintre.fr\/wp-content\/uploads\/galerie-equipe-3.jpg\" width=\"670\" height=\"560\" srcset=\"https:\/\/www.julienaschaintre.fr\/wp-content\/uploads\/galerie-equipe-3.jpg 670w, https:\/\/www.julienaschaintre.fr\/wp-content\/uploads\/galerie-equipe-3-480x401.jpg 480w\" sizes=\"(min-width: 0px) and (max-width: 480px) 480px, (min-width: 481px) 670px, 100vw\" class=\"wp-image-249\" \/><\/span><\/div>\n<\/div>\n<\/div>\n<\/div>\n\n<div class=\"et_pb_section_4 et_pb_section et_section_regular et_flex_section\">\n<div class=\"et_pb_row_6 et_pb_row et_flex_row preset--module--divi-row--default\">\n<div class=\"et_pb_column_10 et_pb_column et-last-child et_flex_column et_pb_css_mix_blend_mode_passthrough et_flex_column_24_24\">\n<div class=\"et_pb_text_5 et_pb_text et_pb_bg_layout_light et_pb_module et_flex_module preset--group--divi-text--divi-font-header--546itz4fae preset--group--divi-text--divi-font-body--default\"><div class=\"et_pb_text_inner\"><h2>Employees<br \/><\/h2>\n<\/div><\/div>\n<\/div>\n<\/div>\n\n<div class=\"et_pb_row_7 et_pb_row et_flex_row preset--module--divi-row--default\">\n<div class=\"et_pb_column_11 et_pb_column et-last-child et_flex_column et_pb_css_mix_blend_mode_passthrough et_flex_column_24_24\">\n<div class=\"et_pb_text_6 et_pb_text et_pb_bg_layout_light et_pb_module et_flex_module preset--group--divi-text--divi-font-header--gu43eib4p2 preset--group--divi-text--divi-font-body--default\"><div class=\"et_pb_text_inner\"><h3>Our production team<br \/><\/h3>\n<p>Comprising the cellar master, oenologists and wine merchants, the production team brings together the technical and complementary skills required for winemaking. They oversee every stage of the winemaking and ageing processes, monitoring the wines\u2019 development at every step to ensure the final products reflect the character of our two beautiful wine-growing regions.<\/p>\n<p><span style=\"color: #8e663b\">Florentin and Damien, wine shop assistants \u2013 Julien, wine shop packer<br \/><\/span><\/p>\n<h3>Our administrative team<br \/><\/h3>\n<p>Assists members with day-to-day administrative procedures and helps to monitor commercial cases.<br \/>\n<span style=\"color: #8e663b\">Lucie, Sales Assistant &#8211; Aline, Administrative and Accounting Officer<br \/><\/span><\/p>\n<h3>Our sales team<br \/><\/h3>\n<p>She welcomes and advises every visitor, drawing on her in-depth knowledge of the products. She acts as a link between the cooperative members and the markets, bridging the gap between the authenticity of the vineyard and the experience enjoyed by our customers.<\/p>\n<p><span style=\"color: #8e663b\">Nina, Retail and Communications Sales Representative &#8211; Clarence, Retail and Business Sales Representative<\/span><\/p>\n<h3>The management<br \/><\/h3>\n<p>These three services are led by a pair of passionate chief executives:<br \/> <span style=\"color: #8e663b\">Matthieu Lapalus and Aur\u00e9lien Berthelon, co-chairmen, accompanied by Herv\u00e9 Lapierre, production manager, and Isabelle Adoir P\u00e9coud, sales director.<br \/><\/span><\/p>\n<p>Alongside them, 14 member-winemakers sit on the board of directors. They meet regularly to discuss matters, decide on strategic directions and ensure the smooth running of the winery. Together, they embody the collective spirit and dynamism that characterise our organisation.  <\/p>\n<\/div><\/div>\n<\/div>\n<\/div>\n<\/div>","protected":false},"excerpt":{"rendered":"","protected":false},"author":1,"featured_media":0,"parent":0,"menu_order":0,"comment_status":"closed","ping_status":"closed","template":"","meta":{"_acf_changed":false,"footnotes":""},"class_list":["post-1126","page","type-page","status-publish","hentry"],"acf":[],"dsm_author":{"name":"EcloLINK","avatar_url":"https:\/\/secure.gravatar.com\/avatar\/d7b0f0516c588dc011dbb1eae8f7c0f0c8cd88687bda59590f90bd2bf5e806ca?s=96&d=mm&r=g","archive_link":"https:\/\/www.julienaschaintre.fr\/en\/author\/s7l4d3hoffrdzp\/","biodata":""},"dsm_categories":[],"dsm_attachment_categories":[],"dsm_featured_image":null,"yoast_head":"<!-- This site is optimized with the Yoast SEO plugin v27.1.1 - https:\/\/yoast.com\/product\/yoast-seo-wordpress\/ -->\n<title>Juli\u00e9nas Chaintr\u00e9 Vignerons Associ\u00e9s &#8226; Our Cooperative Members<\/title>\n<meta name=\"robots\" content=\"index, follow, max-snippet:-1, max-image-preview:large, max-video-preview:-1\" \/>\n<link rel=\"canonical\" href=\"https:\/\/www.julienaschaintre.fr\/en\/our-cooperative-members\/\" \/>\n<meta property=\"og:locale\" content=\"en_US\" \/>\n<meta property=\"og:type\" content=\"article\" \/>\n<meta property=\"og:title\" content=\"Juli\u00e9nas Chaintr\u00e9 Vignerons Associ\u00e9s &#8226; Our Cooperative Members\" \/>\n<meta property=\"og:url\" content=\"https:\/\/www.julienaschaintre.fr\/en\/our-cooperative-members\/\" \/>\n<meta property=\"og:site_name\" content=\"Juli\u00e9nas Chaintr\u00e9 Vignerons Associ\u00e9s\" \/>\n<meta property=\"article:publisher\" content=\"https:\/\/www.facebook.com\/julienaschaintrevigneronsassocies\" \/>\n<meta property=\"article:modified_time\" content=\"2026-04-01T12:51:21+00:00\" \/>\n<meta name=\"twitter:card\" content=\"summary_large_image\" \/>\n<script type=\"application\/ld+json\" class=\"yoast-schema-graph\">{\"@context\":\"https:\/\/schema.org\",\"@graph\":[{\"@type\":\"WebPage\",\"@id\":\"https:\/\/www.julienaschaintre.fr\/en\/our-cooperative-members\/\",\"url\":\"https:\/\/www.julienaschaintre.fr\/en\/our-cooperative-members\/\",\"name\":\"Juli\u00e9nas Chaintr\u00e9 Vignerons Associ\u00e9s &#8226; Our Cooperative Members\",\"isPartOf\":{\"@id\":\"https:\/\/www.julienaschaintre.fr\/en\/#website\"},\"datePublished\":\"2025-10-30T11:23:55+00:00\",\"dateModified\":\"2026-04-01T12:51:21+00:00\",\"breadcrumb\":{\"@id\":\"https:\/\/www.julienaschaintre.fr\/en\/our-cooperative-members\/#breadcrumb\"},\"inLanguage\":\"en-US\",\"potentialAction\":[{\"@type\":\"ReadAction\",\"target\":[\"https:\/\/www.julienaschaintre.fr\/en\/our-cooperative-members\/\"]}]},{\"@type\":\"BreadcrumbList\",\"@id\":\"https:\/\/www.julienaschaintre.fr\/en\/our-cooperative-members\/#breadcrumb\",\"itemListElement\":[{\"@type\":\"ListItem\",\"position\":1,\"name\":\"Home\",\"item\":\"https:\/\/www.julienaschaintre.fr\/en\/\"},{\"@type\":\"ListItem\",\"position\":2,\"name\":\"Our Cooperative Members\"}]},{\"@type\":\"WebSite\",\"@id\":\"https:\/\/www.julienaschaintre.fr\/en\/#website\",\"url\":\"https:\/\/www.julienaschaintre.fr\/en\/\",\"name\":\"Juli\u00e9nas Chaintr\u00e9 Vignerons Associ\u00e9s\",\"description\":\"\",\"alternateName\":\"Cave de Juli\u00e9nas Chaintr\u00e9\",\"potentialAction\":[{\"@type\":\"SearchAction\",\"target\":{\"@type\":\"EntryPoint\",\"urlTemplate\":\"https:\/\/www.julienaschaintre.fr\/en\/?s={search_term_string}\"},\"query-input\":{\"@type\":\"PropertyValueSpecification\",\"valueRequired\":true,\"valueName\":\"search_term_string\"}}],\"inLanguage\":\"en-US\"}]}<\/script>\n<!-- \/ Yoast SEO plugin. -->","yoast_head_json":{"title":"Juli\u00e9nas Chaintr\u00e9 Vignerons Associ\u00e9s &#8226; Our Cooperative Members","robots":{"index":"index","follow":"follow","max-snippet":"max-snippet:-1","max-image-preview":"max-image-preview:large","max-video-preview":"max-video-preview:-1"},"canonical":"https:\/\/www.julienaschaintre.fr\/en\/our-cooperative-members\/","og_locale":"en_US","og_type":"article","og_title":"Juli\u00e9nas Chaintr\u00e9 Vignerons Associ\u00e9s &#8226; Our Cooperative Members","og_url":"https:\/\/www.julienaschaintre.fr\/en\/our-cooperative-members\/","og_site_name":"Juli\u00e9nas Chaintr\u00e9 Vignerons Associ\u00e9s","article_publisher":"https:\/\/www.facebook.com\/julienaschaintrevigneronsassocies","article_modified_time":"2026-04-01T12:51:21+00:00","twitter_card":"summary_large_image","schema":{"@context":"https:\/\/schema.org","@graph":[{"@type":"WebPage","@id":"https:\/\/www.julienaschaintre.fr\/en\/our-cooperative-members\/","url":"https:\/\/www.julienaschaintre.fr\/en\/our-cooperative-members\/","name":"Juli\u00e9nas Chaintr\u00e9 Vignerons Associ\u00e9s &#8226; Our Cooperative Members","isPartOf":{"@id":"https:\/\/www.julienaschaintre.fr\/en\/#website"},"datePublished":"2025-10-30T11:23:55+00:00","dateModified":"2026-04-01T12:51:21+00:00","breadcrumb":{"@id":"https:\/\/www.julienaschaintre.fr\/en\/our-cooperative-members\/#breadcrumb"},"inLanguage":"en-US","potentialAction":[{"@type":"ReadAction","target":["https:\/\/www.julienaschaintre.fr\/en\/our-cooperative-members\/"]}]},{"@type":"BreadcrumbList","@id":"https:\/\/www.julienaschaintre.fr\/en\/our-cooperative-members\/#breadcrumb","itemListElement":[{"@type":"ListItem","position":1,"name":"Home","item":"https:\/\/www.julienaschaintre.fr\/en\/"},{"@type":"ListItem","position":2,"name":"Our Cooperative Members"}]},{"@type":"WebSite","@id":"https:\/\/www.julienaschaintre.fr\/en\/#website","url":"https:\/\/www.julienaschaintre.fr\/en\/","name":"Juli\u00e9nas Chaintr\u00e9 Vignerons Associ\u00e9s","description":"","alternateName":"Cave de Juli\u00e9nas Chaintr\u00e9","potentialAction":[{"@type":"SearchAction","target":{"@type":"EntryPoint","urlTemplate":"https:\/\/www.julienaschaintre.fr\/en\/?s={search_term_string}"},"query-input":{"@type":"PropertyValueSpecification","valueRequired":true,"valueName":"search_term_string"}}],"inLanguage":"en-US"}]}},"_links":{"self":[{"href":"https:\/\/www.julienaschaintre.fr\/en\/wp-json\/wp\/v2\/pages\/1126","targetHints":{"allow":["GET"]}}],"collection":[{"href":"https:\/\/www.julienaschaintre.fr\/en\/wp-json\/wp\/v2\/pages"}],"about":[{"href":"https:\/\/www.julienaschaintre.fr\/en\/wp-json\/wp\/v2\/types\/page"}],"author":[{"embeddable":true,"href":"https:\/\/www.julienaschaintre.fr\/en\/wp-json\/wp\/v2\/users\/1"}],"replies":[{"embeddable":true,"href":"https:\/\/www.julienaschaintre.fr\/en\/wp-json\/wp\/v2\/comments?post=1126"}],"version-history":[{"count":10,"href":"https:\/\/www.julienaschaintre.fr\/en\/wp-json\/wp\/v2\/pages\/1126\/revisions"}],"predecessor-version":[{"id":2014,"href":"https:\/\/www.julienaschaintre.fr\/en\/wp-json\/wp\/v2\/pages\/1126\/revisions\/2014"}],"wp:attachment":[{"href":"https:\/\/www.julienaschaintre.fr\/en\/wp-json\/wp\/v2\/media?parent=1126"}],"curies":[{"name":"wp","href":"https:\/\/api.w.org\/{rel}","templated":true}]}}