{"id":1433,"date":"2026-02-03T17:02:01","date_gmt":"2026-02-03T16:02:01","guid":{"rendered":"https:\/\/www.julienaschaintre.fr\/oenotourismus\/"},"modified":"2026-04-21T09:03:13","modified_gmt":"2026-04-21T07:03:13","slug":"oenotourismus","status":"publish","type":"page","link":"https:\/\/www.julienaschaintre.fr\/de\/oenotourismus\/","title":{"rendered":"\u00d6notourismus"},"content":{"rendered":"<div class=\"et_pb_section_0 et_pb_section et_section_regular et_flex_section\">\n<div class=\"et_pb_row_0 et_pb_row et_flex_row et_flex_column_24_24 preset--module--divi-row--default\">\n<div class=\"et_pb_column_0 et_pb_column et-last-child et_flex_column et_pb_css_mix_blend_mode_passthrough et_flex_column_24_24\">\n<div class=\"et_pb_text_0 et_pb_text et_pb_bg_layout_light et_pb_module et_flex_module preset--group--divi-text--divi-font-header--sw0fx4llhn preset--group--divi-text--divi-font-body--default\"><div class=\"et_pb_text_inner\"><h1>\u00d6notourismus<\/h1>\n<\/div><\/div>\n<\/div>\n<\/div>\n<\/div>\n\n<div class=\"et_pb_section_1 et_pb_section et_section_regular et_flex_section\">\n<div class=\"et_pb_row_1 et_pb_row et_flex_row preset--module--divi-row--default\"><div class=\"et_pb_column_1 et_pb_column et_flex_column et_pb_css_mix_blend_mode_passthrough et_flex_column_8_24 et_flex_column_12_24_tablet et_flex_column_24_24_phone et_flex_column_12_24_tabletWide\">\n<div class=\"et_pb_image_0 et_pb_image et_pb_module et_flex_module\"><span class=\"et_pb_image_wrap\"><img loading=\"lazy\" decoding=\"async\" src=\"https:\/\/www.julienaschaintre.fr\/wp-content\/uploads\/Image-vin-dhonneur-au-chateau-du-bois-de-la-salle.jpg\" width=\"480\" height=\"320\" srcset=\"https:\/\/www.julienaschaintre.fr\/wp-content\/uploads\/Image-vin-dhonneur-au-chateau-du-bois-de-la-salle.jpg 480w, https:\/\/www.julienaschaintre.fr\/wp-content\/uploads\/Image-vin-dhonneur-au-chateau-du-bois-de-la-salle-300x200.jpg 300w\" sizes=\"(max-width: 480px) 100vw, 480px\" class=\"wp-image-832\" \/><\/span><\/div>\n\n<div class=\"et_pb_group_0 et_pb_group et-last-child et_pb_module et_flex_group et_pb_css_mix_blend_mode_passthrough\">\n<div class=\"et_pb_group_1 et_pb_group et-last-child et_pb_module et_flex_group et_pb_css_mix_blend_mode_passthrough\">\n<div class=\"et_pb_text_1 et_pb_text et_pb_bg_layout_light et_pb_module et_flex_module preset--group--divi-text--divi-font-header--q2xjruylwx preset--group--divi-text--divi-font-body--default\"><div class=\"et_pb_text_inner\"><h3>Ehrenwein im Park des Ch\u00e2teau du Bois de la Salle in Julienas<\/h3>\n<\/div><\/div>\n\n<div class=\"et_pb_text_2 et_pb_text et_pb_bg_layout_light et_pb_module et_flex_module preset--group--divi-text--divi-font-body--default\"><div class=\"et_pb_text_inner\"><p>In unserem Park im Schatten unserer gro\u00dfen B\u00e4ume empfangen wir Sie f\u00fcr Ihre Feiern und Ehrenweine in aller Einfachheit. (Je nach Zeitraum und Verf\u00fcgbarkeit) <\/p>\n<\/div><\/div>\n\n<div class=\"et_pb_module et_pb_button_module_wrapper et_pb_button_0_wrapper preset--group--divi-button--divi-button--default_wrapper\"><a class=\"et_pb_button_0 et_pb_button et_pb_bg_layout_light et_pb_module et_flex_module preset--group--divi-button--divi-button--default\" href=\"mailto:contact@julienaschaintre.fr\">Kontaktieren Sie uns<\/a><\/div>\n<\/div>\n<\/div>\n<\/div><div class=\"et_pb_column_2 et_pb_column et_flex_column et_pb_css_mix_blend_mode_passthrough et_flex_column_8_24 et_flex_column_12_24_tablet et_flex_column_24_24_phone et_flex_column_12_24_tabletWide\">\n<div class=\"et_pb_image_1 et_pb_image et_pb_module et_flex_module\"><span class=\"et_pb_image_wrap\"><img loading=\"lazy\" decoding=\"async\" src=\"https:\/\/www.julienaschaintre.fr\/wp-content\/uploads\/Emplacement-Camping-Car-1024x627.jpg\" width=\"1024\" height=\"627\" srcset=\"https:\/\/www.julienaschaintre.fr\/wp-content\/uploads\/Emplacement-Camping-Car-1024x627.jpg 1024w, https:\/\/www.julienaschaintre.fr\/wp-content\/uploads\/Emplacement-Camping-Car-300x184.jpg 300w, https:\/\/www.julienaschaintre.fr\/wp-content\/uploads\/Emplacement-Camping-Car-768x471.jpg 768w, https:\/\/www.julienaschaintre.fr\/wp-content\/uploads\/Emplacement-Camping-Car-1536x941.jpg 1536w, https:\/\/www.julienaschaintre.fr\/wp-content\/uploads\/Emplacement-Camping-Car-2048x1255.jpg 2048w, https:\/\/www.julienaschaintre.fr\/wp-content\/uploads\/Emplacement-Camping-Car-1080x662.jpg 1080w, https:\/\/www.julienaschaintre.fr\/wp-content\/uploads\/Emplacement-Camping-Car-1280x785.jpg 1280w, https:\/\/www.julienaschaintre.fr\/wp-content\/uploads\/Emplacement-Camping-Car-980x601.jpg 980w, https:\/\/www.julienaschaintre.fr\/wp-content\/uploads\/Emplacement-Camping-Car-480x294.jpg 480w\" sizes=\"(max-width: 1024px) 100vw, 1024px\" class=\"wp-image-930\" \/><\/span><\/div>\n\n<div class=\"et_pb_group_2 et_pb_group et-last-child et_pb_module et_flex_group et_pb_css_mix_blend_mode_passthrough\">\n<div class=\"et_pb_group_3 et_pb_group et-last-child et_pb_module et_flex_group et_pb_css_mix_blend_mode_passthrough\">\n<div class=\"et_pb_text_3 et_pb_text et_pb_bg_layout_light et_pb_module et_flex_module preset--group--divi-text--divi-font-header--q2xjruylwx preset--group--divi-text--divi-font-body--default\"><div class=\"et_pb_text_inner\"><h3>Startseite Camping Car<\/h3>\n<\/div><\/div>\n\n<div class=\"et_pb_text_4 et_pb_text et_pb_bg_layout_light et_pb_module et_flex_module preset--group--divi-text--divi-font-body--default\"><div class=\"et_pb_text_inner\"><p>Ein Zwischenstopp im Beaujolais?<br \/>\nInmitten der Natur und mit Blick auf die Weinberge stehen Ihnen im Ch\u00e2teau du Bois de la Salle zwei Stellpl\u00e4tze mit Blick auf das Dorf Juli\u00e9nas zur Verf\u00fcgung.<\/p>\n<\/div><\/div>\n\n<div class=\"et_pb_module et_pb_button_module_wrapper et_pb_button_1_wrapper preset--group--divi-button--divi-button--default_wrapper\"><a class=\"et_pb_button_1 et_pb_button et_pb_bg_layout_light et_pb_module et_flex_module preset--group--divi-button--divi-button--default\" href=\"mailto:contact@julienaschaintre.fr\">Kontaktieren Sie uns<\/a><\/div>\n<\/div>\n<\/div>\n<\/div><div class=\"et_pb_column_3 et_pb_column et_flex_column et_pb_css_mix_blend_mode_passthrough et_flex_column_8_24 et_flex_column_12_24_tablet et_flex_column_24_24_phone et_flex_column_12_24_tabletWide\">\n<div class=\"et_pb_image_2 et_pb_image et_pb_module et_flex_module\"><span class=\"et_pb_image_wrap\"><img loading=\"lazy\" decoding=\"async\" src=\"https:\/\/www.julienaschaintre.fr\/wp-content\/uploads\/Moulinalor-819x1024.jpg\" width=\"819\" height=\"1024\" sizes=\"(min-width: 0px) and (max-width: 480px) 480px, (min-width: 481px) 819px, 100vw\" class=\"wp-image-717\" \/><\/span><\/div>\n\n<div class=\"et_pb_group_4 et_pb_group et-last-child et_pb_module et_flex_group et_pb_css_mix_blend_mode_passthrough\">\n<div class=\"et_pb_group_5 et_pb_group et-last-child et_pb_module et_flex_group et_pb_css_mix_blend_mode_passthrough\">\n<div class=\"et_pb_text_5 et_pb_text et_pb_bg_layout_light et_pb_module et_flex_module preset--group--divi-text--divi-font-header--q2xjruylwx preset--group--divi-text--divi-font-body--default\"><div class=\"et_pb_text_inner\"><h3>Privatisierung von Weinstuben in Chaintr\u00e9 \u2013 Nur f\u00fcr Gesch\u00e4ftsleute<\/h3>\n<\/div><\/div>\n\n<div class=\"et_pb_text_6 et_pb_text et_pb_bg_layout_light et_pb_module et_flex_module preset--group--divi-text--divi-font-body--default\"><div class=\"et_pb_text_inner\"><p>Ein Meeting im kleinen Kreis, eine Pensionierung oder eine andere gesch\u00e4ftliche Veranstaltung?<br \/>\nDie Weinstube Le Moulin \u00e0 l&#8217;Or kann Ihnen zur Verf\u00fcgung gestellt werden, um Ihre Teams in einer Retro-Bistrot-Atmosph\u00e4re zu empfangen. An sonnigen Tagen k\u00f6nnen Sie die sch\u00f6ne, gro\u00dfe, von Weinbergen umgebene Westterrasse nutzen.<br \/>\n(nur Montag, Dienstag und Mittwoch)<\/p>\n<\/div><\/div>\n\n<div class=\"et_pb_module et_pb_button_module_wrapper et_pb_button_2_wrapper preset--group--divi-button--divi-button--default_wrapper\"><a class=\"et_pb_button_2 et_pb_button et_pb_bg_layout_light et_pb_module et_flex_module preset--group--divi-button--divi-button--default\" href=\"mailto:contact@julienaschaintre.fr\">Kontaktieren Sie uns<\/a><\/div>\n<\/div>\n<\/div>\n<\/div><div class=\"et_pb_column_4 et_pb_column et_flex_column et_pb_css_mix_blend_mode_passthrough et_flex_column_8_24 et_flex_column_12_24_tablet et_flex_column_24_24_phone et_flex_column_12_24_tabletWide\">\n<div class=\"et_pb_image_3 et_pb_image et_pb_module et_flex_module\"><span class=\"et_pb_image_wrap\"><img loading=\"lazy\" decoding=\"async\" src=\"https:\/\/www.julienaschaintre.fr\/wp-content\/uploads\/Campingcar-JulienasChaintre-e1772023722267.jpg\" width=\"599\" height=\"430\" srcset=\"https:\/\/www.julienaschaintre.fr\/wp-content\/uploads\/Campingcar-JulienasChaintre-e1772023722267.jpg 599w, https:\/\/www.julienaschaintre.fr\/wp-content\/uploads\/Campingcar-JulienasChaintre-e1772023722267-480x270.jpg 480w\" sizes=\"(min-width: 0px) and (max-width: 480px) 480px, (min-width: 481px) 599px, 100vw\" class=\"wp-image-718\" \/><\/span><\/div>\n\n<div class=\"et_pb_group_6 et_pb_group et-last-child et_pb_module et_flex_group et_pb_css_mix_blend_mode_passthrough\">\n<div class=\"et_pb_group_7 et_pb_group et-last-child et_pb_module et_flex_group et_pb_css_mix_blend_mode_passthrough\">\n<div class=\"et_pb_text_7 et_pb_text et_pb_bg_layout_light et_pb_module et_flex_module preset--group--divi-text--divi-font-header--q2xjruylwx preset--group--divi-text--divi-font-body--default\"><div class=\"et_pb_text_inner\"><h3>Empfangsraum &amp; Seminar in Juli\u00e9nas: Nur f\u00fcr Fachleute<\/h3>\n<\/div><\/div>\n\n<div class=\"et_pb_text_8 et_pb_text et_pb_bg_layout_light et_pb_module et_flex_module preset--group--divi-text--divi-font-body--default\"><div class=\"et_pb_text_inner\"><p>Wir bieten Ihnen einen Empfangsraum mit Terrasse, der bis zu 80 Personen aufnehmen kann. Wir stellen Ihnen einen Videoprojektor, WLAN-Zugang und alles zur Verf\u00fcgung, was Sie f\u00fcr Ihr Seminar oder Ihre Besprechung ben\u00f6tigen. Mit der M\u00f6glichkeit, den Tag mit einer Verkostung unserer sch\u00f6nen Appellationen ausklingen zu lassen.  <\/p>\n<\/div><\/div>\n\n<div class=\"et_pb_module et_pb_button_module_wrapper et_pb_button_3_wrapper preset--group--divi-button--divi-button--default_wrapper\"><a class=\"et_pb_button_3 et_pb_button et_pb_bg_layout_light et_pb_module et_flex_module preset--group--divi-button--divi-button--default\" href=\"mailto:contact@julienaschaintre.fr\">Kontaktieren Sie uns<\/a><\/div>\n<\/div>\n<\/div>\n<\/div><div class=\"et_pb_column_5 et_pb_column et_flex_column et_pb_css_mix_blend_mode_passthrough et_flex_column_8_24 et_flex_column_12_24_tablet et_flex_column_24_24_phone et_flex_column_12_24_tabletWide\">\n<div class=\"et_pb_image_4 et_pb_image et_pb_module et_flex_module\"><span class=\"et_pb_image_wrap\"><img loading=\"lazy\" decoding=\"async\" src=\"https:\/\/www.julienaschaintre.fr\/wp-content\/uploads\/Cavedechaintre.jpg\" width=\"808\" height=\"538\" srcset=\"https:\/\/www.julienaschaintre.fr\/wp-content\/uploads\/Cavedechaintre.jpg 808w, https:\/\/www.julienaschaintre.fr\/wp-content\/uploads\/Cavedechaintre-480x320.jpg 480w\" sizes=\"(min-width: 0px) and (max-width: 480px) 480px, (min-width: 481px) 808px, 100vw\" class=\"wp-image-720\" \/><\/span><\/div>\n\n<div class=\"et_pb_group_8 et_pb_group et-last-child et_pb_module et_flex_group et_pb_css_mix_blend_mode_passthrough\">\n<div class=\"et_pb_group_9 et_pb_group et-last-child et_pb_module et_flex_group et_pb_css_mix_blend_mode_passthrough\">\n<div class=\"et_pb_text_9 et_pb_text et_pb_bg_layout_light et_pb_module et_flex_module preset--group--divi-text--divi-font-header--q2xjruylwx preset--group--divi-text--divi-font-body--default\"><div class=\"et_pb_text_inner\"><h3>Gruppenverkostung in Chaintr\u00e9<\/h3>\n<\/div><\/div>\n\n<div class=\"et_pb_text_10 et_pb_text et_pb_bg_layout_light et_pb_module et_flex_module preset--group--divi-text--divi-font-body--default\"><div class=\"et_pb_text_inner\"><p>Wenn Sie im M\u00e2connais unterwegs sind, k\u00f6nnen wir bis zu 20 Personen in unserem Verkostungs- und Verkaufsraum in Chaintr\u00e9 empfangen, um einen sch\u00f6nen Moment der Verkostung gemeinsam zu verbringen. (Reservierung empfohlen) <\/p>\n<\/div><\/div>\n\n<div class=\"et_pb_module et_pb_button_module_wrapper et_pb_button_4_wrapper preset--group--divi-button--divi-button--default_wrapper\"><a class=\"et_pb_button_4 et_pb_button et_pb_bg_layout_light et_pb_module et_flex_module preset--group--divi-button--divi-button--default\" href=\"mailto:contact@julienaschaintre.fr\">Kontaktieren Sie uns<\/a><\/div>\n<\/div>\n<\/div>\n<\/div><div class=\"et_pb_column_6 et_pb_column et-last-child et_flex_column et_pb_css_mix_blend_mode_passthrough et_flex_column_8_24 et_flex_column_12_24_tablet et_flex_column_24_24_phone et_flex_column_12_24_tabletWide\">\n<div class=\"et_pb_image_5 et_pb_image et_pb_module et_flex_module\"><span class=\"et_pb_image_wrap\"><img loading=\"lazy\" decoding=\"async\" src=\"https:\/\/www.julienaschaintre.fr\/wp-content\/uploads\/Capture-decran-2026-02-25-a-13.45.06.png\" width=\"794\" height=\"523\" srcset=\"https:\/\/www.julienaschaintre.fr\/wp-content\/uploads\/Capture-decran-2026-02-25-a-13.45.06.png 794w, https:\/\/www.julienaschaintre.fr\/wp-content\/uploads\/Capture-decran-2026-02-25-a-13.45.06-480x316.png 480w\" sizes=\"(min-width: 0px) and (max-width: 480px) 480px, (min-width: 481px) 794px, 100vw\" class=\"wp-image-719\" \/><\/span><\/div>\n\n<div class=\"et_pb_group_10 et_pb_group et-last-child et_pb_module et_flex_group et_pb_css_mix_blend_mode_passthrough\">\n<div class=\"et_pb_group_11 et_pb_group et-last-child et_pb_module et_flex_group et_pb_css_mix_blend_mode_passthrough\">\n<div class=\"et_pb_text_11 et_pb_text et_pb_bg_layout_light et_pb_module et_flex_module preset--group--divi-text--divi-font-header--q2xjruylwx preset--group--divi-text--divi-font-body--default\"><div class=\"et_pb_text_inner\"><h3>Gruppenbesichtigung und Weinprobe in Juli\u00e9nas<\/h3>\n<\/div><\/div>\n\n<div class=\"et_pb_text_12 et_pb_text et_pb_bg_layout_light et_pb_module et_flex_module preset--group--divi-text--divi-font-body--default\"><div class=\"et_pb_text_inner\"><p>Entdecken Sie die Geheimnisse unseres Weinkellers, seine Funktionsweise und seine Geschichte. Treffen Sie die Menschen, die ihn lebendig machen und die Ihnen gerne ihre Erfahrungen mitteilen werden. (Mindestens 12 Personen, nur mit Reservierung)  <\/p>\n<\/div><\/div>\n\n<div class=\"et_pb_module et_pb_button_module_wrapper et_pb_button_5_wrapper preset--group--divi-button--divi-button--default_wrapper\"><a class=\"et_pb_button_5 et_pb_button et_pb_bg_layout_light et_pb_module et_flex_module preset--group--divi-button--divi-button--default\" href=\"mailto:contact@julienaschaintre.fr\">Kontaktieren Sie uns<\/a><\/div>\n<\/div>\n<\/div>\n<\/div><\/div>\n\n<div class=\"et_pb_row_2 et_pb_row et_flex_row preset--module--divi-row--default\">\n<div class=\"et_pb_column_7 et_pb_column et-last-child et_flex_column et_pb_css_mix_blend_mode_passthrough et_flex_column_24_24\">\n<div class=\"et_pb_post_nav_0 et_pb_posts_nav nav-single et_pb_module et_flex_module\"><\/div>\n<\/div>\n<\/div>\n<\/div>","protected":false},"excerpt":{"rendered":"","protected":false},"author":2,"featured_media":0,"parent":0,"menu_order":0,"comment_status":"closed","ping_status":"closed","template":"","meta":{"_acf_changed":false,"footnotes":""},"class_list":["post-1433","page","type-page","status-publish","hentry"],"acf":[],"dsm_author":{"name":"Album","avatar_url":"https:\/\/secure.gravatar.com\/avatar\/2ddc88b121b8ef6eb1e6dc96b245dcf6cb7ab5542fc8b541f8b175ede5581b42?s=96&d=mm&r=g","archive_link":"https:\/\/www.julienaschaintre.fr\/de\/author\/9tpkrkhw\/","biodata":""},"dsm_categories":[],"dsm_attachment_categories":[],"dsm_featured_image":null,"yoast_head":"<!-- This site is optimized with the Yoast SEO plugin v27.1.1 - https:\/\/yoast.com\/product\/yoast-seo-wordpress\/ -->\n<title>Juli\u00e9nas Chaintr\u00e9 Vignerons Associ\u00e9s &#8226; \u00d6notourismus<\/title>\n<meta name=\"description\" content=\"Wohnmobilstellplatz, Gruppenf\u00fchrungen, Weinbar, Seminare ... die Winzer von Juli\u00e9nas Chaintr\u00e9 begr\u00fc\u00dfen Sie zwischen Burgund und Beaujolais.\" \/>\n<meta name=\"robots\" content=\"index, follow, max-snippet:-1, max-image-preview:large, max-video-preview:-1\" \/>\n<link rel=\"canonical\" href=\"https:\/\/www.julienaschaintre.fr\/de\/oenotourismus\/\" \/>\n<meta property=\"og:locale\" content=\"de_DE\" \/>\n<meta property=\"og:type\" content=\"article\" \/>\n<meta property=\"og:title\" content=\"Juli\u00e9nas Chaintr\u00e9 Vignerons Associ\u00e9s &#8226; \u00d6notourismus\" \/>\n<meta property=\"og:description\" content=\"Wohnmobilstellplatz, Gruppenf\u00fchrungen, Weinbar, Seminare ... die Winzer von Juli\u00e9nas Chaintr\u00e9 begr\u00fc\u00dfen Sie zwischen Burgund und Beaujolais.\" \/>\n<meta property=\"og:url\" content=\"https:\/\/www.julienaschaintre.fr\/de\/oenotourismus\/\" \/>\n<meta property=\"og:site_name\" content=\"Juli\u00e9nas Chaintr\u00e9 Vignerons Associ\u00e9s\" \/>\n<meta property=\"article:publisher\" content=\"https:\/\/www.facebook.com\/julienaschaintrevigneronsassocies\" \/>\n<meta property=\"article:modified_time\" content=\"2026-04-21T07:03:13+00:00\" \/>\n<meta name=\"twitter:card\" content=\"summary_large_image\" \/>\n<script type=\"application\/ld+json\" class=\"yoast-schema-graph\">{\"@context\":\"https:\/\/schema.org\",\"@graph\":[{\"@type\":\"WebPage\",\"@id\":\"https:\/\/www.julienaschaintre.fr\/de\/oenotourismus\/\",\"url\":\"https:\/\/www.julienaschaintre.fr\/de\/oenotourismus\/\",\"name\":\"Juli\u00e9nas Chaintr\u00e9 Vignerons Associ\u00e9s &#8226; \u00d6notourismus\",\"isPartOf\":{\"@id\":\"https:\/\/www.julienaschaintre.fr\/de\/#website\"},\"datePublished\":\"2026-02-03T16:02:01+00:00\",\"dateModified\":\"2026-04-21T07:03:13+00:00\",\"description\":\"Wohnmobilstellplatz, Gruppenf\u00fchrungen, Weinbar, Seminare ... die Winzer von Juli\u00e9nas Chaintr\u00e9 begr\u00fc\u00dfen Sie zwischen Burgund und Beaujolais.\",\"breadcrumb\":{\"@id\":\"https:\/\/www.julienaschaintre.fr\/de\/oenotourismus\/#breadcrumb\"},\"inLanguage\":\"de\",\"potentialAction\":[{\"@type\":\"ReadAction\",\"target\":[\"https:\/\/www.julienaschaintre.fr\/de\/oenotourismus\/\"]}]},{\"@type\":\"BreadcrumbList\",\"@id\":\"https:\/\/www.julienaschaintre.fr\/de\/oenotourismus\/#breadcrumb\",\"itemListElement\":[{\"@type\":\"ListItem\",\"position\":1,\"name\":\"Home\",\"item\":\"https:\/\/www.julienaschaintre.fr\/de\/\"},{\"@type\":\"ListItem\",\"position\":2,\"name\":\"\u00d6notourismus\"}]},{\"@type\":\"WebSite\",\"@id\":\"https:\/\/www.julienaschaintre.fr\/de\/#website\",\"url\":\"https:\/\/www.julienaschaintre.fr\/de\/\",\"name\":\"Juli\u00e9nas Chaintr\u00e9 Vignerons Associ\u00e9s\",\"description\":\"\",\"alternateName\":\"Cave de Juli\u00e9nas Chaintr\u00e9\",\"potentialAction\":[{\"@type\":\"SearchAction\",\"target\":{\"@type\":\"EntryPoint\",\"urlTemplate\":\"https:\/\/www.julienaschaintre.fr\/de\/?s={search_term_string}\"},\"query-input\":{\"@type\":\"PropertyValueSpecification\",\"valueRequired\":true,\"valueName\":\"search_term_string\"}}],\"inLanguage\":\"de\"}]}<\/script>\n<!-- \/ Yoast SEO plugin. -->","yoast_head_json":{"title":"Juli\u00e9nas Chaintr\u00e9 Vignerons Associ\u00e9s &#8226; \u00d6notourismus","description":"Wohnmobilstellplatz, Gruppenf\u00fchrungen, Weinbar, Seminare ... die Winzer von Juli\u00e9nas Chaintr\u00e9 begr\u00fc\u00dfen Sie zwischen Burgund und Beaujolais.","robots":{"index":"index","follow":"follow","max-snippet":"max-snippet:-1","max-image-preview":"max-image-preview:large","max-video-preview":"max-video-preview:-1"},"canonical":"https:\/\/www.julienaschaintre.fr\/de\/oenotourismus\/","og_locale":"de_DE","og_type":"article","og_title":"Juli\u00e9nas Chaintr\u00e9 Vignerons Associ\u00e9s &#8226; \u00d6notourismus","og_description":"Wohnmobilstellplatz, Gruppenf\u00fchrungen, Weinbar, Seminare ... die Winzer von Juli\u00e9nas Chaintr\u00e9 begr\u00fc\u00dfen Sie zwischen Burgund und Beaujolais.","og_url":"https:\/\/www.julienaschaintre.fr\/de\/oenotourismus\/","og_site_name":"Juli\u00e9nas Chaintr\u00e9 Vignerons Associ\u00e9s","article_publisher":"https:\/\/www.facebook.com\/julienaschaintrevigneronsassocies","article_modified_time":"2026-04-21T07:03:13+00:00","twitter_card":"summary_large_image","schema":{"@context":"https:\/\/schema.org","@graph":[{"@type":"WebPage","@id":"https:\/\/www.julienaschaintre.fr\/de\/oenotourismus\/","url":"https:\/\/www.julienaschaintre.fr\/de\/oenotourismus\/","name":"Juli\u00e9nas Chaintr\u00e9 Vignerons Associ\u00e9s &#8226; \u00d6notourismus","isPartOf":{"@id":"https:\/\/www.julienaschaintre.fr\/de\/#website"},"datePublished":"2026-02-03T16:02:01+00:00","dateModified":"2026-04-21T07:03:13+00:00","description":"Wohnmobilstellplatz, Gruppenf\u00fchrungen, Weinbar, Seminare ... die Winzer von Juli\u00e9nas Chaintr\u00e9 begr\u00fc\u00dfen Sie zwischen Burgund und Beaujolais.","breadcrumb":{"@id":"https:\/\/www.julienaschaintre.fr\/de\/oenotourismus\/#breadcrumb"},"inLanguage":"de","potentialAction":[{"@type":"ReadAction","target":["https:\/\/www.julienaschaintre.fr\/de\/oenotourismus\/"]}]},{"@type":"BreadcrumbList","@id":"https:\/\/www.julienaschaintre.fr\/de\/oenotourismus\/#breadcrumb","itemListElement":[{"@type":"ListItem","position":1,"name":"Home","item":"https:\/\/www.julienaschaintre.fr\/de\/"},{"@type":"ListItem","position":2,"name":"\u00d6notourismus"}]},{"@type":"WebSite","@id":"https:\/\/www.julienaschaintre.fr\/de\/#website","url":"https:\/\/www.julienaschaintre.fr\/de\/","name":"Juli\u00e9nas Chaintr\u00e9 Vignerons Associ\u00e9s","description":"","alternateName":"Cave de Juli\u00e9nas Chaintr\u00e9","potentialAction":[{"@type":"SearchAction","target":{"@type":"EntryPoint","urlTemplate":"https:\/\/www.julienaschaintre.fr\/de\/?s={search_term_string}"},"query-input":{"@type":"PropertyValueSpecification","valueRequired":true,"valueName":"search_term_string"}}],"inLanguage":"de"}]}},"_links":{"self":[{"href":"https:\/\/www.julienaschaintre.fr\/de\/wp-json\/wp\/v2\/pages\/1433","targetHints":{"allow":["GET"]}}],"collection":[{"href":"https:\/\/www.julienaschaintre.fr\/de\/wp-json\/wp\/v2\/pages"}],"about":[{"href":"https:\/\/www.julienaschaintre.fr\/de\/wp-json\/wp\/v2\/types\/page"}],"author":[{"embeddable":true,"href":"https:\/\/www.julienaschaintre.fr\/de\/wp-json\/wp\/v2\/users\/2"}],"replies":[{"embeddable":true,"href":"https:\/\/www.julienaschaintre.fr\/de\/wp-json\/wp\/v2\/comments?post=1433"}],"version-history":[{"count":10,"href":"https:\/\/www.julienaschaintre.fr\/de\/wp-json\/wp\/v2\/pages\/1433\/revisions"}],"predecessor-version":[{"id":2152,"href":"https:\/\/www.julienaschaintre.fr\/de\/wp-json\/wp\/v2\/pages\/1433\/revisions\/2152"}],"wp:attachment":[{"href":"https:\/\/www.julienaschaintre.fr\/de\/wp-json\/wp\/v2\/media?parent=1433"}],"curies":[{"name":"wp","href":"https:\/\/api.w.org\/{rel}","templated":true}]}}