{"id":1318,"date":"2025-10-29T17:00:51","date_gmt":"2025-10-29T16:00:51","guid":{"rendered":"https:\/\/www.julienaschaintre.fr\/eine-atypische-geschichte\/"},"modified":"2026-04-21T10:20:31","modified_gmt":"2026-04-21T08:20:31","slug":"eine-atypische-geschichte","status":"publish","type":"page","link":"https:\/\/www.julienaschaintre.fr\/de\/eine-atypische-geschichte\/","title":{"rendered":"Eine atypische Geschichte"},"content":{"rendered":"<div class=\"et_pb_section_0 et_pb_section et_section_regular et_flex_section\">\n<div class=\"et_pb_row_0 et_pb_row et_flex_row et_flex_column_24_24 preset--module--divi-row--default\">\n<div class=\"et_pb_column_0 et_pb_column et-last-child et_flex_column et_pb_css_mix_blend_mode_passthrough et_flex_column_24_24\">\n<div class=\"et_pb_text_0 et_pb_text et_pb_bg_layout_light et_pb_module et_flex_module preset--group--divi-text--divi-font-header--sw0fx4llhn preset--group--divi-text--divi-font-body--default\"><div class=\"et_pb_text_inner\"><h1>Eine atypische Geschichte<\/h1>\n<\/div><\/div>\n\n<div class=\"et_pb_text_1 et_pb_text et_pb_bg_layout_light et_pb_module et_flex_module preset--group--divi-text--divi-font-body--default\"><div class=\"et_pb_text_inner\"><p>An der Schnittstelle zwischen Burgund und Beaujolais entstand Juli\u00e9nas Chaintr\u00e9 Vignerons Associ\u00e9s aus einer doppelten Gr\u00fcndung, einer doppelten Liebe zum Wein und einem doppelten Respekt vor dem Terroir.<\/p>\n<p>\u00a0<\/p>\n<\/div><\/div>\n<\/div>\n<\/div>\n\n<div class=\"et_pb_row_1 et_pb_row et_flex_row preset--module--divi-row--default\">\n<div class=\"et_pb_column_1 et_pb_column et-last-child et_flex_column et_pb_css_mix_blend_mode_passthrough et_flex_column_24_24\">\n<div class=\"et_pb_image_0 et_pb_image et_pb_module et_flex_module\"><span class=\"et_pb_image_wrap\"><img loading=\"lazy\" decoding=\"async\" src=\"https:\/\/julienaschaintre.fr\/wp-content\/uploads\/image-section.svg\" alt=\"Bildbereich\" width=\"167\" height=\"1150\" class=\"wp-image-175\" \/><\/span><\/div>\n<\/div>\n<\/div>\n<\/div>\n\n<div class=\"et_pb_section_1 et_pb_section et_section_regular et_flex_section\">\n<div class=\"et_pb_row_2 et_pb_row et_flex_row preset--module--divi-row--default\">\n<div class=\"et_pb_column_2 et_pb_column et-last-child et_flex_column et_pb_css_mix_blend_mode_passthrough et_flex_column_24_24\">\n<div class=\"dsm_content_timeline_0 dsm_content_timeline dsm-timeline-left et_pb_module\" id=\"timeline-histoire\"><div class=\"et_pb_module_inner dsm-content-timeline-container\"><div class=\"dsm-content-timeline-items-wrapper left responsive-left \" style=\"--spacing: 50px; --tree-animatio-speed: 0ms;\" data-image_lightbox=\"off\" data-tree-animation=\"on\" data-tree-animation-tablet=\"off\" data-tree-animation-mobile=\"off\">\n<div class=\"dsm_content_timeline_child_0 dsm_content_timeline_child dsm-content-timeline-item dsm-image-icon_placement-top et_pb_module\"><div class=\"et_pb_module_inner dsm-content-timeline-item-wrapper\">\t\t\t<div class=\"dsm-content-timeline-content-wrapper\">   \t\t\n\t\t\t\t\t\t\t\t\t<div class=\"dsm-image-wrapper\">\n\t\t\t\t\t\t<div class=\"dsm-image\"> \n\t\t\t\t\t\t<img decoding=\"async\" src=\"https:\/\/www.julienaschaintre.fr\/wp-content\/uploads\/Cave-de-Chaintre-scaled.png\" alt=\"Content Timeline Image\">\n\t\t\t\t\t\t<\/div>\n\t\t\t\t\t<\/div>\n\t\t\t\t\n\t\t\t\t\t\t\t\t<div class=\"dsm-timeline-content\">\n\t\t\t\t\t<h4 class=\"dsm-title\"><\/h4>\t\t\t\t\t\t<div class=\"dsm-description\"><p>Die Cave de Chaintr\u00e9 ist eine der \u00e4ltesten Genossenschaftskellereien in Frankreich. Sie wurde 1928 in einer alten gallo-r\u00f6mischen Villa, der sogenannten Villa Cantriarca, gegr\u00fcndet. Die Winzer von Chaintr\u00e9 bauen hier mit Leidenschaft Chardonnay an und haben nach und nach in moderne Anlagen investiert, um die Weinbereitung und den Ausbau ihrer Wei\u00dfweine aus dem Maconnais besser zu beherrschen. Die Cave de Chaintr\u00e9 ist seit fast 100 Jahren auf dem Weg und das Geb\u00e4ude &#8222;Villa Cantriarca&#8220;, das zur &#8222;Villa Cantrius&#8220; wurde, hat sich im Laufe der Jahre immer weiterentwickelt.   <\/p>\n<p>\u00a0<\/p>\n<\/div>\t\t\t\t<\/div>\t\n\t\t\t<\/div>\n\t\t<\/div><\/div><div class=\"content-timeline-middle divisupreme_content_timeline_child_0\" style=\"--item-index: 0; --pointer-size: 20px\">\n\t\t\t\t<div class=\"content-timeline-middle-circle\"> <\/div>\n\t\t\t\t<div class=\"content-timeline-middle-line\"><\/div>\n\t\t\t\t<div class=\"content-timeline-tree-animation\"><\/div>\n\t\t\t<\/div><div class=\"divisupreme_content_timeline_child_0 content-timeline-opposite dsm-opposite-text\" style=\"--item-index: 0\"><p>1928<\/p><\/div>\n\n<div class=\"dsm_content_timeline_child_1 dsm_content_timeline_child dsm-content-timeline-item dsm-image-icon_placement-top et_pb_module\"><div class=\"et_pb_module_inner dsm-content-timeline-item-wrapper\">\t\t\t<div class=\"dsm-content-timeline-content-wrapper\">   \t\t\n\t\t\t\t\t\t\t\t\t<div class=\"dsm-image-wrapper\">\n\t\t\t\t\t\t<div class=\"dsm-image\"> \n\t\t\t\t\t\t<img decoding=\"async\" src=\"https:\/\/www.julienaschaintre.fr\/wp-content\/uploads\/Cave-de-Chaintre-4-scaled.png\" alt=\"Content Timeline Image\">\n\t\t\t\t\t\t<\/div>\n\t\t\t\t\t<\/div>\n\t\t\t\t\n\t\t\t\t\t\t\t\t<div class=\"dsm-timeline-content\">\n\t\t\t\t\t<h4 class=\"dsm-title\"><\/h4>\t\t\t\t\t\t<div class=\"dsm-description\"><p>Die 1961 gegr\u00fcndete Cave de Juli\u00e9nas hat ihre Wurzeln im Ch\u00e2teau du Bois de la Salle, einem emblematischen Geb\u00e4ude aus dem XVII\u1d49 Jahrhundert. Das Anwesen war lange Zeit von M\u00f6nchen bewohnt und wurde 1658 von Baron Charrier de Laroche, dem ersten Kaplan von Napoleon I., erworben. 1961 \u00fcbergab sein Nachkomme, Graf Serres de Mesples, den Besitz des Schlosses an eine Gruppe von Pionierwinzern, die ein gemeinsames Ziel hatten: den Reichtum und die Authentizit\u00e4t der Weine und Crus des Beaujolais zu verbreiten. Raoul Janin, B\u00fcrgermeister von Julli\u00e9, Ingenieur der Landtechnik in Lyon und Eigent\u00fcmer von Weinbergen, wurde der erste Pr\u00e4sident der so gegr\u00fcndeten Genossenschaft.   <\/p>\n<p>\u00a0<\/p>\n<\/div>\t\t\t\t<\/div>\t\n\t\t\t<\/div>\n\t\t<\/div><\/div><div class=\"content-timeline-middle divisupreme_content_timeline_child_1\" style=\"--item-index: 1; --pointer-size: 20px\">\n\t\t\t\t<div class=\"content-timeline-middle-circle\"> <\/div>\n\t\t\t\t<div class=\"content-timeline-middle-line\"><\/div>\n\t\t\t\t<div class=\"content-timeline-tree-animation\"><\/div>\n\t\t\t<\/div><div class=\"divisupreme_content_timeline_child_1 content-timeline-opposite dsm-opposite-text\" style=\"--item-index: 1\"><p>1961<\/p><\/div>\n\n<div class=\"dsm_content_timeline_child_2 dsm_content_timeline_child dsm-content-timeline-item dsm-image-icon_placement-top et_pb_module\"><div class=\"et_pb_module_inner dsm-content-timeline-item-wrapper\">\t\t\t<div class=\"dsm-content-timeline-content-wrapper\">   \t\t\n\t\t\t\t\t\t\t\t\t<div class=\"dsm-image-wrapper\">\n\t\t\t\t\t\t<div class=\"dsm-image\"> \n\t\t\t\t\t\t<img decoding=\"async\" src=\"https:\/\/www.julienaschaintre.fr\/wp-content\/uploads\/Construction-cave-Chaintre-scaled.png\" alt=\"Content Timeline Image\">\n\t\t\t\t\t\t<\/div>\n\t\t\t\t\t<\/div>\n\t\t\t\t\n\t\t\t\t\t\t\t\t<div class=\"dsm-timeline-content\">\n\t\t\t\t\t<h4 class=\"dsm-title\"><\/h4>\t\t\t\t\t\t<div class=\"dsm-description\"><p>Im Burgund und im Beaujolais wurden die Weine fr\u00fcher \u00fcber lokale H\u00e4ndler vermarktet. Um die direkte Verbindung zwischen Winzern und Weinliebhabern zu st\u00e4rken, haben die Weinkellereien beschlossen, ihre T\u00fcren zu \u00f6ffnen. Es entstanden R\u00e4ume f\u00fcr die Weinprobe und den Direktverkauf.<br \/>\nSo entstanden unsere Weinkeller: im Herzen des Ch\u00e2teau du Bois de la Salle in Juli\u00e9nas und im Moulin \u00e0 l&#8217;Or in Chaintr\u00e9, einem Ort, der von Weinbergen umgeben ist und das M\u00e2connais-Becken \u00fcberblickt.  <\/p>\n<p>\u00a0<\/p>\n<\/div>\t\t\t\t<\/div>\t\n\t\t\t<\/div>\n\t\t<\/div><\/div><div class=\"content-timeline-middle divisupreme_content_timeline_child_2\" style=\"--item-index: 2; --pointer-size: 20px\">\n\t\t\t\t<div class=\"content-timeline-middle-circle\"> <\/div>\n\t\t\t\t<div class=\"content-timeline-middle-line\"><\/div>\n\t\t\t\t<div class=\"content-timeline-tree-animation\"><\/div>\n\t\t\t<\/div><div class=\"divisupreme_content_timeline_child_2 content-timeline-opposite dsm-opposite-text\" style=\"--item-index: 2\"><p>1963 1965<\/p><\/div>\n\n<div class=\"dsm_content_timeline_child_3 dsm_content_timeline_child dsm-content-timeline-item dsm-image-icon_placement-top et_pb_module\"><div class=\"et_pb_module_inner dsm-content-timeline-item-wrapper\">\t\t\t<div class=\"dsm-content-timeline-content-wrapper\">   \t\t\n\t\t\t\t\t\t\t\t\t<div class=\"dsm-image-wrapper\">\n\t\t\t\t\t\t<div class=\"dsm-image\"> \n\t\t\t\t\t\t<img decoding=\"async\" src=\"https:\/\/www.julienaschaintre.fr\/wp-content\/uploads\/Chateau-du-Bois-de-la-Salle-Julienas-scaled.png\" alt=\"Content Timeline Image\">\n\t\t\t\t\t\t<\/div>\n\t\t\t\t\t<\/div>\n\t\t\t\t\n\t\t\t\t\t\t\t\t<div class=\"dsm-timeline-content\">\n\t\t\t\t\t<h4 class=\"dsm-title\"><\/h4>\t\t\t\t\t\t<div class=\"dsm-description\"><p>1993 erlebte die Cave de Juli\u00e9nas einen wichtigen Schritt: Der Weinkeller wurde vergr\u00f6\u00dfert und mit modernen Ger\u00e4ten ausgestattet, um die Weinherstellung zu perfektionieren. Die Verkaufsr\u00e4ume und B\u00fcros wurden ebenfalls renoviert, um den Mitarbeitern mehr Komfort zu bieten und den Besuchern einen angenehmeren Empfang zu bereiten. <\/p>\n<p>\u00a0<\/p>\n<\/div>\t\t\t\t<\/div>\t\n\t\t\t<\/div>\n\t\t<\/div><\/div><div class=\"content-timeline-middle divisupreme_content_timeline_child_3\" style=\"--item-index: 3; --pointer-size: 20px\">\n\t\t\t\t<div class=\"content-timeline-middle-circle\"> <\/div>\n\t\t\t\t<div class=\"content-timeline-middle-line\"><\/div>\n\t\t\t\t<div class=\"content-timeline-tree-animation\"><\/div>\n\t\t\t<\/div><div class=\"divisupreme_content_timeline_child_3 content-timeline-opposite dsm-opposite-text\" style=\"--item-index: 3\"><p>1993<\/p><\/div>\n\n<div class=\"dsm_content_timeline_child_4 dsm_content_timeline_child dsm-content-timeline-item dsm-image-icon_placement-top last et_pb_module\"><div class=\"et_pb_module_inner dsm-content-timeline-item-wrapper\">\t\t\t<div class=\"dsm-content-timeline-content-wrapper\">   \t\t\n\t\t\t\t\t\t\t\t\t<div class=\"dsm-image-wrapper\">\n\t\t\t\t\t\t<div class=\"dsm-image\"> \n\t\t\t\t\t\t<img decoding=\"async\" src=\"https:\/\/www.julienaschaintre.fr\/wp-content\/uploads\/2013-Unions-caves-Julienas-et-Chaintre-scaled.png\" alt=\"Content Timeline Image\">\n\t\t\t\t\t\t<\/div>\n\t\t\t\t\t<\/div>\n\t\t\t\t\n\t\t\t\t\t\t\t\t<div class=\"dsm-timeline-content\">\n\t\t\t\t\t<h4 class=\"dsm-title\"><\/h4>\t\t\t\t\t\t<div class=\"dsm-description\"><h2>Neuer Schwung zwischen Burgund und Beaujolais<\/h2>\n<p>Der 12. Juli 2013 markierte einen entscheidenden Wendepunkt: die offizielle Vereinigung der Cave de Chaintr\u00e9 und der Cave de Juli\u00e9nas, die eine nat\u00fcrliche Ann\u00e4herung besiegelte: Juli\u00e9nas Chaintr\u00e9 Vignerons Associ\u00e9s war geboren. Diese Vereinigung unterstreicht die DNA der Kellereien, zeigt ihre komplement\u00e4ren St\u00e4rken und verleiht ihnen eine neue Dynamik. Auf dem Foto, das diesen Gr\u00fcndungsmoment verewigt, unterzeichnen Bernard Galy (links) und Fr\u00e9d\u00e9ric Descombes (rechts) den Fusionsvertrag und schlagen damit ein neues Kapitel in einer gemeinsamen Geschichte auf. Eine starke Geste, die ein Symbol f\u00fcr Engagement und gemeinsame Ambitionen ist.   <\/p>\n<p>\u00a0<\/p>\n<\/div>\t\t\t\t<\/div>\t\n\t\t\t<\/div>\n\t\t<\/div><\/div><div class=\"content-timeline-middle divisupreme_content_timeline_child_4 dsm-last-middle\" style=\"--item-index: 4; --pointer-size: 20px\">\n\t\t\t\t<div class=\"content-timeline-middle-circle\"> <\/div>\n\t\t\t\t<div class=\"content-timeline-middle-line\"><\/div>\n\t\t\t\t<div class=\"content-timeline-tree-animation\"><\/div>\n\t\t\t<\/div><div class=\"divisupreme_content_timeline_child_4 content-timeline-opposite dsm-opposite-text\" style=\"--item-index: 4\"><p>2013<\/p><\/div>\n<\/div><\/div><\/div>\n<\/div>\n<\/div>\n<\/div>\n\n<div class=\"et_pb_section_2 et_pb_section et_section_regular et_flex_section\">\n<div class=\"et_pb_row_3 et_pb_row et_flex_row preset--module--divi-row--default\">\n<div class=\"et_pb_column_3 et_pb_column et-last-child et_flex_column et_pb_css_mix_blend_mode_passthrough et_flex_column_24_24\">\n<div class=\"et_pb_text_2 et_pb_text et_pb_bg_layout_light et_pb_module et_flex_module preset--group--divi-text--divi-font-header--546itz4fae preset--group--divi-text--divi-font-body--default\"><div class=\"et_pb_text_inner\"><h2>Kooperation im Herzen unseres Weinkellers<\/h2>\n<\/div><\/div>\n<\/div>\n<\/div>\n\n<div class=\"et_pb_row_4 et_pb_row et_flex_row preset--module--divi-row--default\">\n<div class=\"et_pb_column_4 et_pb_column et-last-child et_flex_column et_pb_css_mix_blend_mode_passthrough et_flex_column_24_24\">\n<div class=\"et_pb_text_3 et_pb_text et_pb_bg_layout_light et_pb_module et_flex_module preset--group--divi-text--divi-font-header--gu43eib4p2 preset--group--divi-text--divi-font-body--default\"><div class=\"et_pb_text_inner\"><h3>Ein Genossenschaftsmitglied zu sein bedeutet, individuelle Verantwortung zu tragen und gleichzeitig f\u00fcr das Wohl der Gruppe zu arbeiten.<\/h3>\n<p>Das Herzst\u00fcck von Juli\u00e9nas Chaintr\u00e9 Vignerons Associ\u00e9s ist die Kooperation. Diese einzigartige Organisation erm\u00f6glicht es unabh\u00e4ngigen Winzern, ihre Mittel, Kompetenzen und Ambitionen zu b\u00fcndeln, um Qualit\u00e4tsweine zu produzieren und dabei ihre Identit\u00e4t und ihr Know-how zu bewahren. <\/p>\n<h4>In einer Genossenschaftskellerei ist jeder ein Akteur und gleichzeitig verantwortlich:<\/h4>\n<p>\u2013 Die Genossenschaftsmitglieder bringen ihre Trauben und ihr Fachwissen ein, beteiligen sich an strategischen Entscheidungen und tragen zur gemeinsamen Weinherstellung bei.<br \/>\n\u2013 Die Mitarbeiter stellen ihr technisches Know-how und ihre Leidenschaft in den Dienst der Qualit\u00e4t und der Koh\u00e4renz der Produktion, von der Rebe bis zur Flasche, \u00fcber den Weinkeller, die Vermarktung und den Empfang der Besucher.<\/p>\n<p>Diese Organisation beruht auf starken Werten: gegenseitige Hilfe, Solidarit\u00e4t, Respekt vor der Arbeit jedes Einzelnen, Teilen von Kompetenzen und Weitergabe von Wissen.<br \/>\nJeder Wein, der von unserer Kellerei produziert wird, ist das Ergebnis dieser kollektiven Arbeit: eine echte Allianz zwischen M\u00e4nnern, Frauen und Terroir, die den Reichtum und den Fortbestand unserer Genossenschaft ausmacht.<\/p>\n<p><strong>Die Zusammenarbeit ist nicht nur eine Organisationsform: Sie ist eine Philosophie, ein t\u00e4gliches Engagement, das eine echte kollektive Kraft darstellt, um Tradition, Qualit\u00e4t und Authentizit\u00e4t in jeder unserer Flaschen zu vereinen.<\/strong><\/p>\n<p>\u00a0<\/p>\n<\/div><\/div>\n<\/div>\n<\/div>\n<\/div>","protected":false},"excerpt":{"rendered":"","protected":false},"author":1,"featured_media":0,"parent":0,"menu_order":0,"comment_status":"closed","ping_status":"closed","template":"","meta":{"_acf_changed":false,"footnotes":""},"class_list":["post-1318","page","type-page","status-publish","hentry"],"acf":[],"dsm_author":{"name":"EcloLINK","avatar_url":"https:\/\/secure.gravatar.com\/avatar\/d7b0f0516c588dc011dbb1eae8f7c0f0c8cd88687bda59590f90bd2bf5e806ca?s=96&d=mm&r=g","archive_link":"https:\/\/www.julienaschaintre.fr\/de\/author\/s7l4d3hoffrdzp\/","biodata":""},"dsm_categories":[],"dsm_attachment_categories":[],"dsm_featured_image":null,"yoast_head":"<!-- This site is optimized with the Yoast SEO plugin v27.1.1 - https:\/\/yoast.com\/product\/yoast-seo-wordpress\/ -->\n<title>Juli\u00e9nas Chaintr\u00e9 Vignerons Associ\u00e9s &#8226; Eine atypische Geschichte<\/title>\n<meta name=\"robots\" content=\"index, follow, max-snippet:-1, max-image-preview:large, max-video-preview:-1\" \/>\n<link rel=\"canonical\" href=\"https:\/\/www.julienaschaintre.fr\/de\/eine-atypische-geschichte\/\" \/>\n<meta property=\"og:locale\" content=\"de_DE\" \/>\n<meta property=\"og:type\" content=\"article\" \/>\n<meta property=\"og:title\" content=\"Juli\u00e9nas Chaintr\u00e9 Vignerons Associ\u00e9s &#8226; Eine atypische Geschichte\" \/>\n<meta property=\"og:url\" content=\"https:\/\/www.julienaschaintre.fr\/de\/eine-atypische-geschichte\/\" \/>\n<meta property=\"og:site_name\" content=\"Juli\u00e9nas Chaintr\u00e9 Vignerons Associ\u00e9s\" \/>\n<meta property=\"article:publisher\" content=\"https:\/\/www.facebook.com\/julienaschaintrevigneronsassocies\" \/>\n<meta property=\"article:modified_time\" content=\"2026-04-21T08:20:31+00:00\" \/>\n<meta name=\"twitter:card\" content=\"summary_large_image\" \/>\n<script type=\"application\/ld+json\" class=\"yoast-schema-graph\">{\"@context\":\"https:\/\/schema.org\",\"@graph\":[{\"@type\":\"WebPage\",\"@id\":\"https:\/\/www.julienaschaintre.fr\/de\/eine-atypische-geschichte\/\",\"url\":\"https:\/\/www.julienaschaintre.fr\/de\/eine-atypische-geschichte\/\",\"name\":\"Juli\u00e9nas Chaintr\u00e9 Vignerons Associ\u00e9s &#8226; Eine atypische Geschichte\",\"isPartOf\":{\"@id\":\"https:\/\/www.julienaschaintre.fr\/de\/#website\"},\"datePublished\":\"2025-10-29T16:00:51+00:00\",\"dateModified\":\"2026-04-21T08:20:31+00:00\",\"breadcrumb\":{\"@id\":\"https:\/\/www.julienaschaintre.fr\/de\/eine-atypische-geschichte\/#breadcrumb\"},\"inLanguage\":\"de\",\"potentialAction\":[{\"@type\":\"ReadAction\",\"target\":[\"https:\/\/www.julienaschaintre.fr\/de\/eine-atypische-geschichte\/\"]}]},{\"@type\":\"BreadcrumbList\",\"@id\":\"https:\/\/www.julienaschaintre.fr\/de\/eine-atypische-geschichte\/#breadcrumb\",\"itemListElement\":[{\"@type\":\"ListItem\",\"position\":1,\"name\":\"Home\",\"item\":\"https:\/\/www.julienaschaintre.fr\/de\/\"},{\"@type\":\"ListItem\",\"position\":2,\"name\":\"Eine atypische Geschichte\"}]},{\"@type\":\"WebSite\",\"@id\":\"https:\/\/www.julienaschaintre.fr\/de\/#website\",\"url\":\"https:\/\/www.julienaschaintre.fr\/de\/\",\"name\":\"Juli\u00e9nas Chaintr\u00e9 Vignerons Associ\u00e9s\",\"description\":\"\",\"alternateName\":\"Cave de Juli\u00e9nas Chaintr\u00e9\",\"potentialAction\":[{\"@type\":\"SearchAction\",\"target\":{\"@type\":\"EntryPoint\",\"urlTemplate\":\"https:\/\/www.julienaschaintre.fr\/de\/?s={search_term_string}\"},\"query-input\":{\"@type\":\"PropertyValueSpecification\",\"valueRequired\":true,\"valueName\":\"search_term_string\"}}],\"inLanguage\":\"de\"}]}<\/script>\n<!-- \/ Yoast SEO plugin. -->","yoast_head_json":{"title":"Juli\u00e9nas Chaintr\u00e9 Vignerons Associ\u00e9s &#8226; Eine atypische Geschichte","robots":{"index":"index","follow":"follow","max-snippet":"max-snippet:-1","max-image-preview":"max-image-preview:large","max-video-preview":"max-video-preview:-1"},"canonical":"https:\/\/www.julienaschaintre.fr\/de\/eine-atypische-geschichte\/","og_locale":"de_DE","og_type":"article","og_title":"Juli\u00e9nas Chaintr\u00e9 Vignerons Associ\u00e9s &#8226; Eine atypische Geschichte","og_url":"https:\/\/www.julienaschaintre.fr\/de\/eine-atypische-geschichte\/","og_site_name":"Juli\u00e9nas Chaintr\u00e9 Vignerons Associ\u00e9s","article_publisher":"https:\/\/www.facebook.com\/julienaschaintrevigneronsassocies","article_modified_time":"2026-04-21T08:20:31+00:00","twitter_card":"summary_large_image","schema":{"@context":"https:\/\/schema.org","@graph":[{"@type":"WebPage","@id":"https:\/\/www.julienaschaintre.fr\/de\/eine-atypische-geschichte\/","url":"https:\/\/www.julienaschaintre.fr\/de\/eine-atypische-geschichte\/","name":"Juli\u00e9nas Chaintr\u00e9 Vignerons Associ\u00e9s &#8226; Eine atypische Geschichte","isPartOf":{"@id":"https:\/\/www.julienaschaintre.fr\/de\/#website"},"datePublished":"2025-10-29T16:00:51+00:00","dateModified":"2026-04-21T08:20:31+00:00","breadcrumb":{"@id":"https:\/\/www.julienaschaintre.fr\/de\/eine-atypische-geschichte\/#breadcrumb"},"inLanguage":"de","potentialAction":[{"@type":"ReadAction","target":["https:\/\/www.julienaschaintre.fr\/de\/eine-atypische-geschichte\/"]}]},{"@type":"BreadcrumbList","@id":"https:\/\/www.julienaschaintre.fr\/de\/eine-atypische-geschichte\/#breadcrumb","itemListElement":[{"@type":"ListItem","position":1,"name":"Home","item":"https:\/\/www.julienaschaintre.fr\/de\/"},{"@type":"ListItem","position":2,"name":"Eine atypische Geschichte"}]},{"@type":"WebSite","@id":"https:\/\/www.julienaschaintre.fr\/de\/#website","url":"https:\/\/www.julienaschaintre.fr\/de\/","name":"Juli\u00e9nas Chaintr\u00e9 Vignerons Associ\u00e9s","description":"","alternateName":"Cave de Juli\u00e9nas Chaintr\u00e9","potentialAction":[{"@type":"SearchAction","target":{"@type":"EntryPoint","urlTemplate":"https:\/\/www.julienaschaintre.fr\/de\/?s={search_term_string}"},"query-input":{"@type":"PropertyValueSpecification","valueRequired":true,"valueName":"search_term_string"}}],"inLanguage":"de"}]}},"_links":{"self":[{"href":"https:\/\/www.julienaschaintre.fr\/de\/wp-json\/wp\/v2\/pages\/1318","targetHints":{"allow":["GET"]}}],"collection":[{"href":"https:\/\/www.julienaschaintre.fr\/de\/wp-json\/wp\/v2\/pages"}],"about":[{"href":"https:\/\/www.julienaschaintre.fr\/de\/wp-json\/wp\/v2\/types\/page"}],"author":[{"embeddable":true,"href":"https:\/\/www.julienaschaintre.fr\/de\/wp-json\/wp\/v2\/users\/1"}],"replies":[{"embeddable":true,"href":"https:\/\/www.julienaschaintre.fr\/de\/wp-json\/wp\/v2\/comments?post=1318"}],"version-history":[{"count":17,"href":"https:\/\/www.julienaschaintre.fr\/de\/wp-json\/wp\/v2\/pages\/1318\/revisions"}],"predecessor-version":[{"id":2347,"href":"https:\/\/www.julienaschaintre.fr\/de\/wp-json\/wp\/v2\/pages\/1318\/revisions\/2347"}],"wp:attachment":[{"href":"https:\/\/www.julienaschaintre.fr\/de\/wp-json\/wp\/v2\/media?parent=1318"}],"curies":[{"name":"wp","href":"https:\/\/api.w.org\/{rel}","templated":true}]}}