{"id":1273,"date":"2025-10-30T15:33:54","date_gmt":"2025-10-30T14:33:54","guid":{"rendered":"https:\/\/www.julienaschaintre.fr\/unsere-schoenen-appellationen\/"},"modified":"2026-04-21T10:12:03","modified_gmt":"2026-04-21T08:12:03","slug":"unsere-schoenen-appellationen","status":"publish","type":"page","link":"https:\/\/www.julienaschaintre.fr\/de\/unsere-schoenen-appellationen\/","title":{"rendered":"Unsere sch\u00f6nen Appellationen"},"content":{"rendered":"<div class=\"et_pb_section_0 et_pb_section et_section_regular et_flex_section\">\n<div class=\"et_pb_row_0 et_pb_row et_flex_row et_flex_column_24_24 preset--module--divi-row--default\">\n<div class=\"et_pb_column_0 et_pb_column et_flex_column et_pb_css_mix_blend_mode_passthrough et_flex_column_11_24 et_flex_column_3_5_tablet et_flex_column_24_24_phone et_flex_column_3_5_tabletWide\">\n<div class=\"et_pb_text_0 et_pb_text et_pb_bg_layout_light et_pb_module et_flex_module preset--group--divi-text--divi-font-header--sw0fx4llhn preset--group--divi-text--divi-font-body--default\"><div class=\"et_pb_text_inner\"><h1>Unsere sch\u00f6nen Appellationen<\/h1>\n<\/div><\/div>\n\n<div class=\"et_pb_text_1 et_pb_text et_pb_bg_layout_light et_pb_module et_flex_module preset--group--divi-text--divi-font-body--default\"><div class=\"et_pb_text_inner\"><p>Am Schnittpunkt zweier gro\u00dfer Weinregionen vereint unsere Kellerei engagierte Winzer, die eng mit ihrem Land und ihrem Know-how verbunden sind. Diese privilegierte Lage erm\u00f6glicht es uns, ein umfassendes Sortiment aus dem M\u00e2connais &#038; Beaujolais anzubieten.<br \/>\nEine Vielfalt an Appellationen, die Ihren Gaumen verw\u00f6hnen wird \u2013 ob es sich um frische, fruchtbetonte Weine handelt, um Terroirs und Climats, die die Vielfalt der B\u00f6den voll zum Ausdruck bringen, oder um Premium-Cuv\u00e9es, die wir mit einer mehrmonatigen Reifung auf der Hefe oder im Fass besonders \u201egepflegt\u201c haben. <\/p>\n<p>\u00a0<\/p>\n<\/div><\/div>\n<\/div>\n\n<div class=\"et_pb_column_1 et_pb_column et-last-child et_flex_column et_pb_css_mix_blend_mode_passthrough et_flex_column_13_24 et_flex_column_2_5_tablet et_flex_column_24_24_phone et_flex_column_2_5_tabletWide\">\n<div class=\"et_pb_image_0 et_pb_image et_flex_column_24_24 et_pb_module et_flex_module\"><span class=\"et_pb_image_wrap\"><img loading=\"lazy\" decoding=\"async\" src=\"https:\/\/www.julienaschaintre.fr\/wp-content\/uploads\/Vendanges-blanc-scaled.jpg\" width=\"2560\" height=\"1707\" srcset=\"https:\/\/www.julienaschaintre.fr\/wp-content\/uploads\/Vendanges-blanc-scaled.jpg 2560w, https:\/\/www.julienaschaintre.fr\/wp-content\/uploads\/Vendanges-blanc-1280x854.jpg 1280w, https:\/\/www.julienaschaintre.fr\/wp-content\/uploads\/Vendanges-blanc-980x653.jpg 980w, https:\/\/www.julienaschaintre.fr\/wp-content\/uploads\/Vendanges-blanc-480x320.jpg 480w\" sizes=\"(min-width: 0px) and (max-width: 480px) 480px, (min-width: 481px) and (max-width: 980px) 980px, (min-width: 981px) and (max-width: 1280px) 1280px, (min-width: 1281px) 2560px, 100vw\" class=\"wp-image-1032\" \/><\/span><\/div>\n<\/div>\n<\/div>\n<\/div>\n\n<div class=\"et_pb_section_1 et_pb_section et_section_regular et_flex_section\">\n<div class=\"et_pb_row_1 et_pb_row et_flex_row preset--module--divi-row--default\">\n<div class=\"et_pb_column_2 et_pb_column et-last-child et_flex_column et_pb_css_mix_blend_mode_passthrough et_flex_column_24_24\">\n<div class=\"et_pb_code_0 et_pb_code et_pb_module\"><div class=\"et_pb_code_inner\"><div class=\"gammes-wrapper\"><div class=\"gammes-intro\"><h2><\/h2><a href=\"\" class=\"btn-boutique gammes\"> Online-Shop<\/a><\/div><div class=\"gamme-wrapper\"><div class=\"gamme-item active\" data-gamme=\"Die Authentischen\"><img decoding=\"async\" class=\"gamme-image\" src=\"https:\/\/www.julienaschaintre.fr\/wp-content\/uploads\/Authentiques-hd-1-1-scaled-e1772115247288.png\" alt=\"image gamme Authentische\"><div class=\"gamme-infos\" ><h3><span class=\"sup-text-gamme\">gamme<\/span> Authentische<\/h3><p class=\"p1\">Das historische Sortiment unserer Kellerei: ehrliche, aufrichtige und gro\u00dfz\u00fcgige Weine. Hier ist die Frucht das Schl\u00fcsselwort der Weinbereitung: eine bewusste Entscheidung, um die Pr\u00e4zision und den Respekt vor dem nat\u00fcrlichen Charakter des Chardonnay und des Gamay voll zum Ausdruck zu bringen. <\/p>\n<\/div><\/div><div class=\"gamme-item \" data-gamme=\"Die Climats und Terroirs\"><img decoding=\"async\" class=\"gamme-image\" src=\"https:\/\/www.julienaschaintre.fr\/wp-content\/uploads\/Gamme-climats-terroirs-HD-1-scaled-e1772119971657.png\" alt=\"image gamme Klima und Terroir\"><div class=\"gamme-infos\" ><h3><span class=\"sup-text-gamme\">gamme<\/span> Klima und Terroir<\/h3><p class=\"p1\">Jede Cuv\u00e9e erz\u00e4hlt von einer Parzelle, einer Lage, einer Geschichte. Charaktervolle Weine, die mit Finesse den Reichtum und die Vielfalt unserer B\u00f6den in Burgund und Beaujolais offenbaren. <\/p>\n<\/div><\/div><div class=\"gamme-item \" data-gamme=\"Die Ikonischen\"><img decoding=\"async\" class=\"gamme-image\" src=\"https:\/\/www.julienaschaintre.fr\/wp-content\/uploads\/Gamme-Emblematiques-HD-scaled-e1772118790762.png\" alt=\"image gamme Emblematik\"><div class=\"gamme-infos\" ><h3><span class=\"sup-text-gamme\">gamme<\/span> Emblematik<\/h3><p class=\"p1\">Die Weine stammen aus au\u00dfergew\u00f6hnlichen Parzellen und sind elegant und rassig. Sie wurden mit Pr\u00e4zision hergestellt und ausgebaut, um die Signaturweine unseres Weinkellers zu werden.<\/p>\n<\/div><\/div><div class=\"gamme-item \" data-gamme=\"Terre d\u2019Eden BIO\"><img decoding=\"async\" class=\"gamme-image\" src=\"https:\/\/www.julienaschaintre.fr\/wp-content\/uploads\/gamme-bIO-HD-scaled-e1772120008805.png\" alt=\"image gamme Terre d\u2019Eden BIO\"><div class=\"gamme-infos\" ><h3><span class=\"sup-text-gamme\">gamme<\/span> Terre d\u2019Eden BIO<\/h3><p class=\"p1\"><span class=\"s1\">Unsere Bio-Weine stammen von Weinbergen, die im Einklang mit der Natur bewirtschaftet werden, und spiegeln das Gleichgewicht zwischen Terroir und Umwelt wider.  <\/span><\/p>\n<\/div><\/div><div class=\"gamme-item \" data-gamme=\"Schaumweine und edels\u00fc\u00dfe Weine\"><img decoding=\"async\" class=\"gamme-image\" src=\"https:\/\/www.julienaschaintre.fr\/wp-content\/uploads\/effervescents-HD-scaled-e1772119876375.png\" alt=\"image gamme Sprudelnd und weich\"><div class=\"gamme-infos\" ><h3><span class=\"sup-text-gamme\">gamme<\/span> Sprudelnd und weich<\/h3><p class=\"p1\"><span class=\"s1\">Feine und elegante Bl\u00e4schen, um die Geselligkeit zu feiern! Unsere Schaumweine laden dazu ein, die fr\u00f6hlichen Momente des Lebens zu teilen. <\/span><\/p>\n<\/div><\/div><\/div><\/div><div class=\"gammes-links\"><button class=\"active\"  data-trigger=\"Die Authentischen\">Die Authentischen<\/button><button  data-trigger=\"Die Climats und Terroirs\">Die Climats und Terroirs<\/button><button  data-trigger=\"Die Ikonischen\">Die Ikonischen<\/button><button  data-trigger=\"Terre d\u2019Eden BIO\">Terre d\u2019Eden BIO<\/button><button  data-trigger=\"Schaumweine und edels\u00fc\u00dfe Weine\">Schaumweine und edels\u00fc\u00dfe Weine<\/button><\/div><\/div><\/div>\n<\/div>\n<\/div>\n<\/div>\n\n<div class=\"et_pb_section_2 et_pb_section et_section_regular et_flex_section\">\n<div class=\"et_pb_row_2 et_pb_row et_flex_row preset--module--divi-row--default\">\n<div class=\"et_pb_column_3 et_pb_column et_flex_column et_pb_css_mix_blend_mode_passthrough et_flex_column_24_24\">\n<div class=\"et_pb_text_2 et_pb_text et_pb_bg_layout_light et_pb_module et_flex_module preset--group--divi-text--divi-font-header--546itz4fae preset--group--divi-text--divi-font-body--default\"><div class=\"et_pb_text_inner\"><h2>Der Beaujolais<\/h2>\n<\/div><\/div>\n\n<div class=\"et_pb_text_3 et_pb_text et_pb_bg_layout_light et_pb_module et_flex_module preset--group--divi-text--divi-font-header--546itz4fae preset--group--divi-text--divi-font-body--default\"><div class=\"et_pb_text_inner\" data-et-multi-view-load-phone-hidden=\"true\"><p>Auf den H\u00e4ngen mit ihrer bemerkenswerten Vielfalt an B\u00f6den (Granit, Schiefer, Blaustein&#8230;), die oft steil und der Sonne ausgesetzt sind, findet der Gamay ideale Bedingungen. Das gem\u00e4\u00dfigte Klima und die Bodenbeschaffenheit verleihen den Rotweinen ihre Lebendigkeit, Tiefe und einen einzigartigen aromatischen Reichtum. <\/p>\n<h3>Die Appellationen<\/h3>\n<ul>\n<li>Juli\u00e9nas<\/li>\n<li>Saint-Amour<\/li>\n<li>Ch\u00e9nas<\/li>\n<li>Moulin-\u00e0-Vent<\/li>\n<li>Fleurie<\/li>\n<li>Chiroubles<\/li>\n<li>Morgon<\/li>\n<li>Brouilly<\/li>\n<li>Beaujolais-Villages<\/li>\n<li>Beaujolais-Villages Blanc<\/li>\n<\/ul>\n<\/div><\/div>\n\n<div class=\"et_pb_module et_pb_button_module_wrapper et_pb_button_0_wrapper preset--group--divi-button--divi-button--smeenojnxi_wrapper\"><a class=\"et_pb_button_0 et_pb_button et_pb_bg_layout_light et_pb_module et_flex_module preset--group--divi-button--divi-button--smeenojnxi\" href=\"\">Online-Shop<\/a><\/div>\n<\/div>\n\n<div class=\"et_pb_column_4 et_pb_column et-last-child et_flex_column et_pb_css_mix_blend_mode_passthrough et_flex_column_24_24\">\n<div class=\"et_pb_text_4 et_pb_text et_pb_bg_layout_light et_pb_module et_flex_module preset--group--divi-text--divi-font-header--546itz4fae preset--group--divi-text--divi-font-body--default\"><div class=\"et_pb_text_inner\"><h2>Burgund \/ Mac\u00f4nnais<\/h2>\n<\/div><\/div>\n\n<div class=\"et_pb_text_5 et_pb_text et_pb_bg_layout_light et_pb_module et_flex_module preset--group--divi-text--divi-font-header--546itz4fae preset--group--divi-text--divi-font-body--default\"><div class=\"et_pb_text_inner\" data-et-multi-view-load-phone-hidden=\"true\"><p>Im S\u00fcden Burgunds ist das M\u00e2connais f\u00fcr seine Wei\u00dfweine aus Chardonnay bekannt, der emblematischen Rebsorte der Region. Dank einer Vielfalt von Mikroklimata offenbart er eine bemerkenswerte Typizit\u00e4t, mit Wei\u00dfweinen, die Eleganz, Finesse und Noten von wei\u00dfen Fr\u00fcchten vereinen. <\/p>\n<h3>Die Appellationen<\/h3>\n<ul>\n<li>Pouilly-Fuiss\u00e9 1er Cru<\/li>\n<li>Pouilly-Fuiss\u00e9<\/li>\n<li>M\u00e2con-Chaintr\u00e9<\/li>\n<li>M\u00e2con-Fuiss\u00e9<\/li>\n<li>Saint-V\u00e9ran<\/li>\n<li>Pouilly-Vinzelles<\/li>\n<li>Bourgogne Chardonnay<\/li>\n<li>Cr\u00e9mant de Bourgogne<\/li>\n<\/ul>\n<\/div><\/div>\n\n<div class=\"et_pb_module et_pb_button_module_wrapper et_pb_button_1_wrapper preset--group--divi-button--divi-button--smeenojnxi_wrapper\"><a class=\"et_pb_button_1 et_pb_button et_pb_bg_layout_light et_pb_module et_flex_module preset--group--divi-button--divi-button--smeenojnxi\" href=\"\">Online-Shop<\/a><\/div>\n<\/div>\n<\/div>\n<\/div>\n\n<div class=\"et_pb_section_3 et_pb_section et_section_regular et_flex_section\">\n<div class=\"et_pb_row_3 et_pb_row et_flex_row preset--module--divi-row--default\">\n<div class=\"et_pb_column_5 et_pb_column et-last-child et_flex_column et_pb_css_mix_blend_mode_passthrough et_flex_column_24_24\">\n<div class=\"et_pb_image_1 et_pb_image et_pb_module et_flex_module\"><span class=\"et_pb_image_wrap\"><img loading=\"lazy\" decoding=\"async\" src=\"https:\/\/julienaschaintre.fr\/wp-content\/uploads\/image-section-2.svg\" alt=\"image-section-2\" width=\"319\" height=\"1099\" class=\"wp-image-244\" \/><\/span><\/div>\n<\/div>\n<\/div>\n\n<div class=\"et_pb_row_4 et_pb_row et_flex_row preset--module--divi-row--default\">\n<div class=\"et_pb_column_6 et_pb_column et-last-child et_flex_column et_pb_css_mix_blend_mode_passthrough et_flex_column_24_24\">\n<div class=\"et_pb_code_1 et_pb_code et_pb_module\"><div class=\"et_pb_code_inner\"><p class=\"swiper-error\">Aucune image trouv\u00e9e dans le carrousel.<\/p><\/div><\/div>\n<\/div>\n<\/div>\n<\/div>\n\n<div class=\"et_pb_section_4 et_pb_section et_section_regular et_flex_section\">\n<div class=\"et_pb_row_5 et_pb_row et_flex_row preset--module--divi-row--default\">\n<div class=\"et_pb_column_7 et_pb_column et-last-child et_flex_column et_pb_css_mix_blend_mode_passthrough et_flex_column_24_24\">\n<div class=\"et_pb_group_0 et_pb_group et_pb_module et_flex_group et_pb_css_mix_blend_mode_passthrough\">\n<div class=\"et_pb_text_6 et_pb_text et_pb_bg_layout_light et_pb_module et_flex_module preset--group--divi-text--divi-font-header--jhpz8g7ut0 preset--group--divi-text--divi-font-body--default\"><div class=\"et_pb_text_inner\"><h2 class=\"deco-left\">Unser Qualit\u00e4tsansatz<\/h2>\n<\/div><\/div>\n\n<div class=\"et_pb_text_7 et_pb_text et_pb_bg_layout_light et_pb_module et_flex_module preset--group--divi-text--divi-font-header--jhpz8g7ut0 preset--group--divi-text--divi-font-body--default\"><div class=\"et_pb_text_inner\"><p>Unsere Genossenschaftskellerei war eine der ersten, die mit einem Weinbautechniker zusammenarbeitete und damit ihren Willen bekr\u00e4ftigte, unsere Winzer mit Seriosit\u00e4t und Fachwissen zu begleiten. Heute begleitet Caroline Le Roux, eine anerkannte Technikerin, unsere Genossenschaftsmitglieder bei allen Aspekten der Verwaltung ihrer Weinberge. Ihr Engagement zeigt sich in ihrer st\u00e4ndigen Pr\u00e4senz vor Ort; sie leitet Arbeitsgruppen, dynamisiert und organisiert Schulungen und technische Versammlungen. Sie hat die kollektive Struktur unserer Weinkellerei f\u00fcr das HVE-Label (High Environmental Value) geschaffen.   <\/p>\n<p>\u00a0<\/p>\n<\/div><\/div>\n<\/div>\n\n<div class=\"et_pb_group_1 et_pb_group et-last-child et_pb_module et_flex_group et_pb_css_mix_blend_mode_passthrough\">\n<div class=\"et_pb_group_2 et_pb_group et_pb_module et_pb_css_mix_blend_mode_passthrough\">\n<div class=\"et_pb_text_8 et_pb_text et_pb_bg_layout_light et_pb_module et_flex_module preset--group--divi-text--divi-font-header--vwb9gayrqf preset--group--divi-text--divi-font-body--default\"><div class=\"et_pb_text_inner\"><h3>Respekt f\u00fcr die Reben<\/h3>\n<\/div><\/div>\n\n<div class=\"et_pb_divider_0 et_pb_divider et_pb_space et_pb_divider_position_top et_pb_module\"><div class=\"et_pb_divider_internal\"><\/div><\/div>\n\n<div class=\"et_pb_text_9 et_pb_text et_pb_bg_layout_light et_pb_module et_flex_module preset--group--divi-text--divi-font-header--vwb9gayrqf preset--group--divi-text--divi-font-body--default\"><div class=\"et_pb_text_inner\"><p>Um die Natur und die Biodiversit\u00e4t zu sch\u00fctzen, bevorzugen die Winzer einen Ansatz der durchdachten Bek\u00e4mpfung und greifen je nach Klimadruck sparsam in die Weinberge ein. Caroline Le Roux, unsere Technikerin, engagiert sich an ihrer Seite f\u00fcr einen nachhaltigen Weinbau. Sie begleitet und unterst\u00fctzt sie bei ihren angepassten Praktiken und Ma\u00dfnahmen. <\/p>\n<p>\u00a0<\/p>\n<\/div><\/div>\n<\/div>\n\n<div class=\"et_pb_group_3 et_pb_group et_pb_module et_pb_css_mix_blend_mode_passthrough\">\n<div class=\"et_pb_text_10 et_pb_text et_pb_bg_layout_light et_pb_module et_flex_module preset--group--divi-text--divi-font-header--vwb9gayrqf preset--group--divi-text--divi-font-body--default\"><div class=\"et_pb_text_inner\"><h3>Beherrschung im Weinkeller<\/h3>\n<\/div><\/div>\n\n<div class=\"et_pb_divider_1 et_pb_divider et_pb_space et_pb_divider_position_top et_pb_module\"><div class=\"et_pb_divider_internal\"><\/div><\/div>\n\n<div class=\"et_pb_text_11 et_pb_text et_pb_bg_layout_light et_pb_module et_flex_module preset--group--divi-text--divi-font-header--vwb9gayrqf preset--group--divi-text--divi-font-body--default\"><div class=\"et_pb_text_inner\"><p>Die Enth\u00fcllung der Fr\u00fcchte unserer beiden Rebsorten und die Hervorhebung der Urspr\u00fcnge sind das Schl\u00fcsselwort unseres Weinkellers, der in seiner Arbeitsweise oft als &#8222;kleines Weingut&#8220; bezeichnet wird. Seit fast 10 Jahren vinifizieren wir unsere Rotweine ohne Zusatz von Sulfiten bei der Inkubation und sch\u00fctzen unsere Wei\u00dfweine so weit wie m\u00f6glich durch &#8222;Bio protection&#8220;. Die Inputs werden auf ein Minimum reduziert, um eine optimale aromatische Auspr\u00e4gung zu erreichen.  <\/p>\n<p>\u00a0<\/p>\n<\/div><\/div>\n<\/div>\n\n<div class=\"et_pb_group_4 et_pb_group et-last-child et_pb_module et_pb_css_mix_blend_mode_passthrough\">\n<div class=\"et_pb_text_12 et_pb_text et_pb_bg_layout_light et_pb_module et_flex_module preset--group--divi-text--divi-font-header--vwb9gayrqf preset--group--divi-text--divi-font-body--default\"><div class=\"et_pb_text_inner\"><h3>\u00dcbertragung<\/h3>\n<\/div><\/div>\n\n<div class=\"et_pb_divider_2 et_pb_divider et_pb_space et_pb_divider_position_top et_pb_module\"><div class=\"et_pb_divider_internal\"><\/div><\/div>\n\n<div class=\"et_pb_text_13 et_pb_text et_pb_bg_layout_light et_pb_module et_flex_module preset--group--divi-text--divi-font-header--vwb9gayrqf preset--group--divi-text--divi-font-body--default\"><div class=\"et_pb_text_inner\"><p>Unsere Weine werden sanft mit kontrollierten Eingriffen ausgebaut, um eine m\u00e4\u00dfige Extraktion zu erm\u00f6glichen und weiche und \u00fcppige Tannine f\u00fcr unsere Rotweine und pr\u00e4zise und runde Tannine f\u00fcr unsere Wei\u00dfweine zu erhalten. Ob kurz oder l\u00e4nger, die Mazeration und die Weinbereitung im Allgemeinen bleiben so traditionell wie m\u00f6glich. <\/p>\n<p>\u00a0<\/p>\n<\/div><\/div>\n<\/div>\n<\/div>\n<\/div>\n<\/div>\n\n<div class=\"et_pb_row_6 et_pb_row et_flex_row preset--module--divi-row--default\">\n<div class=\"et_pb_column_8 et_pb_column et-last-child et_flex_column et_pb_css_mix_blend_mode_passthrough et_flex_column_24_24\">\n<div class=\"et_pb_group_5 et_pb_group et_pb_module et_flex_group et_pb_css_mix_blend_mode_passthrough\">\n<div class=\"et_pb_text_14 et_pb_text et_pb_bg_layout_light et_pb_module et_flex_module preset--group--divi-text--divi-font-header--jhpz8g7ut0 preset--group--divi-text--divi-font-body--default\"><div class=\"et_pb_text_inner\"><h2 class=\"deco-left\">Labels<\/h2>\n<\/div><\/div>\n<\/div>\n\n<div class=\"et_pb_group_6 et_pb_group et-last-child et_pb_module et_flex_group et_pb_css_mix_blend_mode_passthrough\">\n<div class=\"et_pb_group_7 et_pb_group et_pb_module et_flex_group et_pb_css_mix_blend_mode_passthrough\">\n<div class=\"et_pb_image_2 et_pb_image et_flex_column_8_24 et_flex_column_24_24_phone et_pb_module et_flex_module\"><span class=\"et_pb_image_wrap\"><img loading=\"lazy\" decoding=\"async\" src=\"https:\/\/www.julienaschaintre.fr\/wp-content\/uploads\/label-environnement.png\" width=\"189\" height=\"189\" srcset=\"https:\/\/www.julienaschaintre.fr\/wp-content\/uploads\/label-environnement.png 189w, https:\/\/www.julienaschaintre.fr\/wp-content\/uploads\/label-environnement-150x150.png 150w\" sizes=\"(max-width: 189px) 100vw, 189px\" class=\"wp-image-206\" \/><\/span><\/div>\n\n<div class=\"et_pb_text_15 et_pb_text et_pb_bg_layout_light et_pb_module et_flex_module et_flex_column_16_24 et_flex_column_24_24_phone preset--group--divi-text--divi-font-header--vwb9gayrqf preset--group--divi-text--divi-font-body--default\"><div class=\"et_pb_text_inner\"><p>  Haute Valeur Environnementale&#8220; ist die Umweltzertifizierung f\u00fcr landwirtschaftliche Betriebe. Diese Auszeichnung ist ein freiwilliger Prozess. <\/p>\n<\/div><\/div>\n<\/div>\n\n<div class=\"et_pb_group_8 et_pb_group et-last-child et_pb_module et_flex_group et_pb_css_mix_blend_mode_passthrough\">\n<div class=\"et_pb_image_3 et_pb_image et_flex_column_8_24 et_flex_column_24_24_phone et_pb_module et_flex_module\"><span class=\"et_pb_image_wrap\"><img loading=\"lazy\" decoding=\"async\" src=\"https:\/\/www.julienaschaintre.fr\/wp-content\/uploads\/label-bio.jpg\" width=\"124\" height=\"186\" sizes=\"(max-width: 124px) 100vw, 124px\" class=\"wp-image-207\" \/><\/span><\/div>\n\n<div class=\"et_pb_text_16 et_pb_text et_pb_bg_layout_light et_pb_module et_flex_module et_flex_column_16_24 et_flex_column_24_24_phone preset--group--divi-text--divi-font-header--vwb9gayrqf preset--group--divi-text--divi-font-body--default\"><div class=\"et_pb_text_inner\"><p>  Der \u00f6kologische Landbau (\u00d6LB) ist ein umfassendes System der landwirtschaftlichen Produktion, das die besten Umweltpraktiken, den Respekt vor der Biodiversit\u00e4t, die Erhaltung der nat\u00fcrlichen Ressourcen und die Anwendung hoher Tierschutzstandards miteinander verbindet.<\/p>\n<\/div><\/div>\n<\/div>\n<\/div>\n<\/div>\n<\/div>\n<\/div>","protected":false},"excerpt":{"rendered":"","protected":false},"author":1,"featured_media":0,"parent":0,"menu_order":0,"comment_status":"closed","ping_status":"closed","template":"","meta":{"_acf_changed":false,"footnotes":""},"class_list":["post-1273","page","type-page","status-publish","hentry"],"acf":[],"dsm_author":{"name":"EcloLINK","avatar_url":"https:\/\/secure.gravatar.com\/avatar\/d7b0f0516c588dc011dbb1eae8f7c0f0c8cd88687bda59590f90bd2bf5e806ca?s=96&d=mm&r=g","archive_link":"https:\/\/www.julienaschaintre.fr\/de\/author\/s7l4d3hoffrdzp\/","biodata":""},"dsm_categories":[],"dsm_attachment_categories":[],"dsm_featured_image":null,"yoast_head":"<!-- This site is optimized with the Yoast SEO plugin v27.1.1 - https:\/\/yoast.com\/product\/yoast-seo-wordpress\/ -->\n<title>Juli\u00e9nas Chaintr\u00e9 Vignerons Associ\u00e9s &#8226; Unsere sch\u00f6nen Appellationen<\/title>\n<meta name=\"robots\" content=\"index, follow, max-snippet:-1, max-image-preview:large, max-video-preview:-1\" \/>\n<link rel=\"canonical\" href=\"https:\/\/www.julienaschaintre.fr\/de\/unsere-schoenen-appellationen\/\" \/>\n<meta property=\"og:locale\" content=\"de_DE\" \/>\n<meta property=\"og:type\" content=\"article\" \/>\n<meta property=\"og:title\" content=\"Juli\u00e9nas Chaintr\u00e9 Vignerons Associ\u00e9s &#8226; Unsere sch\u00f6nen Appellationen\" \/>\n<meta property=\"og:url\" content=\"https:\/\/www.julienaschaintre.fr\/de\/unsere-schoenen-appellationen\/\" \/>\n<meta property=\"og:site_name\" content=\"Juli\u00e9nas Chaintr\u00e9 Vignerons Associ\u00e9s\" \/>\n<meta property=\"article:publisher\" content=\"https:\/\/www.facebook.com\/julienaschaintrevigneronsassocies\" \/>\n<meta property=\"article:modified_time\" content=\"2026-04-21T08:12:03+00:00\" \/>\n<meta name=\"twitter:card\" content=\"summary_large_image\" \/>\n<script type=\"application\/ld+json\" class=\"yoast-schema-graph\">{\"@context\":\"https:\/\/schema.org\",\"@graph\":[{\"@type\":\"WebPage\",\"@id\":\"https:\/\/www.julienaschaintre.fr\/de\/unsere-schoenen-appellationen\/\",\"url\":\"https:\/\/www.julienaschaintre.fr\/de\/unsere-schoenen-appellationen\/\",\"name\":\"Juli\u00e9nas Chaintr\u00e9 Vignerons Associ\u00e9s &#8226; Unsere sch\u00f6nen Appellationen\",\"isPartOf\":{\"@id\":\"https:\/\/www.julienaschaintre.fr\/de\/#website\"},\"datePublished\":\"2025-10-30T14:33:54+00:00\",\"dateModified\":\"2026-04-21T08:12:03+00:00\",\"breadcrumb\":{\"@id\":\"https:\/\/www.julienaschaintre.fr\/de\/unsere-schoenen-appellationen\/#breadcrumb\"},\"inLanguage\":\"de\",\"potentialAction\":[{\"@type\":\"ReadAction\",\"target\":[\"https:\/\/www.julienaschaintre.fr\/de\/unsere-schoenen-appellationen\/\"]}]},{\"@type\":\"BreadcrumbList\",\"@id\":\"https:\/\/www.julienaschaintre.fr\/de\/unsere-schoenen-appellationen\/#breadcrumb\",\"itemListElement\":[{\"@type\":\"ListItem\",\"position\":1,\"name\":\"Home\",\"item\":\"https:\/\/www.julienaschaintre.fr\/de\/\"},{\"@type\":\"ListItem\",\"position\":2,\"name\":\"Unsere sch\u00f6nen Appellationen\"}]},{\"@type\":\"WebSite\",\"@id\":\"https:\/\/www.julienaschaintre.fr\/de\/#website\",\"url\":\"https:\/\/www.julienaschaintre.fr\/de\/\",\"name\":\"Juli\u00e9nas Chaintr\u00e9 Vignerons Associ\u00e9s\",\"description\":\"\",\"alternateName\":\"Cave de Juli\u00e9nas Chaintr\u00e9\",\"potentialAction\":[{\"@type\":\"SearchAction\",\"target\":{\"@type\":\"EntryPoint\",\"urlTemplate\":\"https:\/\/www.julienaschaintre.fr\/de\/?s={search_term_string}\"},\"query-input\":{\"@type\":\"PropertyValueSpecification\",\"valueRequired\":true,\"valueName\":\"search_term_string\"}}],\"inLanguage\":\"de\"}]}<\/script>\n<!-- \/ Yoast SEO plugin. -->","yoast_head_json":{"title":"Juli\u00e9nas Chaintr\u00e9 Vignerons Associ\u00e9s &#8226; Unsere sch\u00f6nen Appellationen","robots":{"index":"index","follow":"follow","max-snippet":"max-snippet:-1","max-image-preview":"max-image-preview:large","max-video-preview":"max-video-preview:-1"},"canonical":"https:\/\/www.julienaschaintre.fr\/de\/unsere-schoenen-appellationen\/","og_locale":"de_DE","og_type":"article","og_title":"Juli\u00e9nas Chaintr\u00e9 Vignerons Associ\u00e9s &#8226; Unsere sch\u00f6nen Appellationen","og_url":"https:\/\/www.julienaschaintre.fr\/de\/unsere-schoenen-appellationen\/","og_site_name":"Juli\u00e9nas Chaintr\u00e9 Vignerons Associ\u00e9s","article_publisher":"https:\/\/www.facebook.com\/julienaschaintrevigneronsassocies","article_modified_time":"2026-04-21T08:12:03+00:00","twitter_card":"summary_large_image","schema":{"@context":"https:\/\/schema.org","@graph":[{"@type":"WebPage","@id":"https:\/\/www.julienaschaintre.fr\/de\/unsere-schoenen-appellationen\/","url":"https:\/\/www.julienaschaintre.fr\/de\/unsere-schoenen-appellationen\/","name":"Juli\u00e9nas Chaintr\u00e9 Vignerons Associ\u00e9s &#8226; Unsere sch\u00f6nen Appellationen","isPartOf":{"@id":"https:\/\/www.julienaschaintre.fr\/de\/#website"},"datePublished":"2025-10-30T14:33:54+00:00","dateModified":"2026-04-21T08:12:03+00:00","breadcrumb":{"@id":"https:\/\/www.julienaschaintre.fr\/de\/unsere-schoenen-appellationen\/#breadcrumb"},"inLanguage":"de","potentialAction":[{"@type":"ReadAction","target":["https:\/\/www.julienaschaintre.fr\/de\/unsere-schoenen-appellationen\/"]}]},{"@type":"BreadcrumbList","@id":"https:\/\/www.julienaschaintre.fr\/de\/unsere-schoenen-appellationen\/#breadcrumb","itemListElement":[{"@type":"ListItem","position":1,"name":"Home","item":"https:\/\/www.julienaschaintre.fr\/de\/"},{"@type":"ListItem","position":2,"name":"Unsere sch\u00f6nen Appellationen"}]},{"@type":"WebSite","@id":"https:\/\/www.julienaschaintre.fr\/de\/#website","url":"https:\/\/www.julienaschaintre.fr\/de\/","name":"Juli\u00e9nas Chaintr\u00e9 Vignerons Associ\u00e9s","description":"","alternateName":"Cave de Juli\u00e9nas Chaintr\u00e9","potentialAction":[{"@type":"SearchAction","target":{"@type":"EntryPoint","urlTemplate":"https:\/\/www.julienaschaintre.fr\/de\/?s={search_term_string}"},"query-input":{"@type":"PropertyValueSpecification","valueRequired":true,"valueName":"search_term_string"}}],"inLanguage":"de"}]}},"_links":{"self":[{"href":"https:\/\/www.julienaschaintre.fr\/de\/wp-json\/wp\/v2\/pages\/1273","targetHints":{"allow":["GET"]}}],"collection":[{"href":"https:\/\/www.julienaschaintre.fr\/de\/wp-json\/wp\/v2\/pages"}],"about":[{"href":"https:\/\/www.julienaschaintre.fr\/de\/wp-json\/wp\/v2\/types\/page"}],"author":[{"embeddable":true,"href":"https:\/\/www.julienaschaintre.fr\/de\/wp-json\/wp\/v2\/users\/1"}],"replies":[{"embeddable":true,"href":"https:\/\/www.julienaschaintre.fr\/de\/wp-json\/wp\/v2\/comments?post=1273"}],"version-history":[{"count":27,"href":"https:\/\/www.julienaschaintre.fr\/de\/wp-json\/wp\/v2\/pages\/1273\/revisions"}],"predecessor-version":[{"id":2319,"href":"https:\/\/www.julienaschaintre.fr\/de\/wp-json\/wp\/v2\/pages\/1273\/revisions\/2319"}],"wp:attachment":[{"href":"https:\/\/www.julienaschaintre.fr\/de\/wp-json\/wp\/v2\/media?parent=1273"}],"curies":[{"name":"wp","href":"https:\/\/api.w.org\/{rel}","templated":true}]}}