{"id":1117,"date":"2025-10-30T16:32:58","date_gmt":"2025-10-30T15:32:58","guid":{"rendered":"https:\/\/www.julienaschaintre.fr\/besuchen-sie-uns\/"},"modified":"2026-04-21T10:15:05","modified_gmt":"2026-04-21T08:15:05","slug":"besuchen-sie-uns","status":"publish","type":"page","link":"https:\/\/www.julienaschaintre.fr\/de\/besuchen-sie-uns\/","title":{"rendered":"Besuchen Sie uns"},"content":{"rendered":"<div class=\"et_pb_section_0 et_pb_section et_section_regular et_flex_section\">\n<div class=\"et_pb_row_0 et_pb_row et_flex_row et_flex_column_24_24 preset--module--divi-row--default\">\n<div class=\"et_pb_column_0 et_pb_column et_flex_column et_pb_css_mix_blend_mode_passthrough et_flex_column_11_24 et_flex_column_3_5_tablet et_flex_column_24_24_phone et_flex_column_3_5_tabletWide\">\n<div class=\"et_pb_text_0 et_pb_text et_pb_bg_layout_light et_pb_module et_flex_module preset--group--divi-text--divi-font-header--sw0fx4llhn preset--group--divi-text--divi-font-body--default\"><div class=\"et_pb_text_inner\"><h1>Besuchen Sie uns<\/h1>\n<\/div><\/div>\n\n<div class=\"et_pb_text_1 et_pb_text et_pb_bg_layout_light et_pb_module et_flex_module preset--group--divi-text--divi-font-body--default\"><div class=\"et_pb_text_inner\"><p>Machen Sie Halt in einem unserer zwei Verkostungs- und Verkaufsr\u00e4ume und entdecken Sie unser Sortiment an Rot-, Wei\u00df-, Ros\u00e9- und Schaumweinen, die alle zur Verkostung bereitstehen. Sie treffen auf unsere Kellermeister, die Sie bei Ihrer Auswahl begleiten und Ihnen eine kompetente Beratung zu den Weinen bieten. <\/p>\n<p>Sie finden hier auch Produkte von lokalen Kunsthandwerkern sowie Zubeh\u00f6r rund um das Thema Wein. Es gibt reichlich M\u00f6glichkeiten, sich selbst eine Freude zu bereiten oder andere mit einer breiten Palette an Geschenkideen zu beschenken. Alle unsere Weine sind selbstverst\u00e4ndlich sowohl in Chaintr\u00e9 als auch in Juli\u00e9nas erh\u00e4ltlich.  <\/p>\n<\/div><\/div>\n<\/div>\n\n<div class=\"et_pb_column_1 et_pb_column et-last-child et_flex_column et_pb_css_mix_blend_mode_passthrough et_flex_column_13_24 et_flex_column_2_5_tablet et_flex_column_24_24_phone et_flex_column_2_5_tabletWide\">\n<div class=\"et_pb_image_0 et_pb_image et_flex_column_24_24 et_pb_module et_flex_module\"><span class=\"et_pb_image_wrap\"><img loading=\"lazy\" decoding=\"async\" src=\"https:\/\/www.julienaschaintre.fr\/wp-content\/uploads\/home-section-1-1.jpg\" width=\"679\" height=\"1021\" srcset=\"https:\/\/www.julienaschaintre.fr\/wp-content\/uploads\/home-section-1-1.jpg 679w, https:\/\/www.julienaschaintre.fr\/wp-content\/uploads\/home-section-1-1-480x722.jpg 480w\" sizes=\"(min-width: 0px) and (max-width: 480px) 480px, (min-width: 481px) 679px, 100vw\" class=\"wp-image-1102\" \/><\/span><\/div>\n<\/div>\n<\/div>\n\n<div class=\"et_pb_row_1 et_pb_row et_flex_row preset--module--divi-row--default\">\n<div class=\"et_pb_column_2 et_pb_column et-last-child et_flex_column et_pb_css_mix_blend_mode_passthrough et_flex_column_24_24\">\n<div class=\"et_pb_image_1 et_pb_image et_pb_module et_flex_module\"><span class=\"et_pb_image_wrap\"><img loading=\"lazy\" decoding=\"async\" src=\"https:\/\/julienaschaintre.fr\/wp-content\/uploads\/image-section-2.svg\" alt=\"image-section-2\" width=\"319\" height=\"1099\" class=\"wp-image-244\" \/><\/span><\/div>\n<\/div>\n<\/div>\n<\/div>\n\n<div class=\"et_pb_section_1 et_pb_section et_section_regular et_flex_section\">\n<div class=\"et_pb_row_2 et_pb_row et_flex_row preset--module--divi-row--default\">\n<div class=\"et_pb_column_3 et_pb_column et_flex_column et_pb_css_mix_blend_mode_passthrough et_flex_column_8_24 et_flex_column_8_24_tablet et_flex_column_24_24_phone et_flex_column_8_24_tabletWide\">\n<div class=\"et_pb_image_2 et_pb_image et_pb_module et_flex_module\"><span class=\"et_pb_image_wrap\"><img loading=\"lazy\" decoding=\"async\" src=\"https:\/\/www.julienaschaintre.fr\/wp-content\/uploads\/map-cave.png\" width=\"564\" height=\"937\" srcset=\"https:\/\/www.julienaschaintre.fr\/wp-content\/uploads\/map-cave.png 564w, https:\/\/www.julienaschaintre.fr\/wp-content\/uploads\/map-cave-480x797.png 480w\" sizes=\"(min-width: 0px) and (max-width: 480px) 480px, (min-width: 481px) 564px, 100vw\" class=\"wp-image-373\" \/><\/span>\n<div class=\"et_pb_text_2 et_pb_text et_pb_bg_layout_light et_pb_module et_flex_module tooltip-accessibility preset--group--divi-text--divi-font-body--default\"><div class=\"et_pb_text_inner\"><p>Barrierefreie Version<\/p>\n<\/div><\/div>\n<\/div>\n<\/div>\n\n<div class=\"et_pb_column_4 et_pb_column et_flex_column et_pb_css_mix_blend_mode_passthrough et_flex_column_8_24 et_flex_column_8_24_tablet et_flex_column_24_24_phone et_flex_column_8_24_tabletWide\">\n<div class=\"et_pb_text_3 et_pb_text et_pb_bg_layout_light et_pb_module et_flex_module preset--group--divi-text--divi-font-header--vwb9gayrqf preset--group--divi-text--divi-font-body--default\"><div class=\"et_pb_text_inner\"><h2>Weinkeller von Juli\u00e9nas<\/h2>\n<\/div><\/div>\n\n<div class=\"et_pb_text_4 et_pb_text et_pb_bg_layout_light et_pb_module et_flex_module preset--group--divi-text--divi-font-header--gu43eib4p2 preset--group--divi-text--divi-font-body--default\"><div class=\"et_pb_text_inner\"><h3>15 min von der Autobahn A6 entfernt,<br \/>\nAusfahrt Belleville<\/h3>\n<h4>\u00d6ffnungszeiten<\/h4>\n<p>\u2013 Montag bis Freitag <span style=\"color: #c18b52\">von<\/span> 9.00 bis 12.00 Uhr und von 14.00 bis 18.00 Uhr.<br \/>\n\u2013 <span style=\"color: #c18b52\">An Wochenenden<\/span> und Feiertagen von 10.00 bis 12.00 Uhr und von 14.00 bis 18.00 Uhr.<br \/>\n\u2013 Geschlossen: 1. Mai, <span style=\"color: #c18b52\">Allerheiligen<\/span>, Weihnachten, Neujahr und die ersten drei Wochenenden im Januar.<\/p>\n<h4>Adresse<\/h4>\n<p>Schloss Bois de la Salle<br \/>\n542 route de la cave<br \/>\n69840 Juli\u00e9nas<br \/>\n04 74 04 41 66<\/p>\n<h4>GPS-Koordinaten<\/h4>\n<p>Breitengrad: 46.234929<br \/>\nL\u00e4nge: 4.700089<\/p>\n<\/div><\/div>\n\n<div class=\"et_pb_module et_pb_button_module_wrapper et_pb_button_0_wrapper preset--group--divi-button--divi-button--default_wrapper\"><a class=\"et_pb_button_0 et_pb_button et_pb_bg_layout_light et_pb_module et_flex_module preset--group--divi-button--divi-button--default\" href=\"mailto:contact@julienaschaintre.fr\" data-icon=\"\uf1d8\">Kontaktieren Sie uns per E-Mail<\/a><\/div>\n<\/div>\n\n<div class=\"et_pb_column_5 et_pb_column et-last-child et_flex_column et_pb_css_mix_blend_mode_passthrough et_flex_column_8_24 et_flex_column_8_24_tablet et_flex_column_24_24_phone et_flex_column_8_24_tabletWide\">\n<div class=\"et_pb_text_5 et_pb_text et_pb_bg_layout_light et_pb_module et_flex_module preset--group--divi-text--divi-font-header--vwb9gayrqf preset--group--divi-text--divi-font-body--default\"><div class=\"et_pb_text_inner\"><h2>Weinkeller von Chaintr\u00e9<\/h2>\n<\/div><\/div>\n\n<div class=\"et_pb_text_6 et_pb_text et_pb_bg_layout_light et_pb_module et_flex_module preset--group--divi-text--divi-font-header--gu43eib4p2 preset--group--divi-text--divi-font-body--default\"><div class=\"et_pb_text_inner\"><h3>2 Minuten von der Ausfahrt Nr. 29 entfernt,<br \/>\nM\u00e2con-Sud<\/h3>\n<h4>\u00d6ffnungszeiten<\/h4>\n<p>\u2013 Montag bis Freitag <span style=\"color: #c18b52\">von<\/span> 9.00 bis 12.00 Uhr und von 14.00 bis 18.00 Uhr.<br \/>\n\u2013 Samstags von 9.30 bis 12.30 Uhr und von 14 bis 18 Uhr.<br \/>\n\u2013 Geschlossen: sonntags und an <span style=\"color: #c18b52\">Feiertagen<\/span>.<br \/>\nAn diesen Tagen Verkauf zum Mitnehmen in der Weinstube &#8222;Le Moulin \u00e0 l&#8217;Or&#8220;.<\/p>\n<h4>Adresse<\/h4>\n<p>Le Clos Reyssier<br \/>\n180 route de Juli\u00e9nas<br \/>\n71570 Chaintr\u00e9<br \/>\n03 85 35 61 61<\/p>\n<h4>GPS-Koordinaten<\/h4>\n<p>Breitengrad: 46.263169<br \/>\nL\u00e4nge: 4.769089<\/p>\n<\/div><\/div>\n<\/div>\n<\/div>\n\n<div class=\"et_pb_row_3 et_pb_row et_flex_row preset--module--divi-row--default\">\n<div class=\"et_pb_column_6 et_pb_column et-last-child et_flex_column et_pb_css_mix_blend_mode_passthrough et_flex_column_24_24\">\n<div class=\"et_pb_divider_0 et_pb_divider et_pb_space et_pb_divider_position_top et_pb_module\"><div class=\"et_pb_divider_internal\"><\/div><\/div>\n<\/div>\n<\/div>\n\n<div class=\"et_pb_row_4 et_pb_row et_flex_row preset--module--divi-row--default\">\n<div class=\"et_pb_column_7 et_pb_column et_flex_column et_pb_css_mix_blend_mode_passthrough et_flex_column_12_24 et_flex_column_12_24_tablet et_flex_column_24_24_phone et_flex_column_12_24_tabletWide\">\n<div class=\"et_pb_image_3 et_pb_image et_pb_module et_flex_module\"><span class=\"et_pb_image_wrap\"><img loading=\"lazy\" decoding=\"async\" src=\"https:\/\/www.julienaschaintre.fr\/wp-content\/uploads\/logo-moulin-dor-1.jpg\" width=\"570\" height=\"590\" srcset=\"https:\/\/www.julienaschaintre.fr\/wp-content\/uploads\/logo-moulin-dor-1.jpg 570w, https:\/\/www.julienaschaintre.fr\/wp-content\/uploads\/logo-moulin-dor-1-480x497.jpg 480w\" sizes=\"(min-width: 0px) and (max-width: 480px) 480px, (min-width: 481px) 570px, 100vw\" class=\"wp-image-390\" \/><\/span><\/div>\n<\/div>\n\n<div class=\"et_pb_column_8 et_pb_column et-last-child et_flex_column et_pb_css_mix_blend_mode_passthrough et_flex_column_12_24 et_flex_column_12_24_tablet et_flex_column_24_24_phone et_flex_column_12_24_tabletWide\">\n<div class=\"et_pb_text_7 et_pb_text et_pb_bg_layout_light et_pb_module et_flex_module preset--group--divi-text--divi-font-header--vwb9gayrqf preset--group--divi-text--divi-font-body--default\"><div class=\"et_pb_text_inner\"><h2>Weinstube  <\/h2>\n<\/div><\/div>\n\n<div class=\"et_pb_text_8 et_pb_text et_pb_bg_layout_light et_pb_module et_flex_module preset--group--divi-text--divi-font-header--gu43eib4p2 preset--group--divi-text--divi-font-body--default\"><div class=\"et_pb_text_inner\"><h3>2 Minuten von der Ausfahrt Nr. 29 entfernt,<br \/>\nM\u00e2con-Sud<\/h3>\n<h4>\u00d6ffnungszeiten<\/h4>\n<p>\u2013 Donnerstags von 11:00 bis 13:00 Uhr und von 16:30 bis 20:00 Uhr<br \/>\n\u2013 Freitags bis samstags von 11:00 bis 13:00 Uhr und von 16:30 bis 21:00 Uhr<br \/>\n\u2013 Sonntags von 11:00 bis 13:00 Uhr und von 15:30 bis 20:00 Uhr<br \/>\n\u2013 Ruhetage: Montag, Dienstag, Mittwoch.<br \/>\nAn Feiertagen ge\u00f6ffnet, wenn diese zwischen Donnerstag und Sonntag liegen.<br \/>\nGeschlossen am 1. Mai, Weihnachten, Neujahr.<\/p>\n<h4>Adresse<\/h4>\n<p>181 route de Juli\u00e9nas (gegen\u00fcber der Cave de Chaintr\u00e9)<br \/>\n71570 Chaintr\u00e9<br \/>\n03 85 37 86 13<\/p>\n<h3>GPS-Koordinaten<\/h3>\n<p>Breitengrad: 46.263169<br \/>\nL\u00e4nge: 4.769089<\/p>\n<\/div><\/div>\n<\/div>\n<\/div>\n<\/div>","protected":false},"excerpt":{"rendered":"","protected":false},"author":1,"featured_media":0,"parent":0,"menu_order":0,"comment_status":"closed","ping_status":"closed","template":"","meta":{"_acf_changed":false,"footnotes":""},"class_list":["post-1117","page","type-page","status-publish","hentry"],"acf":[],"dsm_author":{"name":"EcloLINK","avatar_url":"https:\/\/secure.gravatar.com\/avatar\/d7b0f0516c588dc011dbb1eae8f7c0f0c8cd88687bda59590f90bd2bf5e806ca?s=96&d=mm&r=g","archive_link":"https:\/\/www.julienaschaintre.fr\/de\/author\/s7l4d3hoffrdzp\/","biodata":""},"dsm_categories":[],"dsm_attachment_categories":[],"dsm_featured_image":null,"yoast_head":"<!-- This site is optimized with the Yoast SEO plugin v27.1.1 - https:\/\/yoast.com\/product\/yoast-seo-wordpress\/ -->\n<title>Juli\u00e9nas Chaintr\u00e9 Vignerons Associ\u00e9s &#8226; Besuchen Sie uns<\/title>\n<meta name=\"robots\" content=\"index, follow, max-snippet:-1, max-image-preview:large, max-video-preview:-1\" \/>\n<link rel=\"canonical\" href=\"https:\/\/www.julienaschaintre.fr\/de\/besuchen-sie-uns\/\" \/>\n<meta property=\"og:locale\" content=\"de_DE\" \/>\n<meta property=\"og:type\" content=\"article\" \/>\n<meta property=\"og:title\" content=\"Juli\u00e9nas Chaintr\u00e9 Vignerons Associ\u00e9s &#8226; Besuchen Sie uns\" \/>\n<meta property=\"og:url\" content=\"https:\/\/www.julienaschaintre.fr\/de\/besuchen-sie-uns\/\" \/>\n<meta property=\"og:site_name\" content=\"Juli\u00e9nas Chaintr\u00e9 Vignerons Associ\u00e9s\" \/>\n<meta property=\"article:publisher\" content=\"https:\/\/www.facebook.com\/julienaschaintrevigneronsassocies\" \/>\n<meta property=\"article:modified_time\" content=\"2026-04-21T08:15:05+00:00\" \/>\n<meta name=\"twitter:card\" content=\"summary_large_image\" \/>\n<script type=\"application\/ld+json\" class=\"yoast-schema-graph\">{\"@context\":\"https:\/\/schema.org\",\"@graph\":[{\"@type\":\"WebPage\",\"@id\":\"https:\/\/www.julienaschaintre.fr\/de\/besuchen-sie-uns\/\",\"url\":\"https:\/\/www.julienaschaintre.fr\/de\/besuchen-sie-uns\/\",\"name\":\"Juli\u00e9nas Chaintr\u00e9 Vignerons Associ\u00e9s &#8226; Besuchen Sie uns\",\"isPartOf\":{\"@id\":\"https:\/\/www.julienaschaintre.fr\/de\/#website\"},\"datePublished\":\"2025-10-30T15:32:58+00:00\",\"dateModified\":\"2026-04-21T08:15:05+00:00\",\"breadcrumb\":{\"@id\":\"https:\/\/www.julienaschaintre.fr\/de\/besuchen-sie-uns\/#breadcrumb\"},\"inLanguage\":\"de\",\"potentialAction\":[{\"@type\":\"ReadAction\",\"target\":[\"https:\/\/www.julienaschaintre.fr\/de\/besuchen-sie-uns\/\"]}]},{\"@type\":\"BreadcrumbList\",\"@id\":\"https:\/\/www.julienaschaintre.fr\/de\/besuchen-sie-uns\/#breadcrumb\",\"itemListElement\":[{\"@type\":\"ListItem\",\"position\":1,\"name\":\"Home\",\"item\":\"https:\/\/www.julienaschaintre.fr\/de\/\"},{\"@type\":\"ListItem\",\"position\":2,\"name\":\"Besuchen Sie uns\"}]},{\"@type\":\"WebSite\",\"@id\":\"https:\/\/www.julienaschaintre.fr\/de\/#website\",\"url\":\"https:\/\/www.julienaschaintre.fr\/de\/\",\"name\":\"Juli\u00e9nas Chaintr\u00e9 Vignerons Associ\u00e9s\",\"description\":\"\",\"alternateName\":\"Cave de Juli\u00e9nas Chaintr\u00e9\",\"potentialAction\":[{\"@type\":\"SearchAction\",\"target\":{\"@type\":\"EntryPoint\",\"urlTemplate\":\"https:\/\/www.julienaschaintre.fr\/de\/?s={search_term_string}\"},\"query-input\":{\"@type\":\"PropertyValueSpecification\",\"valueRequired\":true,\"valueName\":\"search_term_string\"}}],\"inLanguage\":\"de\"}]}<\/script>\n<!-- \/ Yoast SEO plugin. -->","yoast_head_json":{"title":"Juli\u00e9nas Chaintr\u00e9 Vignerons Associ\u00e9s &#8226; Besuchen Sie uns","robots":{"index":"index","follow":"follow","max-snippet":"max-snippet:-1","max-image-preview":"max-image-preview:large","max-video-preview":"max-video-preview:-1"},"canonical":"https:\/\/www.julienaschaintre.fr\/de\/besuchen-sie-uns\/","og_locale":"de_DE","og_type":"article","og_title":"Juli\u00e9nas Chaintr\u00e9 Vignerons Associ\u00e9s &#8226; Besuchen Sie uns","og_url":"https:\/\/www.julienaschaintre.fr\/de\/besuchen-sie-uns\/","og_site_name":"Juli\u00e9nas Chaintr\u00e9 Vignerons Associ\u00e9s","article_publisher":"https:\/\/www.facebook.com\/julienaschaintrevigneronsassocies","article_modified_time":"2026-04-21T08:15:05+00:00","twitter_card":"summary_large_image","schema":{"@context":"https:\/\/schema.org","@graph":[{"@type":"WebPage","@id":"https:\/\/www.julienaschaintre.fr\/de\/besuchen-sie-uns\/","url":"https:\/\/www.julienaschaintre.fr\/de\/besuchen-sie-uns\/","name":"Juli\u00e9nas Chaintr\u00e9 Vignerons Associ\u00e9s &#8226; Besuchen Sie uns","isPartOf":{"@id":"https:\/\/www.julienaschaintre.fr\/de\/#website"},"datePublished":"2025-10-30T15:32:58+00:00","dateModified":"2026-04-21T08:15:05+00:00","breadcrumb":{"@id":"https:\/\/www.julienaschaintre.fr\/de\/besuchen-sie-uns\/#breadcrumb"},"inLanguage":"de","potentialAction":[{"@type":"ReadAction","target":["https:\/\/www.julienaschaintre.fr\/de\/besuchen-sie-uns\/"]}]},{"@type":"BreadcrumbList","@id":"https:\/\/www.julienaschaintre.fr\/de\/besuchen-sie-uns\/#breadcrumb","itemListElement":[{"@type":"ListItem","position":1,"name":"Home","item":"https:\/\/www.julienaschaintre.fr\/de\/"},{"@type":"ListItem","position":2,"name":"Besuchen Sie uns"}]},{"@type":"WebSite","@id":"https:\/\/www.julienaschaintre.fr\/de\/#website","url":"https:\/\/www.julienaschaintre.fr\/de\/","name":"Juli\u00e9nas Chaintr\u00e9 Vignerons Associ\u00e9s","description":"","alternateName":"Cave de Juli\u00e9nas Chaintr\u00e9","potentialAction":[{"@type":"SearchAction","target":{"@type":"EntryPoint","urlTemplate":"https:\/\/www.julienaschaintre.fr\/de\/?s={search_term_string}"},"query-input":{"@type":"PropertyValueSpecification","valueRequired":true,"valueName":"search_term_string"}}],"inLanguage":"de"}]}},"_links":{"self":[{"href":"https:\/\/www.julienaschaintre.fr\/de\/wp-json\/wp\/v2\/pages\/1117","targetHints":{"allow":["GET"]}}],"collection":[{"href":"https:\/\/www.julienaschaintre.fr\/de\/wp-json\/wp\/v2\/pages"}],"about":[{"href":"https:\/\/www.julienaschaintre.fr\/de\/wp-json\/wp\/v2\/types\/page"}],"author":[{"embeddable":true,"href":"https:\/\/www.julienaschaintre.fr\/de\/wp-json\/wp\/v2\/users\/1"}],"replies":[{"embeddable":true,"href":"https:\/\/www.julienaschaintre.fr\/de\/wp-json\/wp\/v2\/comments?post=1117"}],"version-history":[{"count":20,"href":"https:\/\/www.julienaschaintre.fr\/de\/wp-json\/wp\/v2\/pages\/1117\/revisions"}],"predecessor-version":[{"id":2325,"href":"https:\/\/www.julienaschaintre.fr\/de\/wp-json\/wp\/v2\/pages\/1117\/revisions\/2325"}],"wp:attachment":[{"href":"https:\/\/www.julienaschaintre.fr\/de\/wp-json\/wp\/v2\/media?parent=1117"}],"curies":[{"name":"wp","href":"https:\/\/api.w.org\/{rel}","templated":true}]}}